{"id":8215,"date":"2022-01-07T18:00:53","date_gmt":"2022-01-07T17:00:53","guid":{"rendered":"https:\/\/pharos.sk\/?page_id=8215"},"modified":"2022-01-20T10:36:45","modified_gmt":"2022-01-20T09:36:45","slug":"ce-certifikaty","status":"publish","type":"page","link":"https:\/\/pharos.sk\/it\/ce-certifikaty\/","title":{"rendered":"Certificati CE"},"content":{"rendered":"<div class=\"vc_row wpb_row vc_row-fluid\"><div class=\"wpb_column vc_column_container vc_col-sm-8\"><div class=\"vc_column-inner\"><div class=\"wpb_wrapper\">\n\t<div class=\"wpb_text_column wpb_content_element\" >\n\t\t<div class=\"wpb_wrapper\">\n\t\t\t<p>La nostra Societ\u00e0 media in collaborazione con una societ\u00e0 partner, che \u00e8 un organismo notificato e autorizzato per la valutazione della conformit\u00e0 delle imbarcazioni da diporto secondo la Direttiva Europea 94\/25\/CE, quindi ha il diritto di &quot;rilasciare&quot; la marcatura CE a tutti i tipi di imbarcazioni da diporto da 2,5 m a 24 m , moto d&#039;acqua, imbarcazioni parzialmente allestite, loro parti quali motori entrobordo o fuoribordo, serbatoi e manichette carburante, timonerie e tombini e finestre prefabbricati.<\/p>\n\n\t\t<\/div>\n\t<\/div>\n<\/div><\/div><\/div><div class=\"wpb_column vc_column_container vc_col-sm-4\"><div class=\"vc_column-inner\"><div class=\"wpb_wrapper\"><\/div><\/div><\/div><\/div>","protected":false},"excerpt":{"rendered":"La nostra Societ\u00e0 media in collaborazione con una societ\u00e0 partner, che \u00e8 un organismo notificato e autorizzato per la valutazione della conformit\u00e0 delle imbarcazioni da diporto secondo la Direttiva Europea 94\/25\/CE, quindi ha il diritto di &quot;rilasciare&quot; la marcatura CE a tutti i tipi di imbarcazioni da diporto da 2,5 m a 24 m , moto d&#039;acqua, imbarcazioni parzialmente allestite, loro parti quali motori entrobordo o fuoribordo, serbatoi e manichette carburante, timonerie e tombini e finestre prefabbricati.","protected":false},"author":1,"featured_media":0,"parent":0,"menu_order":0,"comment_status":"closed","ping_status":"closed","template":"page-templates\/full-width.php","meta":[],"_links":{"self":[{"href":"https:\/\/pharos.sk\/it\/wp-json\/wp\/v2\/pages\/8215"}],"collection":[{"href":"https:\/\/pharos.sk\/it\/wp-json\/wp\/v2\/pages"}],"about":[{"href":"https:\/\/pharos.sk\/it\/wp-json\/wp\/v2\/types\/page"}],"author":[{"embeddable":true,"href":"https:\/\/pharos.sk\/it\/wp-json\/wp\/v2\/users\/1"}],"replies":[{"embeddable":true,"href":"https:\/\/pharos.sk\/it\/wp-json\/wp\/v2\/comments?post=8215"}],"version-history":[{"count":0,"href":"https:\/\/pharos.sk\/it\/wp-json\/wp\/v2\/pages\/8215\/revisions"}],"wp:attachment":[{"href":"https:\/\/pharos.sk\/it\/wp-json\/wp\/v2\/media?parent=8215"}],"curies":[{"name":"wp","href":"https:\/\/api.w.org\/{rel}","templated":true}]}}