{"id":8096,"date":"2021-12-09T02:42:26","date_gmt":"2021-12-09T01:42:26","guid":{"rendered":"https:\/\/pharos.sk\/?page_id=8096"},"modified":"2022-01-07T16:11:32","modified_gmt":"2022-01-07T15:11:32","slug":"poistenie-clnov","status":"publish","type":"page","link":"https:\/\/pharos.sk\/it\/poistenie-clnov\/","title":{"rendered":"Assicurazione barca"},"content":{"rendered":"<div class=\"vc_row wpb_row vc_row-fluid\"><div class=\"wpb_column vc_column_container vc_col-sm-8\"><div class=\"vc_column-inner\"><div class=\"wpb_wrapper\">\n\t<div class=\"wpb_text_column wpb_content_element\" >\n\t\t<div class=\"wpb_wrapper\">\n\t\t\t<p>La societ\u00e0 PHAROS sro fornir\u00e0 la pi\u00f9 vantaggiosa assicurazione contro gli infortuni e l&#039;assicurazione contrattuale obbligatoria di barche a motore e yacht, scooter e barche a vela.<\/p>\n\n\t\t<\/div>\n\t<\/div>\n<\/div><\/div><\/div><div class=\"wpb_column vc_column_container vc_col-sm-4\"><div class=\"vc_column-inner\"><div class=\"wpb_wrapper\"><\/div><\/div><\/div><\/div>","protected":false},"excerpt":{"rendered":"La societ\u00e0 PHAROS sro fornir\u00e0 la pi\u00f9 vantaggiosa assicurazione contro gli infortuni e l&#039;assicurazione contrattuale obbligatoria di barche a motore e yacht, scooter e barche a vela.","protected":false},"author":1,"featured_media":8097,"parent":0,"menu_order":0,"comment_status":"closed","ping_status":"closed","template":"page-templates\/full-width.php","meta":[],"_links":{"self":[{"href":"https:\/\/pharos.sk\/it\/wp-json\/wp\/v2\/pages\/8096"}],"collection":[{"href":"https:\/\/pharos.sk\/it\/wp-json\/wp\/v2\/pages"}],"about":[{"href":"https:\/\/pharos.sk\/it\/wp-json\/wp\/v2\/types\/page"}],"author":[{"embeddable":true,"href":"https:\/\/pharos.sk\/it\/wp-json\/wp\/v2\/users\/1"}],"replies":[{"embeddable":true,"href":"https:\/\/pharos.sk\/it\/wp-json\/wp\/v2\/comments?post=8096"}],"version-history":[{"count":0,"href":"https:\/\/pharos.sk\/it\/wp-json\/wp\/v2\/pages\/8096\/revisions"}],"wp:featuredmedia":[{"embeddable":true,"href":"https:\/\/pharos.sk\/it\/wp-json\/wp\/v2\/media\/8097"}],"wp:attachment":[{"href":"https:\/\/pharos.sk\/it\/wp-json\/wp\/v2\/media?parent=8096"}],"curies":[{"name":"wp","href":"https:\/\/api.w.org\/{rel}","templated":true}]}}