{"id":8059,"date":"2021-12-09T01:54:09","date_gmt":"2021-12-09T00:54:09","guid":{"rendered":"https:\/\/pharos.sk\/?page_id=8059"},"modified":"2022-01-20T10:27:25","modified_gmt":"2022-01-20T09:27:25","slug":"oleje-a-lubrikanty","status":"publish","type":"page","link":"https:\/\/pharos.sk\/it\/oleje-a-lubrikanty\/","title":{"rendered":"Oli e lubrificanti"},"content":{"rendered":"<div class=\"vc_row wpb_row vc_row-fluid\"><div class=\"wpb_column vc_column_container vc_col-sm-6\"><div class=\"vc_column-inner\"><div class=\"wpb_wrapper\">\n\t<div class=\"wpb_text_column wpb_content_element\" >\n\t\t<div class=\"wpb_wrapper\">\n\t\t\t<p>La societ\u00e0 PHAROS sro offre in vendita oli e lubrificanti di prima classe del marchio QUICKSILVER, per la protezione dei vostri motori fuoribordo e integrati. Poich\u00e9 il tuo motore merita la migliore cura possibile e utilizzando l&#039;equipaggiamento protettivo giusto e di alta qualit\u00e0, funzioner\u00e0 in modo pi\u00f9 fluido, pulito e letteralmente senza problemi con una manutenzione regolare.<\/p>\n<p>Quicksilver ha lo strumento giusto per ogni tipo di motore e parte. Per motori da incasso e fuoribordo offriamo:<\/p>\n<ul>\n<li>oli fuoribordo<\/li>\n<li>oli per motori 2 - 4 tempi<\/li>\n<li>oli per motori diesel e benzina da incasso<\/li>\n<li>additivi per il sistema di alimentazione<\/li>\n<li>oli per trasmissioni<\/li>\n<li>lubrificanti anticorrosivi<\/li>\n<li>refrigeranti<\/li>\n<\/ul>\n<p>Se sei interessato, non esitare a contattarci e ti consiglieremo e sceglieremo l&#039;equipaggiamento di protezione pi\u00f9 adatto al tuo motore.<\/p>\n\n\t\t<\/div>\n\t<\/div>\n<\/div><\/div><\/div><div class=\"wpb_column vc_column_container vc_col-sm-6\"><div class=\"vc_column-inner\"><div class=\"wpb_wrapper\"><div class=\"wpb_gallery wpb_content_element vc_clearfix\" ><div class=\"wpb_wrapper\"><div class=\"wpb_gallery_slides wpb_image_grid\" data-interval=\"3\"><ul class=\"wpb_image_grid_ul\"><li class=\"isotope-item\"><a class=\"\" href=\"https:\/\/pharos.sk\/wp-content\/uploads\/2022\/01\/QsEngCare_Intro2-750x500-1.jpg\" data-lightbox=\"lightbox[rel-8059-3548710650]\"><img width=\"150\" height=\"150\" src=\"https:\/\/pharos.sk\/wp-content\/uploads\/2022\/01\/QsEngCare_Intro2-750x500-1-150x150.jpg\" class=\"attachment-thumbnail\" alt=\"\" loading=\"lazy\" title=\"QsEngCare_Intro2 750x500\" srcset=\"https:\/\/pharos.sk\/wp-content\/uploads\/2022\/01\/QsEngCare_Intro2-750x500-1-150x150.jpg 150w, https:\/\/pharos.sk\/wp-content\/uploads\/2022\/01\/QsEngCare_Intro2-750x500-1-24x24.jpg 24w, https:\/\/pharos.sk\/wp-content\/uploads\/2022\/01\/QsEngCare_Intro2-750x500-1-48x48.jpg 48w, https:\/\/pharos.sk\/wp-content\/uploads\/2022\/01\/QsEngCare_Intro2-750x500-1-96x96.jpg 96w, https:\/\/pharos.sk\/wp-content\/uploads\/2022\/01\/QsEngCare_Intro2-750x500-1-300x300.jpg 300w, https:\/\/pharos.sk\/wp-content\/uploads\/2022\/01\/QsEngCare_Intro2-750x500-1-200x200.jpg 200w, https:\/\/pharos.sk\/wp-content\/uploads\/2022\/01\/QsEngCare_Intro2-750x500-1-70x70.jpg 70w, https:\/\/pharos.sk\/wp-content\/uploads\/2022\/01\/QsEngCare_Intro2-750x500-1-290x290.jpg 290w\" sizes=\"(max-width: 150px) 100vw, 150px\" \/><\/a><\/li><li class=\"isotope-item\"><a class=\"\" href=\"https:\/\/pharos.sk\/wp-content\/uploads\/2021\/12\/81ysdzJiXdL._AC_SL1500_-1-1024x594.jpg\" data-lightbox=\"lightbox[rel-8059-3548710650]\"><img width=\"150\" height=\"150\" src=\"https:\/\/pharos.sk\/wp-content\/uploads\/2021\/12\/81ysdzJiXdL._AC_SL1500_-1-150x150.jpg\" class=\"attachment-thumbnail\" alt=\"\" loading=\"lazy\" title=\"81ysdzJiXdL._AC_SL1500_\" srcset=\"https:\/\/pharos.sk\/wp-content\/uploads\/2021\/12\/81ysdzJiXdL._AC_SL1500_-1-150x150.jpg 150w, https:\/\/pharos.sk\/wp-content\/uploads\/2021\/12\/81ysdzJiXdL._AC_SL1500_-1-24x24.jpg 24w, https:\/\/pharos.sk\/wp-content\/uploads\/2021\/12\/81ysdzJiXdL._AC_SL1500_-1-48x48.jpg 48w, https:\/\/pharos.sk\/wp-content\/uploads\/2021\/12\/81ysdzJiXdL._AC_SL1500_-1-96x96.jpg 96w, https:\/\/pharos.sk\/wp-content\/uploads\/2021\/12\/81ysdzJiXdL._AC_SL1500_-1-300x300.jpg 300w, https:\/\/pharos.sk\/wp-content\/uploads\/2021\/12\/81ysdzJiXdL._AC_SL1500_-1-200x200.jpg 200w, https:\/\/pharos.sk\/wp-content\/uploads\/2021\/12\/81ysdzJiXdL._AC_SL1500_-1-70x70.jpg 70w, https:\/\/pharos.sk\/wp-content\/uploads\/2021\/12\/81ysdzJiXdL._AC_SL1500_-1-290x290.jpg 290w\" sizes=\"(max-width: 150px) 100vw, 150px\" \/><\/a><\/li><li class=\"isotope-item\"><a class=\"\" href=\"https:\/\/pharos.sk\/wp-content\/uploads\/2021\/12\/312332_1.jpg\" data-lightbox=\"lightbox[rel-8059-3548710650]\"><img width=\"150\" height=\"150\" src=\"https:\/\/pharos.sk\/wp-content\/uploads\/2021\/12\/312332_1-150x150.jpg\" class=\"attachment-thumbnail\" alt=\"\" loading=\"lazy\" title=\"312332_1\" srcset=\"https:\/\/pharos.sk\/wp-content\/uploads\/2021\/12\/312332_1-150x150.jpg 150w, https:\/\/pharos.sk\/wp-content\/uploads\/2021\/12\/312332_1-300x300.jpg 300w, https:\/\/pharos.sk\/wp-content\/uploads\/2021\/12\/312332_1-768x768.jpg 768w, https:\/\/pharos.sk\/wp-content\/uploads\/2021\/12\/312332_1-24x24.jpg 24w, https:\/\/pharos.sk\/wp-content\/uploads\/2021\/12\/312332_1-48x48.jpg 48w, https:\/\/pharos.sk\/wp-content\/uploads\/2021\/12\/312332_1-96x96.jpg 96w, https:\/\/pharos.sk\/wp-content\/uploads\/2021\/12\/312332_1-200x200.jpg 200w, https:\/\/pharos.sk\/wp-content\/uploads\/2021\/12\/312332_1-70x70.jpg 70w, https:\/\/pharos.sk\/wp-content\/uploads\/2021\/12\/312332_1-125x125.jpg 125w, https:\/\/pharos.sk\/wp-content\/uploads\/2021\/12\/312332_1-290x290.jpg 290w, https:\/\/pharos.sk\/wp-content\/uploads\/2021\/12\/312332_1.jpg 1000w\" sizes=\"(max-width: 150px) 100vw, 150px\" \/><\/a><\/li><li class=\"isotope-item\"><a class=\"\" href=\"https:\/\/pharos.sk\/wp-content\/uploads\/2021\/12\/db9fab86.jpg\" data-lightbox=\"lightbox[rel-8059-3548710650]\"><img width=\"150\" height=\"150\" src=\"https:\/\/pharos.sk\/wp-content\/uploads\/2021\/12\/db9fab86-150x150.jpg\" class=\"attachment-thumbnail\" alt=\"\" loading=\"lazy\" title=\"db9fab86\" srcset=\"https:\/\/pharos.sk\/wp-content\/uploads\/2021\/12\/db9fab86-150x150.jpg 150w, https:\/\/pharos.sk\/wp-content\/uploads\/2021\/12\/db9fab86-24x24.jpg 24w, https:\/\/pharos.sk\/wp-content\/uploads\/2021\/12\/db9fab86-48x48.jpg 48w, https:\/\/pharos.sk\/wp-content\/uploads\/2021\/12\/db9fab86-96x96.jpg 96w, https:\/\/pharos.sk\/wp-content\/uploads\/2021\/12\/db9fab86-280x280.jpg 280w, https:\/\/pharos.sk\/wp-content\/uploads\/2021\/12\/db9fab86-200x200.jpg 200w, https:\/\/pharos.sk\/wp-content\/uploads\/2021\/12\/db9fab86-70x70.jpg 70w\" sizes=\"(max-width: 150px) 100vw, 150px\" \/><\/a><\/li><li class=\"isotope-item\"><a class=\"\" href=\"https:\/\/pharos.sk\/wp-content\/uploads\/2021\/12\/lubrikant.jpg\" data-lightbox=\"lightbox[rel-8059-3548710650]\"><img width=\"150\" height=\"150\" src=\"https:\/\/pharos.sk\/wp-content\/uploads\/2021\/12\/lubrikant-150x150.jpg\" class=\"attachment-thumbnail\" alt=\"\" loading=\"lazy\" title=\"lubrificante\" srcset=\"https:\/\/pharos.sk\/wp-content\/uploads\/2021\/12\/lubrikant-150x150.jpg 150w, https:\/\/pharos.sk\/wp-content\/uploads\/2021\/12\/lubrikant-300x300.jpg 300w, https:\/\/pharos.sk\/wp-content\/uploads\/2021\/12\/lubrikant-24x24.jpg 24w, https:\/\/pharos.sk\/wp-content\/uploads\/2021\/12\/lubrikant-48x48.jpg 48w, https:\/\/pharos.sk\/wp-content\/uploads\/2021\/12\/lubrikant-96x96.jpg 96w, https:\/\/pharos.sk\/wp-content\/uploads\/2021\/12\/lubrikant-200x200.jpg 200w, https:\/\/pharos.sk\/wp-content\/uploads\/2021\/12\/lubrikant-70x70.jpg 70w, https:\/\/pharos.sk\/wp-content\/uploads\/2021\/12\/lubrikant-125x125.jpg 125w, https:\/\/pharos.sk\/wp-content\/uploads\/2021\/12\/lubrikant-290x290.jpg 290w, https:\/\/pharos.sk\/wp-content\/uploads\/2021\/12\/lubrikant.jpg 700w\" sizes=\"(max-width: 150px) 100vw, 150px\" \/><\/a><\/li><\/ul><\/div><\/div><\/div><\/div><\/div><\/div><\/div>","protected":false},"excerpt":{"rendered":"La societ\u00e0 PHAROS sro offre in vendita oli e lubrificanti di prima classe del marchio QUICKSILVER, per la protezione dei vostri motori fuoribordo e integrati. Poich\u00e9 il tuo motore merita la migliore cura possibile e utilizzando l&#039;equipaggiamento protettivo giusto e di alta qualit\u00e0, funzioner\u00e0 in modo pi\u00f9 fluido, pulito e letteralmente senza problemi con una manutenzione regolare. Quicksilver ha lo strumento giusto per ogni tipo di motore e parte. Per motori da incasso e fuoribordo offriamo: oli per motori fuoribordo oli per motori 2 - 4 tempi oli per motori diesel e benzina integrati additivi per sistemi di alimentazione oli per trasmissioni lubrificanti anticorrosione refrigeranti In caso di vostro interesse non esitate a contattarci noi e noi sapremo consigliarvi e scegliere i mezzi di protezione pi\u00f9 adatti al vostro motore.","protected":false},"author":1,"featured_media":0,"parent":0,"menu_order":0,"comment_status":"closed","ping_status":"closed","template":"page-templates\/full-width.php","meta":[],"_links":{"self":[{"href":"https:\/\/pharos.sk\/it\/wp-json\/wp\/v2\/pages\/8059"}],"collection":[{"href":"https:\/\/pharos.sk\/it\/wp-json\/wp\/v2\/pages"}],"about":[{"href":"https:\/\/pharos.sk\/it\/wp-json\/wp\/v2\/types\/page"}],"author":[{"embeddable":true,"href":"https:\/\/pharos.sk\/it\/wp-json\/wp\/v2\/users\/1"}],"replies":[{"embeddable":true,"href":"https:\/\/pharos.sk\/it\/wp-json\/wp\/v2\/comments?post=8059"}],"version-history":[{"count":0,"href":"https:\/\/pharos.sk\/it\/wp-json\/wp\/v2\/pages\/8059\/revisions"}],"wp:attachment":[{"href":"https:\/\/pharos.sk\/it\/wp-json\/wp\/v2\/media?parent=8059"}],"curies":[{"name":"wp","href":"https:\/\/api.w.org\/{rel}","templated":true}]}}