{"id":8324,"date":"2022-01-12T16:28:51","date_gmt":"2022-01-12T15:28:51","guid":{"rendered":"https:\/\/pharos.sk\/?page_id=8324"},"modified":"2022-02-03T20:13:31","modified_gmt":"2022-02-03T19:13:31","slug":"quicksilver-inflatable","status":"publish","type":"page","link":"https:\/\/pharos.sk\/hu\/quicksilver-inflatable\/","title":{"rendered":"Quicksilver felf\u00fajhat\u00f3"},"content":{"rendered":"<div class=\"vc_row wpb_row vc_row-fluid\"><div class=\"wpb_column vc_column_container vc_col-sm-12\"><div class=\"vc_column-inner\"><div class=\"wpb_wrapper\">\n\t<div class=\"wpb_text_column wpb_content_element\" >\n\t\t<div class=\"wpb_wrapper\">\n\t\t\t<h5>Quicksilver felf\u00fajhat\u00f3 cs\u00f3nakok<\/h5>\n\n\t\t<\/div>\n\t<\/div>\n<\/div><\/div><\/div><\/div><div class=\"vc_row wpb_row vc_row-fluid\"><div class=\"wpb_column vc_column_container vc_col-sm-6\"><div class=\"vc_column-inner\"><div class=\"wpb_wrapper\">\n\t<div class=\"wpb_text_column wpb_content_element\" >\n\t\t<div class=\"wpb_wrapper\">\n\t\t\t<p>A Quicksilver felf\u00fajhat\u00f3 cs\u00f3nakok nem csak cs\u00f3nakok, hanem t\u00f6k\u00e9letes v\u00e1laszt\u00e1st jelentenek, ha hordozhat\u00f3 \u00e9s megfizethet\u0151 sz\u00f3rakoz\u00e1sra v\u00e1gyik. A legt\u00f6bb Quicksilver felf\u00fajhat\u00f3 gyorsan \u00f6ssze- \u00e9s \u00f6sszeszerelhet\u0151, hordozhat\u00f3s\u00e1guknak \u00e9s k\u00f6nny\u0171 fel\u00e9p\u00edt\u00e9s\u00fcknek k\u00f6sz\u00f6nhet\u0151en pedig k\u00f6nnyen elf\u00e9r egy aut\u00f3 csomagtart\u00f3j\u00e1ban vagy egy haj\u00f3n l\u00e9v\u0151 szekr\u00e9nyben.<br \/>\nAk\u00e1r parti haj\u00f3ra, ak\u00e1r k\u00f6nny\u0171, f\u00fcrge \u00e9s megfizethet\u0151 cs\u00f3nakra van sz\u00fcks\u00e9ge csal\u00e1di kir\u00e1ndul\u00e1sokhoz a tavon vagy a tengerparton, a Quicksilver felf\u00fajhat\u00f3 cs\u00f3nakok a megfelel\u0151 v\u00e1laszt\u00e1s. A k\u00fcl\u00f6nf\u00e9le m\u00e9retek, padl\u00f3k \u00e9s haj\u00f3test-kialak\u00edt\u00e1sok r\u00e9v\u00e9n biztosan megtal\u00e1lja azt, amelyik b\u00e1rmilyen felhaszn\u00e1l\u00e1sra t\u00f6k\u00e9letes.<\/p>\n\n\t\t<\/div>\n\t<\/div>\n<div class=\"btn-wrap\"><a href=\"https:\/\/www.quicksilver-inflatables.com\/\"  target=\"_blank\"  class=\"btn  btn-xs btn-default color-hover-main   vc_custom_1643901541275\" id=\"like_sc_button_387432363\">Tov\u00e1bbi inform\u00e1ci\u00f3: quicksilver-inflatables.com<\/a><\/div><div class=\"vc_empty_space\"   style=\"height: 32px\"><span class=\"vc_empty_space_inner\"><\/span><\/div><div class=\"wpb_gallery wpb_content_element vc_clearfix\" ><div class=\"wpb_wrapper\"><div class=\"wpb_gallery_slides wpb_image_grid\" data-interval=\"3\"><ul class=\"wpb_image_grid_ul\"><li class=\"isotope-item\"><a class=\"\" href=\"https:\/\/pharos.sk\/wp-content\/uploads\/2021\/12\/1nafukovaci-cln-mercury.jpg\" data-lightbox=\"lightbox[rel-8324-3023284474]\"><img width=\"150\" height=\"150\" src=\"https:\/\/pharos.sk\/wp-content\/uploads\/2021\/12\/1nafukovaci-cln-mercury-150x150.jpg\" class=\"attachment-thumbnail\" alt=\"\" loading=\"lazy\" title=\"1nafukovaci-cln-higany\" srcset=\"https:\/\/pharos.sk\/wp-content\/uploads\/2021\/12\/1nafukovaci-cln-mercury-150x150.jpg 150w, https:\/\/pharos.sk\/wp-content\/uploads\/2021\/12\/1nafukovaci-cln-mercury-24x24.jpg 24w, https:\/\/pharos.sk\/wp-content\/uploads\/2021\/12\/1nafukovaci-cln-mercury-48x48.jpg 48w, https:\/\/pharos.sk\/wp-content\/uploads\/2021\/12\/1nafukovaci-cln-mercury-96x96.jpg 96w, https:\/\/pharos.sk\/wp-content\/uploads\/2021\/12\/1nafukovaci-cln-mercury-300x300.jpg 300w, https:\/\/pharos.sk\/wp-content\/uploads\/2021\/12\/1nafukovaci-cln-mercury-200x200.jpg 200w, https:\/\/pharos.sk\/wp-content\/uploads\/2021\/12\/1nafukovaci-cln-mercury-70x70.jpg 70w, https:\/\/pharos.sk\/wp-content\/uploads\/2021\/12\/1nafukovaci-cln-mercury-290x290.jpg 290w\" sizes=\"(max-width: 150px) 100vw, 150px\" \/><\/a><\/li><li class=\"isotope-item\"><a class=\"\" href=\"https:\/\/pharos.sk\/wp-content\/uploads\/2018\/12\/dynamic270_pvc_global_6.png__1000x750_q85_autocrop_size_canvas_subsampling-2_upscale.png\" data-lightbox=\"lightbox[rel-8324-3023284474]\"><img width=\"150\" height=\"150\" src=\"https:\/\/pharos.sk\/wp-content\/uploads\/2018\/12\/dynamic270_pvc_global_6.png__1000x750_q85_autocrop_size_canvas_subsampling-2_upscale-150x150.png\" class=\"attachment-thumbnail\" alt=\"\" loading=\"lazy\" title=\"dynamic270_pvc_global_6.png__1000x750_q85_autocrop_size_canvas_subsampling-2_upscale\" srcset=\"https:\/\/pharos.sk\/wp-content\/uploads\/2018\/12\/dynamic270_pvc_global_6.png__1000x750_q85_autocrop_size_canvas_subsampling-2_upscale-150x150.png 150w, https:\/\/pharos.sk\/wp-content\/uploads\/2018\/12\/dynamic270_pvc_global_6.png__1000x750_q85_autocrop_size_canvas_subsampling-2_upscale-24x24.png 24w, https:\/\/pharos.sk\/wp-content\/uploads\/2018\/12\/dynamic270_pvc_global_6.png__1000x750_q85_autocrop_size_canvas_subsampling-2_upscale-48x48.png 48w, https:\/\/pharos.sk\/wp-content\/uploads\/2018\/12\/dynamic270_pvc_global_6.png__1000x750_q85_autocrop_size_canvas_subsampling-2_upscale-96x96.png 96w, https:\/\/pharos.sk\/wp-content\/uploads\/2018\/12\/dynamic270_pvc_global_6.png__1000x750_q85_autocrop_size_canvas_subsampling-2_upscale-300x300.png 300w, https:\/\/pharos.sk\/wp-content\/uploads\/2018\/12\/dynamic270_pvc_global_6.png__1000x750_q85_autocrop_size_canvas_subsampling-2_upscale-200x200.png 200w, https:\/\/pharos.sk\/wp-content\/uploads\/2018\/12\/dynamic270_pvc_global_6.png__1000x750_q85_autocrop_size_canvas_subsampling-2_upscale-70x70.png 70w, https:\/\/pharos.sk\/wp-content\/uploads\/2018\/12\/dynamic270_pvc_global_6.png__1000x750_q85_autocrop_size_canvas_subsampling-2_upscale-290x290.png 290w\" sizes=\"(max-width: 150px) 100vw, 150px\" \/><\/a><\/li><li class=\"isotope-item\"><a class=\"\" href=\"https:\/\/pharos.sk\/wp-content\/uploads\/2018\/12\/462482-831a1433cc7976d6c7418d0570c64f54-x-3706264-aedd169c8f4dcfbb218d4ba0c22bba7f-1024x682.jpg\" data-lightbox=\"lightbox[rel-8324-3023284474]\"><img width=\"150\" height=\"150\" src=\"https:\/\/pharos.sk\/wp-content\/uploads\/2018\/12\/462482-831a1433cc7976d6c7418d0570c64f54-x-3706264-aedd169c8f4dcfbb218d4ba0c22bba7f-150x150.jpg\" class=\"attachment-thumbnail\" alt=\"\" loading=\"lazy\" title=\"462482-831a1433cc7976d6c7418d0570c64f54-x-3706264-aedd169c8f4dcfbb218d4ba0c22bba7f\" srcset=\"https:\/\/pharos.sk\/wp-content\/uploads\/2018\/12\/462482-831a1433cc7976d6c7418d0570c64f54-x-3706264-aedd169c8f4dcfbb218d4ba0c22bba7f-150x150.jpg 150w, https:\/\/pharos.sk\/wp-content\/uploads\/2018\/12\/462482-831a1433cc7976d6c7418d0570c64f54-x-3706264-aedd169c8f4dcfbb218d4ba0c22bba7f-24x24.jpg 24w, https:\/\/pharos.sk\/wp-content\/uploads\/2018\/12\/462482-831a1433cc7976d6c7418d0570c64f54-x-3706264-aedd169c8f4dcfbb218d4ba0c22bba7f-48x48.jpg 48w, https:\/\/pharos.sk\/wp-content\/uploads\/2018\/12\/462482-831a1433cc7976d6c7418d0570c64f54-x-3706264-aedd169c8f4dcfbb218d4ba0c22bba7f-96x96.jpg 96w, https:\/\/pharos.sk\/wp-content\/uploads\/2018\/12\/462482-831a1433cc7976d6c7418d0570c64f54-x-3706264-aedd169c8f4dcfbb218d4ba0c22bba7f-300x300.jpg 300w, https:\/\/pharos.sk\/wp-content\/uploads\/2018\/12\/462482-831a1433cc7976d6c7418d0570c64f54-x-3706264-aedd169c8f4dcfbb218d4ba0c22bba7f-200x200.jpg 200w, https:\/\/pharos.sk\/wp-content\/uploads\/2018\/12\/462482-831a1433cc7976d6c7418d0570c64f54-x-3706264-aedd169c8f4dcfbb218d4ba0c22bba7f-70x70.jpg 70w, https:\/\/pharos.sk\/wp-content\/uploads\/2018\/12\/462482-831a1433cc7976d6c7418d0570c64f54-x-3706264-aedd169c8f4dcfbb218d4ba0c22bba7f-290x290.jpg 290w\" sizes=\"(max-width: 150px) 100vw, 150px\" \/><\/a><\/li><li class=\"isotope-item\"><a class=\"\" href=\"https:\/\/pharos.sk\/wp-content\/uploads\/2018\/12\/462482-8fffc3b8a48cb04ac585d546ba15d9c8-x-3706263-dc4db5703f725437d3ae733f592e6c76.jpg\" data-lightbox=\"lightbox[rel-8324-3023284474]\"><img width=\"150\" height=\"150\" src=\"https:\/\/pharos.sk\/wp-content\/uploads\/2018\/12\/462482-8fffc3b8a48cb04ac585d546ba15d9c8-x-3706263-dc4db5703f725437d3ae733f592e6c76-150x150.jpg\" class=\"attachment-thumbnail\" alt=\"\" loading=\"lazy\" title=\"462482-8fffc3b8a48cb04ac585d546ba15d9c8-x-3706263-dc4db5703f725437d3ae733f592e6c76\" srcset=\"https:\/\/pharos.sk\/wp-content\/uploads\/2018\/12\/462482-8fffc3b8a48cb04ac585d546ba15d9c8-x-3706263-dc4db5703f725437d3ae733f592e6c76-150x150.jpg 150w, https:\/\/pharos.sk\/wp-content\/uploads\/2018\/12\/462482-8fffc3b8a48cb04ac585d546ba15d9c8-x-3706263-dc4db5703f725437d3ae733f592e6c76-24x24.jpg 24w, https:\/\/pharos.sk\/wp-content\/uploads\/2018\/12\/462482-8fffc3b8a48cb04ac585d546ba15d9c8-x-3706263-dc4db5703f725437d3ae733f592e6c76-48x48.jpg 48w, https:\/\/pharos.sk\/wp-content\/uploads\/2018\/12\/462482-8fffc3b8a48cb04ac585d546ba15d9c8-x-3706263-dc4db5703f725437d3ae733f592e6c76-96x96.jpg 96w, https:\/\/pharos.sk\/wp-content\/uploads\/2018\/12\/462482-8fffc3b8a48cb04ac585d546ba15d9c8-x-3706263-dc4db5703f725437d3ae733f592e6c76-300x300.jpg 300w, https:\/\/pharos.sk\/wp-content\/uploads\/2018\/12\/462482-8fffc3b8a48cb04ac585d546ba15d9c8-x-3706263-dc4db5703f725437d3ae733f592e6c76-200x200.jpg 200w, https:\/\/pharos.sk\/wp-content\/uploads\/2018\/12\/462482-8fffc3b8a48cb04ac585d546ba15d9c8-x-3706263-dc4db5703f725437d3ae733f592e6c76-70x70.jpg 70w, https:\/\/pharos.sk\/wp-content\/uploads\/2018\/12\/462482-8fffc3b8a48cb04ac585d546ba15d9c8-x-3706263-dc4db5703f725437d3ae733f592e6c76-290x290.jpg 290w\" sizes=\"(max-width: 150px) 100vw, 150px\" \/><\/a><\/li><li class=\"isotope-item\"><a class=\"\" href=\"https:\/\/pharos.sk\/wp-content\/uploads\/2018\/12\/462482-5e1937164f9cf3ae17637f42587484c1-x-3706265-e1a1b6fd69d4f020db4b1a52ffcc9bd9.jpg\" data-lightbox=\"lightbox[rel-8324-3023284474]\"><img width=\"150\" height=\"150\" src=\"https:\/\/pharos.sk\/wp-content\/uploads\/2018\/12\/462482-5e1937164f9cf3ae17637f42587484c1-x-3706265-e1a1b6fd69d4f020db4b1a52ffcc9bd9-150x150.jpg\" class=\"attachment-thumbnail\" alt=\"\" loading=\"lazy\" title=\"462482-5e1937164f9cf3ae17637f42587484c1-x-3706265-e1a1b6fd69d4f020db4b1a52ffcc9bd9\" srcset=\"https:\/\/pharos.sk\/wp-content\/uploads\/2018\/12\/462482-5e1937164f9cf3ae17637f42587484c1-x-3706265-e1a1b6fd69d4f020db4b1a52ffcc9bd9-150x150.jpg 150w, https:\/\/pharos.sk\/wp-content\/uploads\/2018\/12\/462482-5e1937164f9cf3ae17637f42587484c1-x-3706265-e1a1b6fd69d4f020db4b1a52ffcc9bd9-24x24.jpg 24w, https:\/\/pharos.sk\/wp-content\/uploads\/2018\/12\/462482-5e1937164f9cf3ae17637f42587484c1-x-3706265-e1a1b6fd69d4f020db4b1a52ffcc9bd9-48x48.jpg 48w, https:\/\/pharos.sk\/wp-content\/uploads\/2018\/12\/462482-5e1937164f9cf3ae17637f42587484c1-x-3706265-e1a1b6fd69d4f020db4b1a52ffcc9bd9-96x96.jpg 96w, https:\/\/pharos.sk\/wp-content\/uploads\/2018\/12\/462482-5e1937164f9cf3ae17637f42587484c1-x-3706265-e1a1b6fd69d4f020db4b1a52ffcc9bd9-300x300.jpg 300w, https:\/\/pharos.sk\/wp-content\/uploads\/2018\/12\/462482-5e1937164f9cf3ae17637f42587484c1-x-3706265-e1a1b6fd69d4f020db4b1a52ffcc9bd9-200x200.jpg 200w, https:\/\/pharos.sk\/wp-content\/uploads\/2018\/12\/462482-5e1937164f9cf3ae17637f42587484c1-x-3706265-e1a1b6fd69d4f020db4b1a52ffcc9bd9-70x70.jpg 70w, https:\/\/pharos.sk\/wp-content\/uploads\/2018\/12\/462482-5e1937164f9cf3ae17637f42587484c1-x-3706265-e1a1b6fd69d4f020db4b1a52ffcc9bd9-290x290.jpg 290w\" sizes=\"(max-width: 150px) 100vw, 150px\" \/><\/a><\/li><li class=\"isotope-item\"><a class=\"\" href=\"https:\/\/pharos.sk\/wp-content\/uploads\/2018\/12\/motorove-clny.jpg\" data-lightbox=\"lightbox[rel-8324-3023284474]\"><img width=\"150\" height=\"150\" src=\"https:\/\/pharos.sk\/wp-content\/uploads\/2018\/12\/motorove-clny-150x150.jpg\" class=\"attachment-thumbnail\" alt=\"Nafukovacie \u010dlny\" loading=\"lazy\" title=\"motor-clny\" srcset=\"https:\/\/pharos.sk\/wp-content\/uploads\/2018\/12\/motorove-clny-150x150.jpg 150w, https:\/\/pharos.sk\/wp-content\/uploads\/2018\/12\/motorove-clny-24x24.jpg 24w, https:\/\/pharos.sk\/wp-content\/uploads\/2018\/12\/motorove-clny-48x48.jpg 48w, https:\/\/pharos.sk\/wp-content\/uploads\/2018\/12\/motorove-clny-96x96.jpg 96w, https:\/\/pharos.sk\/wp-content\/uploads\/2018\/12\/motorove-clny-300x300.jpg 300w, https:\/\/pharos.sk\/wp-content\/uploads\/2018\/12\/motorove-clny-200x200.jpg 200w, https:\/\/pharos.sk\/wp-content\/uploads\/2018\/12\/motorove-clny-70x70.jpg 70w, https:\/\/pharos.sk\/wp-content\/uploads\/2018\/12\/motorove-clny-290x290.jpg 290w\" sizes=\"(max-width: 150px) 100vw, 150px\" \/><\/a><\/li><\/ul><\/div><\/div><\/div>\n\t<div class=\"wpb_text_column wpb_content_element\" >\n\t\t<div class=\"wpb_wrapper\">\n\t\t\t\n\t\t<\/div>\n\t<\/div>\n<\/div><\/div><\/div><div class=\"wpb_column vc_column_container vc_col-sm-6\"><div class=\"vc_column-inner\"><div class=\"wpb_wrapper\">\n\t<div class=\"wpb_video_widget wpb_content_element vc_clearfix   vc_video-aspect-ratio-169 vc_video-el-width-100 vc_video-align-left\" >\n\t\t<div class=\"wpb_wrapper\">\n\t\t\t\n\t\t\t<div class=\"wpb_video_wrapper\"><iframe title=\"Quicksilver Inflatables 365 Sport Heavy Duty\" width=\"500\" height=\"281\" src=\"https:\/\/www.youtube.com\/embed\/zHL_m27JBRc?feature=oembed\" frameborder=\"0\" allow=\"accelerometer; autoplay; clipboard-write; encrypted-media; gyroscope; picture-in-picture\" allowfullscreen><\/iframe><\/div>\n\t\t<\/div>\n\t<\/div>\n<\/div><\/div><\/div><\/div>","protected":false},"excerpt":{"rendered":"Quicksilver felf\u00fajhat\u00f3 cs\u00f3nakok A Quicksilver felf\u00fajhat\u00f3 cs\u00f3nakok nem csup\u00e1n cs\u00f3nakok, hanem t\u00f6k\u00e9letes v\u00e1laszt\u00e1st jelentenek, ha hordozhat\u00f3 \u00e9s megfizethet\u0151 sz\u00f3rakoz\u00e1sra v\u00e1gyik. A legt\u00f6bb Quicksilver felf\u00fajhat\u00f3 gyorsan \u00f6ssze- \u00e9s \u00f6sszeszerelhet\u0151, hordozhat\u00f3s\u00e1guknak \u00e9s k\u00f6nny\u0171 fel\u00e9p\u00edt\u00e9s\u00fcknek k\u00f6sz\u00f6nhet\u0151en pedig k\u00f6nnyen elf\u00e9r egy aut\u00f3 csomagtart\u00f3j\u00e1ban vagy egy haj\u00f3n l\u00e9v\u0151 szekr\u00e9nyben. Ak\u00e1r parti haj\u00f3ra, ak\u00e1r k\u00f6nny\u0171, f\u00fcrge \u00e9s megfizethet\u0151 cs\u00f3nakra van sz\u00fcks\u00e9ge csal\u00e1di kir\u00e1ndul\u00e1sokhoz a tavon vagy a tengerparton, a Quicksilver felf\u00fajhat\u00f3 cs\u00f3nakok a megfelel\u0151 v\u00e1laszt\u00e1s. A k\u00fcl\u00f6nf\u00e9le m\u00e9retek, padl\u00f3k \u00e9s haj\u00f3test-kialak\u00edt\u00e1sok r\u00e9v\u00e9n biztosan megtal\u00e1lja azt, amelyik b\u00e1rmilyen felhaszn\u00e1l\u00e1sra t\u00f6k\u00e9letes. Tov\u00e1bbi inform\u00e1ci\u00f3: quicksilver-inflatables.com","protected":false},"author":1,"featured_media":0,"parent":0,"menu_order":0,"comment_status":"closed","ping_status":"closed","template":"page-templates\/full-width.php","meta":[],"_links":{"self":[{"href":"https:\/\/pharos.sk\/hu\/wp-json\/wp\/v2\/pages\/8324"}],"collection":[{"href":"https:\/\/pharos.sk\/hu\/wp-json\/wp\/v2\/pages"}],"about":[{"href":"https:\/\/pharos.sk\/hu\/wp-json\/wp\/v2\/types\/page"}],"author":[{"embeddable":true,"href":"https:\/\/pharos.sk\/hu\/wp-json\/wp\/v2\/users\/1"}],"replies":[{"embeddable":true,"href":"https:\/\/pharos.sk\/hu\/wp-json\/wp\/v2\/comments?post=8324"}],"version-history":[{"count":6,"href":"https:\/\/pharos.sk\/hu\/wp-json\/wp\/v2\/pages\/8324\/revisions"}],"predecessor-version":[{"id":8417,"href":"https:\/\/pharos.sk\/hu\/wp-json\/wp\/v2\/pages\/8324\/revisions\/8417"}],"wp:attachment":[{"href":"https:\/\/pharos.sk\/hu\/wp-json\/wp\/v2\/media?parent=8324"}],"curies":[{"name":"wp","href":"https:\/\/api.w.org\/{rel}","templated":true}]}}