{"id":8302,"date":"2022-01-11T15:33:31","date_gmt":"2022-01-11T14:33:31","guid":{"rendered":"https:\/\/pharos.sk\/?page_id=8302"},"modified":"2022-01-12T13:20:57","modified_gmt":"2022-01-12T12:20:57","slug":"predaj-lodnych-privesnych-vozikov","status":"publish","type":"page","link":"https:\/\/pharos.sk\/hu\/predaj-lodnych-privesnych-vozikov\/","title":{"rendered":"Cs\u00f3nak ut\u00e1nfut\u00f3k \u00e9rt\u00e9kes\u00edt\u00e9se"},"content":{"rendered":"<div class=\"vc_row wpb_row vc_row-fluid\"><div class=\"wpb_column vc_column_container vc_col-sm-12\"><div class=\"vc_column-inner\"><div class=\"wpb_wrapper\">\n\t<div class=\"wpb_text_column wpb_content_element\" >\n\t\t<div class=\"wpb_wrapper\">\n\t\t\t<p>C\u00e9g\u00fcnk haj\u00f3s sorozatgy\u00e1rt\u00e1s\u00fa p\u00f3tkocsik, valamint egyedi p\u00f3tkocsik \u00e9rt\u00e9kes\u00edt\u00e9s\u00e9vel foglalkozik. Haszn\u00e1lja ki tapasztalatainkat, sz\u00edvesen seg\u00edt\u00fcnk \u00e9s tan\u00e1csot adunk a v\u00e1laszt\u00e1sban.<\/p>\n\n\t\t<\/div>\n\t<\/div>\n<\/div><\/div><\/div><\/div>","protected":false},"excerpt":{"rendered":"C\u00e9g\u00fcnk haj\u00f3s sorozatgy\u00e1rt\u00e1s\u00fa p\u00f3tkocsik, valamint egyedi p\u00f3tkocsik \u00e9rt\u00e9kes\u00edt\u00e9s\u00e9vel foglalkozik. Haszn\u00e1lja ki tapasztalatainkat, sz\u00edvesen seg\u00edt\u00fcnk \u00e9s tan\u00e1csot adunk a v\u00e1laszt\u00e1sban.","protected":false},"author":1,"featured_media":8300,"parent":0,"menu_order":0,"comment_status":"closed","ping_status":"closed","template":"page-templates\/full-width.php","meta":[],"_links":{"self":[{"href":"https:\/\/pharos.sk\/hu\/wp-json\/wp\/v2\/pages\/8302"}],"collection":[{"href":"https:\/\/pharos.sk\/hu\/wp-json\/wp\/v2\/pages"}],"about":[{"href":"https:\/\/pharos.sk\/hu\/wp-json\/wp\/v2\/types\/page"}],"author":[{"embeddable":true,"href":"https:\/\/pharos.sk\/hu\/wp-json\/wp\/v2\/users\/1"}],"replies":[{"embeddable":true,"href":"https:\/\/pharos.sk\/hu\/wp-json\/wp\/v2\/comments?post=8302"}],"version-history":[{"count":0,"href":"https:\/\/pharos.sk\/hu\/wp-json\/wp\/v2\/pages\/8302\/revisions"}],"wp:featuredmedia":[{"embeddable":true,"href":"https:\/\/pharos.sk\/hu\/wp-json\/wp\/v2\/media\/8300"}],"wp:attachment":[{"href":"https:\/\/pharos.sk\/hu\/wp-json\/wp\/v2\/media?parent=8302"}],"curies":[{"name":"wp","href":"https:\/\/api.w.org\/{rel}","templated":true}]}}