{"id":8105,"date":"2021-12-09T02:49:42","date_gmt":"2021-12-09T01:49:42","guid":{"rendered":"https:\/\/pharos.sk\/?page_id=8105"},"modified":"2022-01-27T12:41:40","modified_gmt":"2022-01-27T11:41:40","slug":"preprava-plavidiel","status":"publish","type":"page","link":"https:\/\/pharos.sk\/hu\/preprava-plavidiel\/","title":{"rendered":"Haj\u00f3sz\u00e1ll\u00edt\u00e1s"},"content":{"rendered":"<div class=\"vc_row wpb_row vc_row-fluid\"><div class=\"wpb_column vc_column_container vc_col-sm-12\"><div class=\"vc_column-inner\"><div class=\"wpb_wrapper\">\n\t<div class=\"wpb_text_column wpb_content_element\" >\n\t\t<div class=\"wpb_wrapper\">\n\t\t\t<p>Megszervezz\u00fck a haj\u00f3 sz\u00e1ll\u00edt\u00e1s\u00e1t az \u00d6n ig\u00e9nyei szerint.<\/p>\n<p>.<\/p>\n\n\t\t<\/div>\n\t<\/div>\n<\/div><\/div><\/div><\/div>","protected":false},"excerpt":{"rendered":"Megszervezz\u00fck a haj\u00f3 sz\u00e1ll\u00edt\u00e1s\u00e1t az \u00d6n ig\u00e9nyei szerint. .","protected":false},"author":1,"featured_media":8103,"parent":0,"menu_order":0,"comment_status":"closed","ping_status":"closed","template":"page-templates\/full-width.php","meta":[],"_links":{"self":[{"href":"https:\/\/pharos.sk\/hu\/wp-json\/wp\/v2\/pages\/8105"}],"collection":[{"href":"https:\/\/pharos.sk\/hu\/wp-json\/wp\/v2\/pages"}],"about":[{"href":"https:\/\/pharos.sk\/hu\/wp-json\/wp\/v2\/types\/page"}],"author":[{"embeddable":true,"href":"https:\/\/pharos.sk\/hu\/wp-json\/wp\/v2\/users\/1"}],"replies":[{"embeddable":true,"href":"https:\/\/pharos.sk\/hu\/wp-json\/wp\/v2\/comments?post=8105"}],"version-history":[{"count":2,"href":"https:\/\/pharos.sk\/hu\/wp-json\/wp\/v2\/pages\/8105\/revisions"}],"predecessor-version":[{"id":8402,"href":"https:\/\/pharos.sk\/hu\/wp-json\/wp\/v2\/pages\/8105\/revisions\/8402"}],"wp:featuredmedia":[{"embeddable":true,"href":"https:\/\/pharos.sk\/hu\/wp-json\/wp\/v2\/media\/8103"}],"wp:attachment":[{"href":"https:\/\/pharos.sk\/hu\/wp-json\/wp\/v2\/media?parent=8105"}],"curies":[{"name":"wp","href":"https:\/\/api.w.org\/{rel}","templated":true}]}}