{"id":8092,"date":"2021-12-09T02:46:09","date_gmt":"2021-12-09T01:46:09","guid":{"rendered":"https:\/\/pharos.sk\/?page_id=8092"},"modified":"2022-01-27T12:39:25","modified_gmt":"2022-01-27T11:39:25","slug":"doplnkove-sluzby","status":"publish","type":"page","link":"https:\/\/pharos.sk\/hu\/doplnkove-sluzby\/","title":{"rendered":"Tov\u00e1bbi szolg\u00e1ltat\u00e1sok"},"content":{"rendered":"<section data-vc-full-width=\"true\" data-vc-full-width-init=\"false\" class=\"vc_section\"><div class=\"vc_row wpb_row vc_row-fluid\"><div class=\"wpb_column vc_column_container vc_col-sm-12\"><div class=\"vc_column-inner\"><div class=\"wpb_wrapper\"><div class=\"vc_row wpb_row vc_inner vc_row-fluid\"><div class=\"wpb_column vc_column_container vc_col-sm-3\"><div class=\"vc_column-inner\"><div class=\"wpb_wrapper\">\n\t<div class=\"wpb_text_column wpb_content_element\" >\n\t\t<div class=\"wpb_wrapper\">\n\t\t\t<p style=\"text-align: center;\"><strong>K\u00e1rpitos munka<\/strong><\/p>\n\n\t\t<\/div>\n\t<\/div>\n\n\t<div class=\"wpb_text_column wpb_content_element\" >\n\t\t<div class=\"wpb_wrapper\">\n\t\t\t<p><a href=\"https:\/\/pharos.sk\/hu\/calunicke-prace\/\"><img loading=\"lazy\" class=\"alignnone wp-image-8093 size-full\" src=\"https:\/\/pharos.sk\/wp-content\/uploads\/2021\/12\/1-calunicke-prace.png\" alt=\"\" width=\"750\" height=\"500\" srcset=\"https:\/\/pharos.sk\/wp-content\/uploads\/2021\/12\/1-calunicke-prace.png 750w, https:\/\/pharos.sk\/wp-content\/uploads\/2021\/12\/1-calunicke-prace-300x200.png 300w, https:\/\/pharos.sk\/wp-content\/uploads\/2021\/12\/1-calunicke-prace-128x84.png 128w, https:\/\/pharos.sk\/wp-content\/uploads\/2021\/12\/1-calunicke-prace-125x83.png 125w\" sizes=\"(max-width: 750px) 100vw, 750px\" \/><\/a><\/p>\n\n\t\t<\/div>\n\t<\/div>\n<div class=\"btn-wrap align-center\"><a href=\"https:\/\/pharos.sk\/hu\/calunicke-prace\/\"  class=\"btn  btn-xs btn-default color-hover-main align-center   vc_custom_1641909245395\" id=\"like_sc_button_327719179\">T\u00f6bb inform\u00e1ci\u00f3<\/a><\/div><div class=\"vc_empty_space\"   style=\"height: 32px\"><span class=\"vc_empty_space_inner\"><\/span><\/div><\/div><\/div><\/div><div class=\"wpb_column vc_column_container vc_col-sm-3\"><div class=\"vc_column-inner\"><div class=\"wpb_wrapper\">\n\t<div class=\"wpb_text_column wpb_content_element\" >\n\t\t<div class=\"wpb_wrapper\">\n\t\t\t<p style=\"text-align: center;\"><strong>Haj\u00f3k \u00e9s motorok rekonstrukci\u00f3ja<\/strong><\/p>\n\n\t\t<\/div>\n\t<\/div>\n\n\t<div class=\"wpb_text_column wpb_content_element\" >\n\t\t<div class=\"wpb_wrapper\">\n\t\t\t<p><a href=\"\/hu\/rekonstrukcie-clnov-a-motorov\/\"><img loading=\"lazy\" class=\"alignnone wp-image-8097 size-full\" src=\"https:\/\/pharos.sk\/wp-content\/uploads\/2021\/12\/2-rekon-cln-motor.png\" alt=\"\" width=\"750\" height=\"500\" srcset=\"https:\/\/pharos.sk\/wp-content\/uploads\/2021\/12\/2-rekon-cln-motor.png 750w, https:\/\/pharos.sk\/wp-content\/uploads\/2021\/12\/2-rekon-cln-motor-300x200.png 300w, https:\/\/pharos.sk\/wp-content\/uploads\/2021\/12\/2-rekon-cln-motor-128x84.png 128w, https:\/\/pharos.sk\/wp-content\/uploads\/2021\/12\/2-rekon-cln-motor-125x83.png 125w\" sizes=\"(max-width: 750px) 100vw, 750px\" \/><\/a><\/p>\n\n\t\t<\/div>\n\t<\/div>\n<div class=\"btn-wrap align-center\"><a href=\"#\"  class=\"btn  btn-xs btn-default color-hover-main align-center   vc_custom_1642764129749\" id=\"like_sc_button_383427230\">T\u00f6bb inform\u00e1ci\u00f3<\/a><\/div><div class=\"vc_empty_space\"   style=\"height: 32px\"><span class=\"vc_empty_space_inner\"><\/span><\/div><\/div><\/div><\/div><div class=\"wpb_column vc_column_container vc_col-sm-3\"><div class=\"vc_column-inner\"><div class=\"wpb_wrapper\">\n\t<div class=\"wpb_text_column wpb_content_element\" >\n\t\t<div class=\"wpb_wrapper\">\n\t\t\t<p style=\"text-align: center;\"><strong>Cs\u00f3nak ut\u00e1nfut\u00f3k \u00e9rt\u00e9kes\u00edt\u00e9se<\/strong><\/p>\n\n\t\t<\/div>\n\t<\/div>\n\n\t<div class=\"wpb_text_column wpb_content_element\" >\n\t\t<div class=\"wpb_wrapper\">\n\t\t\t<p><a href=\"https:\/\/pharos.sk\/hu\/predaj-lodnych-privesnych-vozikov\/\"><img loading=\"lazy\" class=\"alignnone wp-image-8300 size-full\" src=\"https:\/\/pharos.sk\/wp-content\/uploads\/2022\/01\/vyr_1243_Lodni-prives-B13-VZ.jpg\" alt=\"\" width=\"750\" height=\"500\" srcset=\"https:\/\/pharos.sk\/wp-content\/uploads\/2022\/01\/vyr_1243_Lodni-prives-B13-VZ.jpg 750w, https:\/\/pharos.sk\/wp-content\/uploads\/2022\/01\/vyr_1243_Lodni-prives-B13-VZ-300x200.jpg 300w, https:\/\/pharos.sk\/wp-content\/uploads\/2022\/01\/vyr_1243_Lodni-prives-B13-VZ-18x12.jpg 18w, https:\/\/pharos.sk\/wp-content\/uploads\/2022\/01\/vyr_1243_Lodni-prives-B13-VZ-128x84.jpg 128w, https:\/\/pharos.sk\/wp-content\/uploads\/2022\/01\/vyr_1243_Lodni-prives-B13-VZ-125x83.jpg 125w\" sizes=\"(max-width: 750px) 100vw, 750px\" \/><\/a><\/p>\n\n\t\t<\/div>\n\t<\/div>\n<div class=\"btn-wrap align-center\"><a href=\"https:\/\/pharos.sk\/hu\/predaj-lodnych-privesnych-vozikov\/\"  class=\"btn  btn-xs btn-default color-hover-main align-center   vc_custom_1641911720410\" id=\"like_sc_button_1091091123\">T\u00f6bb inform\u00e1ci\u00f3<\/a><\/div><div class=\"vc_empty_space\"   style=\"height: 32px\"><span class=\"vc_empty_space_inner\"><\/span><\/div><\/div><\/div><\/div><div class=\"wpb_column vc_column_container vc_col-sm-3\"><div class=\"vc_column-inner\"><div class=\"wpb_wrapper\">\n\t<div class=\"wpb_text_column wpb_content_element\" >\n\t\t<div class=\"wpb_wrapper\">\n\t\t\t<p style=\"text-align: center;\"><strong>Haj\u00f3sz\u00e1ll\u00edt\u00e1s<\/strong><\/p>\n\n\t\t<\/div>\n\t<\/div>\n\n\t<div class=\"wpb_text_column wpb_content_element\" >\n\t\t<div class=\"wpb_wrapper\">\n\t\t\t<p><a href=\"https:\/\/pharos.sk\/hu\/preprava-plavidiel\/\"><img loading=\"lazy\" class=\"alignnone wp-image-8398 size-full\" src=\"https:\/\/pharos.sk\/wp-content\/uploads\/2022\/01\/Europe_regions_750x500.jpg\" alt=\"\" width=\"750\" height=\"501\" srcset=\"https:\/\/pharos.sk\/wp-content\/uploads\/2022\/01\/Europe_regions_750x500.jpg 750w, https:\/\/pharos.sk\/wp-content\/uploads\/2022\/01\/Europe_regions_750x500-300x200.jpg 300w, https:\/\/pharos.sk\/wp-content\/uploads\/2022\/01\/Europe_regions_750x500-18x12.jpg 18w, https:\/\/pharos.sk\/wp-content\/uploads\/2022\/01\/Europe_regions_750x500-125x84.jpg 125w\" sizes=\"(max-width: 750px) 100vw, 750px\" \/><\/a><\/p>\n\n\t\t<\/div>\n\t<\/div>\n<div class=\"btn-wrap align-center\"><a href=\"https:\/\/pharos.sk\/hu\/preprava-plavidiel\/\"  class=\"btn  btn-xs btn-default color-hover-main align-center   vc_custom_1643283561159\" id=\"like_sc_button_167041844\">T\u00f6bb inform\u00e1ci\u00f3<\/a><\/div><div class=\"vc_empty_space\"   style=\"height: 32px\"><span class=\"vc_empty_space_inner\"><\/span><\/div><\/div><\/div><\/div><\/div><div class=\"vc_empty_space\"   style=\"height: 72px\"><span class=\"vc_empty_space_inner\"><\/span><\/div><div class=\"vc_row wpb_row vc_inner vc_row-fluid\"><div class=\"wpb_column vc_column_container vc_col-sm-3\"><div class=\"vc_column-inner\"><div class=\"wpb_wrapper\">\n\t<div class=\"wpb_text_column wpb_content_element\" >\n\t\t<div class=\"wpb_wrapper\">\n\t\t\t<p style=\"text-align: center;\"><strong>LED h\u00e1tt\u00e9rvil\u00e1g\u00edt\u00e1s<\/strong><\/p>\n\n\t\t<\/div>\n\t<\/div>\n\n\t<div class=\"wpb_text_column wpb_content_element\" >\n\t\t<div class=\"wpb_wrapper\">\n\t\t\t<p><a href=\"https:\/\/pharos.sk\/hu\/podsvietenie-priestorov-led-diodami\/\"><img loading=\"lazy\" class=\"alignnone wp-image-8240 size-full\" src=\"https:\/\/pharos.sk\/wp-content\/uploads\/2022\/01\/led_lights_boat-570x300-1.jpg\" alt=\"\" width=\"570\" height=\"300\" srcset=\"https:\/\/pharos.sk\/wp-content\/uploads\/2022\/01\/led_lights_boat-570x300-1.jpg 570w, https:\/\/pharos.sk\/wp-content\/uploads\/2022\/01\/led_lights_boat-570x300-1-300x158.jpg 300w, https:\/\/pharos.sk\/wp-content\/uploads\/2022\/01\/led_lights_boat-570x300-1-18x9.jpg 18w, https:\/\/pharos.sk\/wp-content\/uploads\/2022\/01\/led_lights_boat-570x300-1-125x66.jpg 125w\" sizes=\"(max-width: 570px) 100vw, 570px\" \/><\/a><\/p>\n\n\t\t<\/div>\n\t<\/div>\n<div class=\"btn-wrap align-center\"><a href=\"https:\/\/pharos.sk\/hu\/podsvietenie-priestorov-led-diodami\/\"  class=\"btn  btn-xs btn-default color-hover-main align-center   vc_custom_1641909284654\" id=\"like_sc_button_414533962\">T\u00f6bb inform\u00e1ci\u00f3<\/a><\/div><div class=\"vc_empty_space\"   style=\"height: 32px\"><span class=\"vc_empty_space_inner\"><\/span><\/div><\/div><\/div><\/div><div class=\"wpb_column vc_column_container vc_col-sm-3\"><div class=\"vc_column-inner\"><div class=\"wpb_wrapper\">\n\t<div class=\"wpb_text_column wpb_content_element\" >\n\t\t<div class=\"wpb_wrapper\">\n\t\t\t<p style=\"text-align: center;\"><strong>Haj\u00f3biztos\u00edt\u00e1s<\/strong><\/p>\n\n\t\t<\/div>\n\t<\/div>\n\n\t<div class=\"wpb_text_column wpb_content_element\" >\n\t\t<div class=\"wpb_wrapper\">\n\t\t\t<p><a href=\"https:\/\/pharos.sk\/hu\/poistenie-clnov\/\"><img loading=\"lazy\" class=\"alignnone wp-image-8001\" src=\"https:\/\/pharos.sk\/wp-content\/uploads\/2021\/12\/1437979827-poistenie-clnov.jpg\" alt=\"\" width=\"751\" height=\"395\" srcset=\"https:\/\/pharos.sk\/wp-content\/uploads\/2021\/12\/1437979827-poistenie-clnov.jpg 570w, https:\/\/pharos.sk\/wp-content\/uploads\/2021\/12\/1437979827-poistenie-clnov-300x158.jpg 300w, https:\/\/pharos.sk\/wp-content\/uploads\/2021\/12\/1437979827-poistenie-clnov-125x66.jpg 125w\" sizes=\"(max-width: 751px) 100vw, 751px\" \/><\/a><\/p>\n\n\t\t<\/div>\n\t<\/div>\n<div class=\"btn-wrap align-center\"><a href=\"https:\/\/pharos.sk\/hu\/poistenie-clnov\/\"  class=\"btn  btn-xs btn-default color-hover-main align-center   vc_custom_1641909295794\" id=\"like_sc_button_1918351458\">T\u00f6bb inform\u00e1ci\u00f3<\/a><\/div><div class=\"vc_empty_space\"   style=\"height: 32px\"><span class=\"vc_empty_space_inner\"><\/span><\/div><\/div><\/div><\/div><div class=\"wpb_column vc_column_container vc_col-sm-3\"><div class=\"vc_column-inner\"><div class=\"wpb_wrapper\">\n\t<div class=\"wpb_text_column wpb_content_element\" >\n\t\t<div class=\"wpb_wrapper\">\n\t\t\t<p style=\"text-align: center;\"><strong>CE tan\u00fas\u00edtv\u00e1nyok<\/strong><\/p>\n\n\t\t<\/div>\n\t<\/div>\n\n\t<div class=\"wpb_text_column wpb_content_element\" >\n\t\t<div class=\"wpb_wrapper\">\n\t\t\t<p><a href=\"https:\/\/pharos.sk\/hu\/ce-certifikaty\/\"><img loading=\"lazy\" class=\"alignnone wp-image-8239 size-full\" src=\"https:\/\/pharos.sk\/wp-content\/uploads\/2022\/01\/CE-570x300-1.jpg\" alt=\"\" width=\"570\" height=\"301\" srcset=\"https:\/\/pharos.sk\/wp-content\/uploads\/2022\/01\/CE-570x300-1.jpg 570w, https:\/\/pharos.sk\/wp-content\/uploads\/2022\/01\/CE-570x300-1-300x158.jpg 300w, https:\/\/pharos.sk\/wp-content\/uploads\/2022\/01\/CE-570x300-1-18x10.jpg 18w, https:\/\/pharos.sk\/wp-content\/uploads\/2022\/01\/CE-570x300-1-125x66.jpg 125w\" sizes=\"(max-width: 570px) 100vw, 570px\" \/><\/a><\/p>\n\n\t\t<\/div>\n\t<\/div>\n<div class=\"btn-wrap align-center\"><a href=\"https:\/\/pharos.sk\/hu\/ce-certifikaty\/\"  class=\"btn  btn-xs btn-default color-hover-main align-center   vc_custom_1641909309426\" id=\"like_sc_button_1894856693\">T\u00f6bb inform\u00e1ci\u00f3<\/a><\/div><div class=\"vc_empty_space\"   style=\"height: 32px\"><span class=\"vc_empty_space_inner\"><\/span><\/div><\/div><\/div><\/div><div class=\"wpb_column vc_column_container vc_col-sm-3\"><div class=\"vc_column-inner\"><div class=\"wpb_wrapper\">\n\t<div class=\"wpb_text_column wpb_content_element\" >\n\t\t<div class=\"wpb_wrapper\">\n\t\t\t<p style=\"text-align: center;\"><strong>Kapit\u00e1nyi tanfolyamok<\/strong><\/p>\n\n\t\t<\/div>\n\t<\/div>\n\n\t<div class=\"wpb_text_column wpb_content_element\" >\n\t\t<div class=\"wpb_wrapper\">\n\t\t\t<p><a href=\"https:\/\/pharos.sk\/hu\/kapitanske-kurzy\/\"><img loading=\"lazy\" class=\"alignnone wp-image-7999 size-full\" src=\"https:\/\/pharos.sk\/wp-content\/uploads\/2021\/12\/1437979794-kapitanske-kurzy.jpg\" alt=\"\" width=\"570\" height=\"300\" srcset=\"https:\/\/pharos.sk\/wp-content\/uploads\/2021\/12\/1437979794-kapitanske-kurzy.jpg 570w, https:\/\/pharos.sk\/wp-content\/uploads\/2021\/12\/1437979794-kapitanske-kurzy-300x158.jpg 300w, https:\/\/pharos.sk\/wp-content\/uploads\/2021\/12\/1437979794-kapitanske-kurzy-125x66.jpg 125w\" sizes=\"(max-width: 570px) 100vw, 570px\" \/><\/a><\/p>\n\n\t\t<\/div>\n\t<\/div>\n<div class=\"btn-wrap align-center\"><a href=\"https:\/\/pharos.sk\/hu\/kapitanske-kurzy\/\"  class=\"btn  btn-xs btn-default color-hover-main align-center   vc_custom_1641909317528\" id=\"like_sc_button_2086319236\">T\u00f6bb inform\u00e1ci\u00f3<\/a><\/div><div class=\"vc_empty_space\"   style=\"height: 32px\"><span class=\"vc_empty_space_inner\"><\/span><\/div><\/div><\/div><\/div><\/div><div class=\"vc_empty_space\"   style=\"height: 72px\"><span class=\"vc_empty_space_inner\"><\/span><\/div><\/div><\/div><\/div><\/div><div class=\"vc_row wpb_row vc_row-fluid\"><div class=\"wpb_column vc_column_container vc_col-sm-12\"><div class=\"vc_column-inner\"><div class=\"wpb_wrapper\"><div class=\"vc_separator wpb_content_element vc_separator_align_center vc_sep_width_100 vc_sep_pos_align_center vc_separator_no_text vc_sep_color_grey vc_custom_1639012741615  vc_custom_1639012741615\" ><span class=\"vc_sep_holder vc_sep_holder_l\"><span  class=\"vc_sep_line\"><\/span><\/span><span class=\"vc_sep_holder vc_sep_holder_r\"><span  class=\"vc_sep_line\"><\/span><\/span>\n<\/div><div class=\"vc_row wpb_row vc_inner vc_row-fluid\"><div class=\"wpb_column vc_column_container vc_col-sm-3\"><div class=\"vc_column-inner\"><div class=\"wpb_wrapper\"><\/div><\/div><\/div><div class=\"wpb_column vc_column_container vc_col-sm-3\"><div class=\"vc_column-inner\"><div class=\"wpb_wrapper\"><\/div><\/div><\/div><div class=\"wpb_column vc_column_container vc_col-sm-3\"><div class=\"vc_column-inner\"><div class=\"wpb_wrapper\"><\/div><\/div><\/div><div class=\"wpb_column vc_column_container vc_col-sm-3\"><div class=\"vc_column-inner\"><div class=\"wpb_wrapper\"><\/div><\/div><\/div><div class=\"wpb_column vc_column_container vc_col-sm-12\"><div class=\"vc_column-inner\"><div class=\"wpb_wrapper\"><div class=\"vc_empty_space\"   style=\"height: 72px\"><span class=\"vc_empty_space_inner\"><\/span><\/div><\/div><\/div><\/div><\/div><\/div><\/div><\/div><\/div><\/section><div class=\"vc_row-full-width vc_clearfix\"><\/div>","protected":false},"excerpt":{"rendered":"K\u00e1rpitos munk\u00e1k Tov\u00e1bbi inform\u00e1ci\u00f3k Haj\u00f3k \u00e9s motorok fel\u00faj\u00edt\u00e1sa Tov\u00e1bbi inform\u00e1ci\u00f3k Cs\u00f3nak ut\u00e1nfut\u00f3k \u00e9rt\u00e9kes\u00edt\u00e9se Tov\u00e1bbi inform\u00e1ci\u00f3k Haj\u00f3k sz\u00e1ll\u00edt\u00e1sa Tov\u00e1bbi inform\u00e1ci\u00f3k LED h\u00e1tt\u00e9rvil\u00e1g\u00edt\u00e1s Tov\u00e1bbi inform\u00e1ci\u00f3k Haj\u00f3biztos\u00edt\u00e1s Tov\u00e1bbi inform\u00e1ci\u00f3k CE tan\u00fas\u00edtv\u00e1nyok Tov\u00e1bbi inform\u00e1ci\u00f3k Kapit\u00e1ny tanfolyamok Tov\u00e1bbi inform\u00e1ci\u00f3k","protected":false},"author":1,"featured_media":0,"parent":0,"menu_order":0,"comment_status":"closed","ping_status":"closed","template":"page-templates\/full-width.php","meta":[],"_links":{"self":[{"href":"https:\/\/pharos.sk\/hu\/wp-json\/wp\/v2\/pages\/8092"}],"collection":[{"href":"https:\/\/pharos.sk\/hu\/wp-json\/wp\/v2\/pages"}],"about":[{"href":"https:\/\/pharos.sk\/hu\/wp-json\/wp\/v2\/types\/page"}],"author":[{"embeddable":true,"href":"https:\/\/pharos.sk\/hu\/wp-json\/wp\/v2\/users\/1"}],"replies":[{"embeddable":true,"href":"https:\/\/pharos.sk\/hu\/wp-json\/wp\/v2\/comments?post=8092"}],"version-history":[{"count":2,"href":"https:\/\/pharos.sk\/hu\/wp-json\/wp\/v2\/pages\/8092\/revisions"}],"predecessor-version":[{"id":8400,"href":"https:\/\/pharos.sk\/hu\/wp-json\/wp\/v2\/pages\/8092\/revisions\/8400"}],"wp:attachment":[{"href":"https:\/\/pharos.sk\/hu\/wp-json\/wp\/v2\/media?parent=8092"}],"curies":[{"name":"wp","href":"https:\/\/api.w.org\/{rel}","templated":true}]}}