{"id":8073,"date":"2021-12-09T02:08:08","date_gmt":"2021-12-09T01:08:08","guid":{"rendered":"https:\/\/pharos.sk\/?page_id=8073"},"modified":"2022-01-20T10:29:16","modified_gmt":"2022-01-20T09:29:16","slug":"webasto","status":"publish","type":"page","link":"https:\/\/pharos.sk\/hu\/webasto\/","title":{"rendered":"Webasto"},"content":{"rendered":"<div class=\"vc_row wpb_row vc_row-fluid\"><div class=\"wpb_column vc_column_container vc_col-sm-8\"><div class=\"vc_column-inner\"><div class=\"wpb_wrapper\">\n\t<div class=\"wpb_text_column wpb_content_element\" >\n\t\t<div class=\"wpb_wrapper\">\n\t\t\t<p>A Webasto korl\u00e1tlan \u00e9lvezetet k\u00edn\u00e1l vitorl\u00e1sok, motoros cs\u00f3nakok \u00e9s jachtok sz\u00e1m\u00e1ra, ak\u00e1r f\u0171t\u00e9si megold\u00e1ssal szeretn\u00e9 meghosszabb\u00edtani a vitorl\u00e1sszezont, ak\u00e1r h\u0171v\u00f6sen szeretn\u00e9 tartani a fed\u00e9lzeti kl\u00edmaberendez\u00e9st.<\/p>\n\n\t\t<\/div>\n\t<\/div>\n<\/div><\/div><\/div><div class=\"wpb_column vc_column_container vc_col-sm-4\"><div class=\"vc_column-inner\"><div class=\"wpb_wrapper\"><\/div><\/div><\/div><\/div>","protected":false},"excerpt":{"rendered":"A Webasto korl\u00e1tlan \u00e9lvezetet k\u00edn\u00e1l vitorl\u00e1sok, motoros cs\u00f3nakok \u00e9s jachtok sz\u00e1m\u00e1ra, ak\u00e1r f\u0171t\u00e9si megold\u00e1ssal szeretn\u00e9 meghosszabb\u00edtani a vitorl\u00e1sszezont, ak\u00e1r h\u0171v\u00f6sen szeretn\u00e9 tartani a fed\u00e9lzeti kl\u00edmaberendez\u00e9st.","protected":false},"author":1,"featured_media":0,"parent":0,"menu_order":0,"comment_status":"closed","ping_status":"closed","template":"page-templates\/full-width.php","meta":[],"_links":{"self":[{"href":"https:\/\/pharos.sk\/hu\/wp-json\/wp\/v2\/pages\/8073"}],"collection":[{"href":"https:\/\/pharos.sk\/hu\/wp-json\/wp\/v2\/pages"}],"about":[{"href":"https:\/\/pharos.sk\/hu\/wp-json\/wp\/v2\/types\/page"}],"author":[{"embeddable":true,"href":"https:\/\/pharos.sk\/hu\/wp-json\/wp\/v2\/users\/1"}],"replies":[{"embeddable":true,"href":"https:\/\/pharos.sk\/hu\/wp-json\/wp\/v2\/comments?post=8073"}],"version-history":[{"count":0,"href":"https:\/\/pharos.sk\/hu\/wp-json\/wp\/v2\/pages\/8073\/revisions"}],"wp:attachment":[{"href":"https:\/\/pharos.sk\/hu\/wp-json\/wp\/v2\/media?parent=8073"}],"curies":[{"name":"wp","href":"https:\/\/api.w.org\/{rel}","templated":true}]}}