{"id":8059,"date":"2021-12-09T01:54:09","date_gmt":"2021-12-09T00:54:09","guid":{"rendered":"https:\/\/pharos.sk\/?page_id=8059"},"modified":"2022-01-20T10:27:25","modified_gmt":"2022-01-20T09:27:25","slug":"oleje-a-lubrikanty","status":"publish","type":"page","link":"https:\/\/pharos.sk\/hu\/oleje-a-lubrikanty\/","title":{"rendered":"Olajok \u00e9s ken\u0151anyagok"},"content":{"rendered":"<div class=\"vc_row wpb_row vc_row-fluid\"><div class=\"wpb_column vc_column_container vc_col-sm-6\"><div class=\"vc_column-inner\"><div class=\"wpb_wrapper\">\n\t<div class=\"wpb_text_column wpb_content_element\" >\n\t\t<div class=\"wpb_wrapper\">\n\t\t\t<p>A PHAROS sro c\u00e9g els\u0151 oszt\u00e1ly\u00fa QUICKSILVER m\u00e1rk\u00e1j\u00fa olajokat \u00e9s ken\u0151anyagokat k\u00edn\u00e1l elad\u00e1sra az \u00d6n k\u00fcls\u0151 \u00e9s be\u00e9p\u00edtett motorjainak v\u00e9delm\u00e9re. Mivel motorja a lehet\u0151 legjobb gondoz\u00e1st \u00e9rdemli, \u00e9s a megfelel\u0151 \u00e9s j\u00f3 min\u0151s\u00e9g\u0171 v\u00e9d\u0151felszerel\u00e9sek haszn\u00e1lat\u00e1val rendszeres karbantart\u00e1s mellett egyenletesebben, tiszt\u00e1bban \u00e9s sz\u00f3 szerint probl\u00e9mamentesen fog m\u0171k\u00f6dni.<\/p>\n<p>A Quicksilver minden t\u00edpus\u00fa motorhoz \u00e9s alkatr\u00e9szhez rendelkezik a megfelel\u0151 szersz\u00e1mmal. Be\u00e9p\u00edtett \u00e9s k\u00fcls\u0151 motorokhoz k\u00edn\u00e1lunk:<\/p>\n<ul>\n<li>k\u00fcls\u0151 motorolajok<\/li>\n<li>olajok 2-4 \u00fctem\u0171 motorokhoz<\/li>\n<li>olajok be\u00e9p\u00edtett d\u00edzel- \u00e9s benzinmotorokhoz<\/li>\n<li>\u00fczemanyagrendszer adal\u00e9kai<\/li>\n<li>sebess\u00e9gv\u00e1lt\u00f3 olajok<\/li>\n<li>korr\u00f3zi\u00f3g\u00e1tl\u00f3 ken\u0151anyagok<\/li>\n<li>h\u0171t\u0151folyad\u00e9kok<\/li>\n<\/ul>\n<p>Ha felkeltett\u00fck \u00e9rdekl\u0151d\u00e9s\u00e9t, forduljon hozz\u00e1nk bizalommal \u00e9s tan\u00e1csot adunk \u00e9s kiv\u00e1lasztjuk a motorj\u00e1hoz legmegfelel\u0151bb v\u00e9d\u0151felszerel\u00e9st.<\/p>\n\n\t\t<\/div>\n\t<\/div>\n<\/div><\/div><\/div><div class=\"wpb_column vc_column_container vc_col-sm-6\"><div class=\"vc_column-inner\"><div class=\"wpb_wrapper\"><div class=\"wpb_gallery wpb_content_element vc_clearfix\" ><div class=\"wpb_wrapper\"><div class=\"wpb_gallery_slides wpb_image_grid\" data-interval=\"3\"><ul class=\"wpb_image_grid_ul\"><li class=\"isotope-item\"><a class=\"\" href=\"https:\/\/pharos.sk\/wp-content\/uploads\/2022\/01\/QsEngCare_Intro2-750x500-1.jpg\" data-lightbox=\"lightbox[rel-8059-1683708356]\"><img width=\"150\" height=\"150\" src=\"https:\/\/pharos.sk\/wp-content\/uploads\/2022\/01\/QsEngCare_Intro2-750x500-1-150x150.jpg\" class=\"attachment-thumbnail\" alt=\"\" loading=\"lazy\" title=\"QsEngCare_Intro2 750x500\" srcset=\"https:\/\/pharos.sk\/wp-content\/uploads\/2022\/01\/QsEngCare_Intro2-750x500-1-150x150.jpg 150w, https:\/\/pharos.sk\/wp-content\/uploads\/2022\/01\/QsEngCare_Intro2-750x500-1-24x24.jpg 24w, https:\/\/pharos.sk\/wp-content\/uploads\/2022\/01\/QsEngCare_Intro2-750x500-1-48x48.jpg 48w, https:\/\/pharos.sk\/wp-content\/uploads\/2022\/01\/QsEngCare_Intro2-750x500-1-96x96.jpg 96w, https:\/\/pharos.sk\/wp-content\/uploads\/2022\/01\/QsEngCare_Intro2-750x500-1-300x300.jpg 300w, https:\/\/pharos.sk\/wp-content\/uploads\/2022\/01\/QsEngCare_Intro2-750x500-1-200x200.jpg 200w, https:\/\/pharos.sk\/wp-content\/uploads\/2022\/01\/QsEngCare_Intro2-750x500-1-70x70.jpg 70w, https:\/\/pharos.sk\/wp-content\/uploads\/2022\/01\/QsEngCare_Intro2-750x500-1-290x290.jpg 290w\" sizes=\"(max-width: 150px) 100vw, 150px\" \/><\/a><\/li><li class=\"isotope-item\"><a class=\"\" href=\"https:\/\/pharos.sk\/wp-content\/uploads\/2021\/12\/81ysdzJiXdL._AC_SL1500_-1-1024x594.jpg\" data-lightbox=\"lightbox[rel-8059-1683708356]\"><img width=\"150\" height=\"150\" src=\"https:\/\/pharos.sk\/wp-content\/uploads\/2021\/12\/81ysdzJiXdL._AC_SL1500_-1-150x150.jpg\" class=\"attachment-thumbnail\" alt=\"\" loading=\"lazy\" title=\"81ysdzJiXdL._AC_SL1500_\" srcset=\"https:\/\/pharos.sk\/wp-content\/uploads\/2021\/12\/81ysdzJiXdL._AC_SL1500_-1-150x150.jpg 150w, https:\/\/pharos.sk\/wp-content\/uploads\/2021\/12\/81ysdzJiXdL._AC_SL1500_-1-24x24.jpg 24w, https:\/\/pharos.sk\/wp-content\/uploads\/2021\/12\/81ysdzJiXdL._AC_SL1500_-1-48x48.jpg 48w, https:\/\/pharos.sk\/wp-content\/uploads\/2021\/12\/81ysdzJiXdL._AC_SL1500_-1-96x96.jpg 96w, https:\/\/pharos.sk\/wp-content\/uploads\/2021\/12\/81ysdzJiXdL._AC_SL1500_-1-300x300.jpg 300w, https:\/\/pharos.sk\/wp-content\/uploads\/2021\/12\/81ysdzJiXdL._AC_SL1500_-1-200x200.jpg 200w, https:\/\/pharos.sk\/wp-content\/uploads\/2021\/12\/81ysdzJiXdL._AC_SL1500_-1-70x70.jpg 70w, https:\/\/pharos.sk\/wp-content\/uploads\/2021\/12\/81ysdzJiXdL._AC_SL1500_-1-290x290.jpg 290w\" sizes=\"(max-width: 150px) 100vw, 150px\" \/><\/a><\/li><li class=\"isotope-item\"><a class=\"\" href=\"https:\/\/pharos.sk\/wp-content\/uploads\/2021\/12\/312332_1.jpg\" data-lightbox=\"lightbox[rel-8059-1683708356]\"><img width=\"150\" height=\"150\" src=\"https:\/\/pharos.sk\/wp-content\/uploads\/2021\/12\/312332_1-150x150.jpg\" class=\"attachment-thumbnail\" alt=\"\" loading=\"lazy\" title=\"312332_1\" srcset=\"https:\/\/pharos.sk\/wp-content\/uploads\/2021\/12\/312332_1-150x150.jpg 150w, https:\/\/pharos.sk\/wp-content\/uploads\/2021\/12\/312332_1-300x300.jpg 300w, https:\/\/pharos.sk\/wp-content\/uploads\/2021\/12\/312332_1-768x768.jpg 768w, https:\/\/pharos.sk\/wp-content\/uploads\/2021\/12\/312332_1-24x24.jpg 24w, https:\/\/pharos.sk\/wp-content\/uploads\/2021\/12\/312332_1-48x48.jpg 48w, https:\/\/pharos.sk\/wp-content\/uploads\/2021\/12\/312332_1-96x96.jpg 96w, https:\/\/pharos.sk\/wp-content\/uploads\/2021\/12\/312332_1-200x200.jpg 200w, https:\/\/pharos.sk\/wp-content\/uploads\/2021\/12\/312332_1-70x70.jpg 70w, https:\/\/pharos.sk\/wp-content\/uploads\/2021\/12\/312332_1-125x125.jpg 125w, https:\/\/pharos.sk\/wp-content\/uploads\/2021\/12\/312332_1-290x290.jpg 290w, https:\/\/pharos.sk\/wp-content\/uploads\/2021\/12\/312332_1.jpg 1000w\" sizes=\"(max-width: 150px) 100vw, 150px\" \/><\/a><\/li><li class=\"isotope-item\"><a class=\"\" href=\"https:\/\/pharos.sk\/wp-content\/uploads\/2021\/12\/db9fab86.jpg\" data-lightbox=\"lightbox[rel-8059-1683708356]\"><img width=\"150\" height=\"150\" src=\"https:\/\/pharos.sk\/wp-content\/uploads\/2021\/12\/db9fab86-150x150.jpg\" class=\"attachment-thumbnail\" alt=\"\" loading=\"lazy\" title=\"db9fab86\" srcset=\"https:\/\/pharos.sk\/wp-content\/uploads\/2021\/12\/db9fab86-150x150.jpg 150w, https:\/\/pharos.sk\/wp-content\/uploads\/2021\/12\/db9fab86-24x24.jpg 24w, https:\/\/pharos.sk\/wp-content\/uploads\/2021\/12\/db9fab86-48x48.jpg 48w, https:\/\/pharos.sk\/wp-content\/uploads\/2021\/12\/db9fab86-96x96.jpg 96w, https:\/\/pharos.sk\/wp-content\/uploads\/2021\/12\/db9fab86-280x280.jpg 280w, https:\/\/pharos.sk\/wp-content\/uploads\/2021\/12\/db9fab86-200x200.jpg 200w, https:\/\/pharos.sk\/wp-content\/uploads\/2021\/12\/db9fab86-70x70.jpg 70w\" sizes=\"(max-width: 150px) 100vw, 150px\" \/><\/a><\/li><li class=\"isotope-item\"><a class=\"\" href=\"https:\/\/pharos.sk\/wp-content\/uploads\/2021\/12\/lubrikant.jpg\" data-lightbox=\"lightbox[rel-8059-1683708356]\"><img width=\"150\" height=\"150\" src=\"https:\/\/pharos.sk\/wp-content\/uploads\/2021\/12\/lubrikant-150x150.jpg\" class=\"attachment-thumbnail\" alt=\"\" loading=\"lazy\" title=\"ken\u0151anyag\" srcset=\"https:\/\/pharos.sk\/wp-content\/uploads\/2021\/12\/lubrikant-150x150.jpg 150w, https:\/\/pharos.sk\/wp-content\/uploads\/2021\/12\/lubrikant-300x300.jpg 300w, https:\/\/pharos.sk\/wp-content\/uploads\/2021\/12\/lubrikant-24x24.jpg 24w, https:\/\/pharos.sk\/wp-content\/uploads\/2021\/12\/lubrikant-48x48.jpg 48w, https:\/\/pharos.sk\/wp-content\/uploads\/2021\/12\/lubrikant-96x96.jpg 96w, https:\/\/pharos.sk\/wp-content\/uploads\/2021\/12\/lubrikant-200x200.jpg 200w, https:\/\/pharos.sk\/wp-content\/uploads\/2021\/12\/lubrikant-70x70.jpg 70w, https:\/\/pharos.sk\/wp-content\/uploads\/2021\/12\/lubrikant-125x125.jpg 125w, https:\/\/pharos.sk\/wp-content\/uploads\/2021\/12\/lubrikant-290x290.jpg 290w, https:\/\/pharos.sk\/wp-content\/uploads\/2021\/12\/lubrikant.jpg 700w\" sizes=\"(max-width: 150px) 100vw, 150px\" \/><\/a><\/li><\/ul><\/div><\/div><\/div><\/div><\/div><\/div><\/div>","protected":false},"excerpt":{"rendered":"A PHAROS sro c\u00e9g els\u0151 oszt\u00e1ly\u00fa QUICKSILVER m\u00e1rk\u00e1j\u00fa olajokat \u00e9s ken\u0151anyagokat k\u00edn\u00e1l elad\u00e1sra az \u00d6n k\u00fcls\u0151 \u00e9s be\u00e9p\u00edtett motorjainak v\u00e9delm\u00e9re. Mivel motorja a lehet\u0151 legjobb gondoz\u00e1st \u00e9rdemli, \u00e9s a megfelel\u0151 \u00e9s j\u00f3 min\u0151s\u00e9g\u0171 v\u00e9d\u0151felszerel\u00e9sek haszn\u00e1lat\u00e1val rendszeres karbantart\u00e1s mellett egyenletesebben, tiszt\u00e1bban \u00e9s sz\u00f3 szerint probl\u00e9mamentesen fog m\u0171k\u00f6dni. A Quicksilver minden t\u00edpus\u00fa motorhoz \u00e9s alkatr\u00e9szhez rendelkezik a megfelel\u0151 szersz\u00e1mmal. Be\u00e9p\u00edtett \u00e9s k\u00fcls\u0151 motorokhoz k\u00edn\u00e1lunk: olajokat k\u00fcls\u0151 motorokhoz olajokat 2-4 \u00fctem\u0171 motorokhoz olajokat be\u00e9p\u00edtett d\u00edzel- \u00e9s benzinmotorokhoz \u00fczemanyagrendszer adal\u00e9kokat sebess\u00e9gv\u00e1lt\u00f3 olajokat korr\u00f3zi\u00f3g\u00e1tl\u00f3 ken\u0151anyagokat h\u0171t\u0151folyad\u00e9kokat \u00c9rdekl\u0151d\u00e9se eset\u00e9n forduljon bizalommal mi tan\u00e1csot adunk \u00e9s kiv\u00e1lasztjuk a motorja sz\u00e1m\u00e1ra legmegfelel\u0151bb v\u00e9d\u0151eszk\u00f6zt.","protected":false},"author":1,"featured_media":0,"parent":0,"menu_order":0,"comment_status":"closed","ping_status":"closed","template":"page-templates\/full-width.php","meta":[],"_links":{"self":[{"href":"https:\/\/pharos.sk\/hu\/wp-json\/wp\/v2\/pages\/8059"}],"collection":[{"href":"https:\/\/pharos.sk\/hu\/wp-json\/wp\/v2\/pages"}],"about":[{"href":"https:\/\/pharos.sk\/hu\/wp-json\/wp\/v2\/types\/page"}],"author":[{"embeddable":true,"href":"https:\/\/pharos.sk\/hu\/wp-json\/wp\/v2\/users\/1"}],"replies":[{"embeddable":true,"href":"https:\/\/pharos.sk\/hu\/wp-json\/wp\/v2\/comments?post=8059"}],"version-history":[{"count":0,"href":"https:\/\/pharos.sk\/hu\/wp-json\/wp\/v2\/pages\/8059\/revisions"}],"wp:attachment":[{"href":"https:\/\/pharos.sk\/hu\/wp-json\/wp\/v2\/media?parent=8059"}],"curies":[{"name":"wp","href":"https:\/\/api.w.org\/{rel}","templated":true}]}}