{"id":8056,"date":"2021-12-09T02:08:47","date_gmt":"2021-12-09T01:08:47","guid":{"rendered":"https:\/\/pharos.sk\/?page_id=8056"},"modified":"2022-01-23T15:49:19","modified_gmt":"2022-01-23T14:49:19","slug":"lodne-prislusenstvo","status":"publish","type":"page","link":"https:\/\/pharos.sk\/hu\/lodne-prislusenstvo\/","title":{"rendered":"Haj\u00f3tartoz\u00e9kok"},"content":{"rendered":"<section data-vc-full-width=\"true\" data-vc-full-width-init=\"false\" class=\"vc_section\"><div class=\"vc_row wpb_row vc_row-fluid\"><div class=\"wpb_column vc_column_container vc_col-sm-12\"><div class=\"vc_column-inner\"><div class=\"wpb_wrapper\"><div class=\"vc_row wpb_row vc_inner vc_row-fluid\"><div class=\"wpb_column vc_column_container vc_col-sm-3\"><div class=\"vc_column-inner\"><div class=\"wpb_wrapper\">\n\t<div class=\"wpb_text_column wpb_content_element\" >\n\t\t<div class=\"wpb_wrapper\">\n\t\t\t<p style=\"text-align: center;\"><strong>Olajok \u00e9s ken\u0151anyagok<\/strong><\/p>\n\n\t\t<\/div>\n\t<\/div>\n\n\t<div class=\"wpb_text_column wpb_content_element\" >\n\t\t<div class=\"wpb_wrapper\">\n\t\t\t<p><a href=\"https:\/\/pharos.sk\/hu\/oleje-a-lubrikanty\/\"><img loading=\"lazy\" class=\"alignnone wp-image-8057 size-full\" src=\"https:\/\/pharos.sk\/wp-content\/uploads\/2021\/12\/1-oleje-lubrikanty.png\" alt=\"\" width=\"750\" height=\"500\" srcset=\"https:\/\/pharos.sk\/wp-content\/uploads\/2021\/12\/1-oleje-lubrikanty.png 750w, https:\/\/pharos.sk\/wp-content\/uploads\/2021\/12\/1-oleje-lubrikanty-300x200.png 300w, https:\/\/pharos.sk\/wp-content\/uploads\/2021\/12\/1-oleje-lubrikanty-128x84.png 128w, https:\/\/pharos.sk\/wp-content\/uploads\/2021\/12\/1-oleje-lubrikanty-125x83.png 125w\" sizes=\"(max-width: 750px) 100vw, 750px\" \/><\/a><\/p>\n\n\t\t<\/div>\n\t<\/div>\n<div class=\"btn-wrap align-center\"><a href=\"https:\/\/pharos.sk\/hu\/oleje-a-lubrikanty\/\"  class=\"btn  btn-xs btn-default color-hover-main align-center   vc_custom_1641909037501\" id=\"like_sc_button_1342120942\">T\u00f6bb inform\u00e1ci\u00f3<\/a><\/div><div class=\"vc_empty_space\"   style=\"height: 32px\"><span class=\"vc_empty_space_inner\"><\/span><\/div><\/div><\/div><\/div><div class=\"wpb_column vc_column_container vc_col-sm-3\"><div class=\"vc_column-inner\"><div class=\"wpb_wrapper\">\n\t<div class=\"wpb_text_column wpb_content_element\" >\n\t\t<div class=\"wpb_wrapper\">\n\t\t\t<p style=\"text-align: center;\"><strong>Vetus kieg\u00e9sz\u00edt\u0151k<\/strong><\/p>\n\n\t\t<\/div>\n\t<\/div>\n\n\t<div class=\"wpb_text_column wpb_content_element\" >\n\t\t<div class=\"wpb_wrapper\">\n\t\t\t<p><a href=\"https:\/\/pharos.sk\/hu\/services\/vetus\/\"><img loading=\"lazy\" class=\"alignnone wp-image-8237 size-full\" src=\"https:\/\/pharos.sk\/wp-content\/uploads\/2021\/12\/Logo-Vetus-HR-website-750_500.jpg\" alt=\"\" width=\"750\" height=\"501\" srcset=\"https:\/\/pharos.sk\/wp-content\/uploads\/2021\/12\/Logo-Vetus-HR-website-750_500.jpg 750w, https:\/\/pharos.sk\/wp-content\/uploads\/2021\/12\/Logo-Vetus-HR-website-750_500-300x200.jpg 300w, https:\/\/pharos.sk\/wp-content\/uploads\/2021\/12\/Logo-Vetus-HR-website-750_500-18x12.jpg 18w, https:\/\/pharos.sk\/wp-content\/uploads\/2021\/12\/Logo-Vetus-HR-website-750_500-125x84.jpg 125w\" sizes=\"(max-width: 750px) 100vw, 750px\" \/><\/a><\/p>\n\n\t\t<\/div>\n\t<\/div>\n<div class=\"btn-wrap align-center\"><a href=\"https:\/\/pharos.sk\/hu\/services\/vetus\/\"  class=\"btn  btn-xs btn-default color-hover-main align-center   vc_custom_1641909044980\" id=\"like_sc_button_1342021154\">T\u00f6bb inform\u00e1ci\u00f3<\/a><\/div><div class=\"vc_empty_space\"   style=\"height: 32px\"><span class=\"vc_empty_space_inner\"><\/span><\/div><\/div><\/div><\/div><div class=\"wpb_column vc_column_container vc_col-sm-3\"><div class=\"vc_column-inner\"><div class=\"wpb_wrapper\">\n\t<div class=\"wpb_text_column wpb_content_element\" >\n\t\t<div class=\"wpb_wrapper\">\n\t\t\t<p style=\"text-align: center;\"><strong>Nettuno Marine Equipment\u00ae<\/strong><\/p>\n\n\t\t<\/div>\n\t<\/div>\n\n\t<div class=\"wpb_text_column wpb_content_element\" >\n\t\t<div class=\"wpb_wrapper\">\n\t\t\t<p><a href=\"https:\/\/pharos.sk\/hu\/services\/nettuno-marine-equipment\/\"><img loading=\"lazy\" class=\"alignnone wp-image-8377 size-full\" src=\"https:\/\/pharos.sk\/wp-content\/uploads\/2022\/01\/NETTUNO-Marine-Equipment_750x500.jpg\" alt=\"\" width=\"750\" height=\"501\" srcset=\"https:\/\/pharos.sk\/wp-content\/uploads\/2022\/01\/NETTUNO-Marine-Equipment_750x500.jpg 750w, https:\/\/pharos.sk\/wp-content\/uploads\/2022\/01\/NETTUNO-Marine-Equipment_750x500-300x200.jpg 300w, https:\/\/pharos.sk\/wp-content\/uploads\/2022\/01\/NETTUNO-Marine-Equipment_750x500-18x12.jpg 18w, https:\/\/pharos.sk\/wp-content\/uploads\/2022\/01\/NETTUNO-Marine-Equipment_750x500-125x84.jpg 125w\" sizes=\"(max-width: 750px) 100vw, 750px\" \/><\/a><\/p>\n\n\t\t<\/div>\n\t<\/div>\n<div class=\"btn-wrap align-center\"><a href=\"https:\/\/pharos.sk\/hu\/services\/nettuno-marine-equipment\/\"  class=\"btn  btn-xs btn-default color-hover-main align-center   vc_custom_1641909052654\" id=\"like_sc_button_1755129977\">T\u00f6bb inform\u00e1ci\u00f3<\/a><\/div><div class=\"vc_empty_space\"   style=\"height: 32px\"><span class=\"vc_empty_space_inner\"><\/span><\/div><\/div><\/div><\/div><div class=\"wpb_column vc_column_container vc_col-sm-3\"><div class=\"vc_column-inner\"><div class=\"wpb_wrapper\">\n\t<div class=\"wpb_text_column wpb_content_element\" >\n\t\t<div class=\"wpb_wrapper\">\n\t\t\t<p style=\"text-align: center;\"><strong>Webasto<\/strong><\/p>\n\n\t\t<\/div>\n\t<\/div>\n\n\t<div class=\"wpb_text_column wpb_content_element\" >\n\t\t<div class=\"wpb_wrapper\">\n\t\t\t<p><a href=\"https:\/\/pharos.sk\/hu\/webasto\/\"><img loading=\"lazy\" class=\"alignnone wp-image-8072 size-full\" src=\"https:\/\/pharos.sk\/wp-content\/uploads\/2021\/12\/4-webasto.png\" alt=\"\" width=\"750\" height=\"500\" srcset=\"https:\/\/pharos.sk\/wp-content\/uploads\/2021\/12\/4-webasto.png 750w, https:\/\/pharos.sk\/wp-content\/uploads\/2021\/12\/4-webasto-300x200.png 300w, https:\/\/pharos.sk\/wp-content\/uploads\/2021\/12\/4-webasto-128x84.png 128w, https:\/\/pharos.sk\/wp-content\/uploads\/2021\/12\/4-webasto-125x83.png 125w\" sizes=\"(max-width: 750px) 100vw, 750px\" \/><\/a><\/p>\n\n\t\t<\/div>\n\t<\/div>\n<div class=\"btn-wrap align-center\"><a href=\"https:\/\/pharos.sk\/hu\/webasto\/\"  class=\"btn  btn-xs btn-default color-hover-main align-center   vc_custom_1641909061812\" id=\"like_sc_button_810023294\">T\u00f6bb inform\u00e1ci\u00f3<\/a><\/div><div class=\"vc_empty_space\"   style=\"height: 32px\"><span class=\"vc_empty_space_inner\"><\/span><\/div><\/div><\/div><\/div><\/div><div class=\"vc_empty_space\"   style=\"height: 72px\"><span class=\"vc_empty_space_inner\"><\/span><\/div><div class=\"vc_row wpb_row vc_inner vc_row-fluid\"><div class=\"wpb_column vc_column_container vc_col-sm-3\"><div class=\"vc_column-inner\"><div class=\"wpb_wrapper\">\n\t<div class=\"wpb_text_column wpb_content_element\" >\n\t\t<div class=\"wpb_wrapper\">\n\t\t\t<p style=\"text-align: center;\"><strong>Garmin<\/strong><\/p>\n\n\t\t<\/div>\n\t<\/div>\n\n\t<div class=\"wpb_text_column wpb_content_element\" >\n\t\t<div class=\"wpb_wrapper\">\n\t\t\t<p><img loading=\"lazy\" class=\"alignnone wp-image-8081 size-full\" src=\"https:\/\/pharos.sk\/wp-content\/uploads\/2021\/12\/5-garmin.png\" alt=\"\" width=\"750\" height=\"500\" srcset=\"https:\/\/pharos.sk\/wp-content\/uploads\/2021\/12\/5-garmin.png 750w, https:\/\/pharos.sk\/wp-content\/uploads\/2021\/12\/5-garmin-300x200.png 300w, https:\/\/pharos.sk\/wp-content\/uploads\/2021\/12\/5-garmin-128x84.png 128w, https:\/\/pharos.sk\/wp-content\/uploads\/2021\/12\/5-garmin-125x83.png 125w\" sizes=\"(max-width: 750px) 100vw, 750px\" \/><\/p>\n\n\t\t<\/div>\n\t<\/div>\n<div class=\"btn-wrap align-center\"><a href=\"https:\/\/garmin.sk\"  target=\"_blank\"  class=\"btn  btn-xs btn-default color-hover-main align-center   vc_custom_1641910152955\" id=\"like_sc_button_1545781165\">T\u00f6bb inform\u00e1ci\u00f3<\/a><\/div><div class=\"vc_empty_space\"   style=\"height: 32px\"><span class=\"vc_empty_space_inner\"><\/span><\/div><\/div><\/div><\/div><div class=\"wpb_column vc_column_container vc_col-sm-3\"><div class=\"vc_column-inner\"><div class=\"wpb_wrapper\">\n\t<div class=\"wpb_text_column wpb_content_element\" >\n\t\t<div class=\"wpb_wrapper\">\n\t\t\t<p style=\"text-align: center;\"><strong>Korm\u00e1nyrendszerek<\/strong><\/p>\n\n\t\t<\/div>\n\t<\/div>\n\n\t<div class=\"wpb_text_column wpb_content_element\" >\n\t\t<div class=\"wpb_wrapper\">\n\t\t\t<p><a href=\"https:\/\/pharos.sk\/hu\/dokormidlovacie-systemy\/\"><img loading=\"lazy\" class=\"alignnone wp-image-8344 size-full\" src=\"https:\/\/pharos.sk\/wp-content\/uploads\/2022\/01\/SX35140-12V-50mm-wController-POD-7-e1642085058728.jpg\" alt=\"\" width=\"678\" height=\"457\" srcset=\"https:\/\/pharos.sk\/wp-content\/uploads\/2022\/01\/SX35140-12V-50mm-wController-POD-7-e1642085058728.jpg 678w, https:\/\/pharos.sk\/wp-content\/uploads\/2022\/01\/SX35140-12V-50mm-wController-POD-7-e1642085058728-300x202.jpg 300w, https:\/\/pharos.sk\/wp-content\/uploads\/2022\/01\/SX35140-12V-50mm-wController-POD-7-e1642085058728-18x12.jpg 18w, https:\/\/pharos.sk\/wp-content\/uploads\/2022\/01\/SX35140-12V-50mm-wController-POD-7-e1642085058728-125x84.jpg 125w\" sizes=\"(max-width: 678px) 100vw, 678px\" \/><\/a><\/p>\n\n\t\t<\/div>\n\t<\/div>\n<div class=\"btn-wrap align-center\"><a href=\"https:\/\/pharos.sk\/hu\/dokormidlovacie-systemy\/\"  class=\"btn  btn-xs btn-default color-hover-main align-center   vc_custom_1642084287860\" id=\"like_sc_button_50844751\">T\u00f6bb inform\u00e1ci\u00f3<\/a><\/div><div class=\"vc_empty_space\"   style=\"height: 32px\"><span class=\"vc_empty_space_inner\"><\/span><\/div><\/div><\/div><\/div><div class=\"wpb_column vc_column_container vc_col-sm-3\"><div class=\"vc_column-inner\"><div class=\"wpb_wrapper\">\n\t<div class=\"wpb_text_column wpb_content_element\" >\n\t\t<div class=\"wpb_wrapper\">\n\t\t\t<p style=\"text-align: center;\"><strong>Haj\u00f3csavarok<\/strong><\/p>\n\n\t\t<\/div>\n\t<\/div>\n\n\t<div class=\"wpb_text_column wpb_content_element\" >\n\t\t<div class=\"wpb_wrapper\">\n\t\t\t<p><a href=\"https:\/\/pharos.sk\/hu\/lodne-vrtule\/\"><img loading=\"lazy\" class=\"alignnone wp-image-8068 size-full\" src=\"https:\/\/pharos.sk\/wp-content\/uploads\/2021\/12\/3-vrtule.png\" alt=\"\" width=\"750\" height=\"500\" srcset=\"https:\/\/pharos.sk\/wp-content\/uploads\/2021\/12\/3-vrtule.png 750w, https:\/\/pharos.sk\/wp-content\/uploads\/2021\/12\/3-vrtule-300x200.png 300w, https:\/\/pharos.sk\/wp-content\/uploads\/2021\/12\/3-vrtule-128x84.png 128w, https:\/\/pharos.sk\/wp-content\/uploads\/2021\/12\/3-vrtule-125x83.png 125w\" sizes=\"(max-width: 750px) 100vw, 750px\" \/><\/a><\/p>\n\n\t\t<\/div>\n\t<\/div>\n<div class=\"btn-wrap align-center\"><a href=\"https:\/\/pharos.sk\/hu\/lodne-vrtule\/\"  class=\"btn  btn-xs btn-default color-hover-main align-center   vc_custom_1641909089872\" id=\"like_sc_button_549467997\">T\u00f6bb inform\u00e1ci\u00f3<\/a><\/div><div class=\"vc_empty_space\"   style=\"height: 32px\"><span class=\"vc_empty_space_inner\"><\/span><\/div><\/div><\/div><\/div><div class=\"wpb_column vc_column_container vc_col-sm-3\"><div class=\"vc_column-inner\"><div class=\"wpb_wrapper\"><\/div><\/div><\/div><\/div><div class=\"vc_empty_space\"   style=\"height: 72px\"><span class=\"vc_empty_space_inner\"><\/span><\/div><\/div><\/div><\/div><\/div><\/section><div class=\"vc_row-full-width vc_clearfix\"><\/div>","protected":false},"excerpt":{"rendered":"Olajok \u00e9s ken\u0151anyagok Tov\u00e1bbi inform\u00e1ci\u00f3k Tartoz\u00e9kok Vetus Tov\u00e1bbi inform\u00e1ci\u00f3k Nettuno Marine Equipment\u00ae Tov\u00e1bbi inform\u00e1ci\u00f3k Webasto Tov\u00e1bbi inform\u00e1ci\u00f3k Garmin Tov\u00e1bbi inform\u00e1ci\u00f3k Korm\u00e1nyrendszerek Tov\u00e1bbi inform\u00e1ci\u00f3k Haj\u00f3csavarok Tov\u00e1bbi inform\u00e1ci\u00f3k","protected":false},"author":1,"featured_media":0,"parent":0,"menu_order":0,"comment_status":"closed","ping_status":"closed","template":"page-templates\/full-width.php","meta":[],"_links":{"self":[{"href":"https:\/\/pharos.sk\/hu\/wp-json\/wp\/v2\/pages\/8056"}],"collection":[{"href":"https:\/\/pharos.sk\/hu\/wp-json\/wp\/v2\/pages"}],"about":[{"href":"https:\/\/pharos.sk\/hu\/wp-json\/wp\/v2\/types\/page"}],"author":[{"embeddable":true,"href":"https:\/\/pharos.sk\/hu\/wp-json\/wp\/v2\/users\/1"}],"replies":[{"embeddable":true,"href":"https:\/\/pharos.sk\/hu\/wp-json\/wp\/v2\/comments?post=8056"}],"version-history":[{"count":2,"href":"https:\/\/pharos.sk\/hu\/wp-json\/wp\/v2\/pages\/8056\/revisions"}],"predecessor-version":[{"id":8379,"href":"https:\/\/pharos.sk\/hu\/wp-json\/wp\/v2\/pages\/8056\/revisions\/8379"}],"wp:attachment":[{"href":"https:\/\/pharos.sk\/hu\/wp-json\/wp\/v2\/media?parent=8056"}],"curies":[{"name":"wp","href":"https:\/\/api.w.org\/{rel}","templated":true}]}}