{"id":7929,"date":"2021-12-02T23:54:44","date_gmt":"2021-12-02T22:54:44","guid":{"rendered":"https:\/\/pharos.sk\/?page_id=7929"},"modified":"2022-01-20T10:43:02","modified_gmt":"2022-01-20T09:43:02","slug":"servis","status":"publish","type":"page","link":"https:\/\/pharos.sk\/hu\/servis\/","title":{"rendered":"Szolg\u00e1ltat\u00e1s"},"content":{"rendered":"<section data-vc-full-width=\"true\" data-vc-full-width-init=\"false\" class=\"vc_section\"><div class=\"vc_row wpb_row vc_row-fluid\"><div class=\"wpb_column vc_column_container vc_col-sm-12\"><div class=\"vc_column-inner\"><div class=\"wpb_wrapper\"><div class=\"heading  header-subheader align-left color-black subcolor-main transform-default theme-icon-second icon-type-hidden   vc_custom_1638485946803 heading-tag-h1\" id=\"like_sc_header_972130122\"><h1 class=\"header ltx-sr-id-like_sc_header_972130122967445723 ltx-sr ltx-sr-effect-fade_in ltx-sr-el-block ltx-sr-delay-0 ltx-sr-duration-1000 ltx-sr-sequences-0\">Szolg\u00e1ltat\u00e1s<\/h1><\/div>\n\t<div class=\"wpb_text_column wpb_content_element\" >\n\t\t<div class=\"wpb_wrapper\">\n\t\t\t<p>A professzion\u00e1lis szolg\u00e1ltat\u00e1s \u00e9s a gondos kezel\u00e9s meghosszabb\u00edtja haj\u00f3i \u00e9lettartam\u00e1t \u00e9s k\u00e9nyelm\u00e9t. A tapasztalt szerel\u0151k, akik szinte eg\u00e9sz \u00e9let\u00fckben a haj\u00f3k ir\u00e1nt elk\u00f6telezettek, garant\u00e1lj\u00e1k a min\u0151s\u00e9gi PHAROS szolg\u00e1ltat\u00e1st. Szeretettel \u00e9s \u00f6r\u00f6mmel vigy\u00e1znak minden haj\u00f3ra. Az anyagot \u00e9s az alkatr\u00e9szeket a haj\u00f3 saj\u00e1toss\u00e1gainak \u00e9s ig\u00e9nyeinek figyelembev\u00e9tel\u00e9vel v\u00e1lasztj\u00e1k ki. Minden sz\u00fcks\u00e9ges alkatr\u00e9szt id\u0151ben \u00e9s j\u00f3 \u00e1ron sz\u00e1ll\u00edtunk. A haj\u00f3 \u00edgy a szezon el\u0151tt \u00e9s ut\u00e1na 100% ellen\u0151rz\u00e9sre ker\u00fcl, \u00e9s k\u00e9szen \u00e1ll a tov\u00e1bbi biztons\u00e1gos haszn\u00e1latra.<\/p>\n<p>A PHAROS sro c\u00e9g tan\u00fas\u00edtv\u00e1nyokkal rendelkezik a haj\u00f3k \u00e9s motorok garanci\u00e1lis jav\u00edt\u00e1s\u00e1hoz<br \/>\n<strong>MARINER, MERCURY, MERCURY MERCRUISER<\/strong><br \/>\n\u00e9s felf\u00fajhat\u00f3 cs\u00f3nakok\u00a0<strong>HIGANY<\/strong>, tov\u00e1bbra is teljes\u00edt<br \/>\nmotorszerviz\u00a0<strong>VOLVO<\/strong>\u00a0<strong>PENTA<\/strong>\u00a0a\u00a0<strong>OMC<\/strong><\/p>\n<p>&nbsp;<\/p>\n<h3>A PHAROS sro a k\u00f6vetkez\u0151 szervizmunk\u00e1kat is k\u00edn\u00e1lja:<\/h3>\n<table border=\"0\" cellspacing=\"0\" cellpadding=\"0\">\n<tbody>\n<tr>\n<td>\n<ul>\n<li>motorok nagyjav\u00edt\u00e1sa<\/li>\n<li>Yamaha, Honda k\u00fcls\u0151 motorok garanci\u00e1lis szervizel\u00e9se,<\/li>\n<li>Suzuki, Tohatsu, Evinrude, Johnson<\/li>\n<li>be\u00e9p\u00edtett motorok garanci\u00e1lis szervize Volvo Penta, Omc<\/li>\n<li>szezon el\u0151tti \u00e9s szezon ut\u00e1ni motorvizsg\u00e1latok<\/li>\n<li>jet ski szolg\u00e1ltat\u00e1s<\/li>\n<li>be\u00e9p\u00edtett motorok \u00e9s hajt\u00f3m\u0171vek teljes cser\u00e9je<\/li>\n<li>felf\u00fajhat\u00f3 cs\u00f3nakok jav\u00edt\u00e1sa \u00e9s szervize<\/li>\n<li>haj\u00f3test jav\u00edt\u00e1s lamin\u00e1l\u00e1ssal<\/li>\n<li>ponyv\u00e1k \u00e9s bimini garnit\u00far\u00e1k gy\u00e1rt\u00e1sa<\/li>\n<li>k\u00e1rpitos munk\u00e1k<\/li>\n<\/ul>\n<\/td>\n<td>&nbsp;<\/p>\n<ul>\n<li>a motorok \u00e9s cs\u00f3nakok rendszeres ellen\u0151rz\u00e9se<\/li>\n<li>motorok teleltet\u00e9se \u00e9s t\u00e9lies\u00edt\u00e9se<\/li>\n<li>lerak\u00f3d\u00e1sg\u00e1tl\u00f3 bevonatok<\/li>\n<li>villanyszerel\u00e9si jav\u00edt\u00e1sok<\/li>\n<li>tartoz\u00e9kok beszerel\u00e9se<\/li>\n<li>haj\u00f3 tiszt\u00edt\u00e1sa \u00e9s f\u00e9nyez\u00e9se<\/li>\n<li>szerviz munka k\u00fclf\u00f6ld\u00f6n<\/li>\n<li>a haj\u00f3k t\u00e9li \u00e9s ny\u00e1ri parkol\u00e1sa<\/li>\n<li>haj\u00f3k sz\u00e1ll\u00edt\u00e1sa<\/li>\n<li>motorok \u00e9s haj\u00f3k alkatr\u00e9szeinek sz\u00e1ll\u00edt\u00e1sa<\/li>\n<li>Haj\u00f3k CE min\u0151s\u00edt\u00e9se<\/li>\n<\/ul>\n<p>&nbsp;<\/td>\n<\/tr>\n<\/tbody>\n<\/table>\n<h4><\/h4>\n<h4>A k\u00f6vetkez\u0151ket is k\u00edn\u00e1ljuk:<\/h4>\n<ul>\n<li><strong>t\u00e9li haj\u00f3parkol\u00f3 a hallban<\/strong><\/li>\n<\/ul>\n\n\t\t<\/div>\n\t<\/div>\n<\/div><\/div><\/div><\/div><div class=\"vc_row wpb_row vc_row-fluid\"><div class=\"wpb_column vc_column_container vc_col-sm-12\"><div class=\"vc_column-inner\"><div class=\"wpb_wrapper\"><div class=\"vc_empty_space\"   style=\"height: 72px\"><span class=\"vc_empty_space_inner\"><\/span><\/div><\/div><\/div><\/div><\/div><\/section><div class=\"vc_row-full-width vc_clearfix\"><\/div>","protected":false},"excerpt":{"rendered":"Szerviz A professzion\u00e1lis szerviz \u00e9s a gondos kezel\u00e9s meghosszabb\u00edtja haj\u00f3i \u00e9lettartam\u00e1t \u00e9s k\u00e9nyelm\u00e9t. A tapasztalt szerel\u0151k, akik szinte eg\u00e9sz \u00e9let\u00fckben a haj\u00f3k ir\u00e1nt elk\u00f6telezettek, garant\u00e1lj\u00e1k a min\u0151s\u00e9gi PHAROS szolg\u00e1ltat\u00e1st. Szeretettel \u00e9s \u00f6r\u00f6mmel vigy\u00e1znak minden haj\u00f3ra. Az anyagot \u00e9s az alkatr\u00e9szeket a haj\u00f3 saj\u00e1toss\u00e1gainak \u00e9s ig\u00e9nyeinek figyelembev\u00e9tel\u00e9vel v\u00e1lasztj\u00e1k ki. Minden sz\u00fcks\u00e9ges alkatr\u00e9szt id\u0151ben \u00e9s j\u00f3 \u00e1ron sz\u00e1ll\u00edtunk. A haj\u00f3 \u00edgy a szezon el\u0151tt \u00e9s ut\u00e1na 100% ellen\u0151rz\u00e9sre ker\u00fcl, \u00e9s k\u00e9szen \u00e1ll a tov\u00e1bbi biztons\u00e1gos haszn\u00e1latra. A PHAROS sro c\u00e9g rendelkezik tan\u00fas\u00edtv\u00e1nnyal a MARINER, MERCURY, MERCURY MERCRUISER \u00e9s felf\u00fajhat\u00f3 MERCURY cs\u00f3nakok \u00e9s motorok garanci\u00e1lis jav\u00edt\u00e1s\u00e1ra, valamint VOLVO PENTA motorok szervizel\u00e9s\u00e9t \u00e9s az OMC PHAROS sro a k\u00f6vetkez\u0151 szervizmunk\u00e1kat is v\u00e1llalja: \u00e1ltal\u00e1nos motorjav\u00edt\u00e1s garanci\u00e1n t\u00fali szerviz k\u00fcls\u0151 motorok Yamaha, Honda, Suzuki, Tohatsu, Evinrude, Johnson be\u00e9p\u00edtett motorok garanci\u00e1lis szervize Volvo Penta, Omc motorok szezon el\u0151tti \u00e9s ut\u00f3bbi ellen\u0151rz\u00e9se jet-ski szervizel\u00e9s be\u00e9p\u00edtett motorok \u00e9s v\u00e1lt\u00f3k teljes cser\u00e9je felf\u00fajhat\u00f3 cs\u00f3nakok jav\u00edt\u00e1sa, szervize haj\u00f3test jav\u00edt\u00e1s lamin\u00e1l\u00e1ssal \u00e1tlapol\u00f3 ponyv\u00e1k \u00e9s bimini garnit\u00far\u00e1k gy\u00e1rt\u00e1sa [...]","protected":false},"author":1,"featured_media":0,"parent":0,"menu_order":0,"comment_status":"closed","ping_status":"closed","template":"page-templates\/full-width.php","meta":[],"_links":{"self":[{"href":"https:\/\/pharos.sk\/hu\/wp-json\/wp\/v2\/pages\/7929"}],"collection":[{"href":"https:\/\/pharos.sk\/hu\/wp-json\/wp\/v2\/pages"}],"about":[{"href":"https:\/\/pharos.sk\/hu\/wp-json\/wp\/v2\/types\/page"}],"author":[{"embeddable":true,"href":"https:\/\/pharos.sk\/hu\/wp-json\/wp\/v2\/users\/1"}],"replies":[{"embeddable":true,"href":"https:\/\/pharos.sk\/hu\/wp-json\/wp\/v2\/comments?post=7929"}],"version-history":[{"count":0,"href":"https:\/\/pharos.sk\/hu\/wp-json\/wp\/v2\/pages\/7929\/revisions"}],"wp:attachment":[{"href":"https:\/\/pharos.sk\/hu\/wp-json\/wp\/v2\/media?parent=7929"}],"curies":[{"name":"wp","href":"https:\/\/api.w.org\/{rel}","templated":true}]}}