{"id":8302,"date":"2022-01-11T15:33:31","date_gmt":"2022-01-11T14:33:31","guid":{"rendered":"https:\/\/pharos.sk\/?page_id=8302"},"modified":"2022-01-12T13:20:57","modified_gmt":"2022-01-12T12:20:57","slug":"predaj-lodnych-privesnych-vozikov","status":"publish","type":"page","link":"https:\/\/pharos.sk\/fr\/predaj-lodnych-privesnych-vozikov\/","title":{"rendered":"Vente de remorques \u00e0 bateaux"},"content":{"rendered":"<div class=\"vc_row wpb_row vc_row-fluid\"><div class=\"wpb_column vc_column_container vc_col-sm-12\"><div class=\"vc_column-inner\"><div class=\"wpb_wrapper\">\n\t<div class=\"wpb_text_column wpb_content_element\" >\n\t\t<div class=\"wpb_wrapper\">\n\t\t\t<p>Notre soci\u00e9t\u00e9 propose la vente de remorques de navires en s\u00e9rie, mais \u00e9galement de remorques sur commande. Profitez de notre exp\u00e9rience, nous nous ferons un plaisir de vous aider et de vous conseiller dans votre s\u00e9lection.<\/p>\n\n\t\t<\/div>\n\t<\/div>\n<\/div><\/div><\/div><\/div>","protected":false},"excerpt":{"rendered":"Notre soci\u00e9t\u00e9 propose la vente de remorques de navires en s\u00e9rie, mais \u00e9galement de remorques sur commande. Profitez de notre exp\u00e9rience, nous nous ferons un plaisir de vous aider et de vous conseiller dans votre s\u00e9lection.","protected":false},"author":1,"featured_media":8300,"parent":0,"menu_order":0,"comment_status":"closed","ping_status":"closed","template":"page-templates\/full-width.php","meta":[],"_links":{"self":[{"href":"https:\/\/pharos.sk\/fr\/wp-json\/wp\/v2\/pages\/8302"}],"collection":[{"href":"https:\/\/pharos.sk\/fr\/wp-json\/wp\/v2\/pages"}],"about":[{"href":"https:\/\/pharos.sk\/fr\/wp-json\/wp\/v2\/types\/page"}],"author":[{"embeddable":true,"href":"https:\/\/pharos.sk\/fr\/wp-json\/wp\/v2\/users\/1"}],"replies":[{"embeddable":true,"href":"https:\/\/pharos.sk\/fr\/wp-json\/wp\/v2\/comments?post=8302"}],"version-history":[{"count":0,"href":"https:\/\/pharos.sk\/fr\/wp-json\/wp\/v2\/pages\/8302\/revisions"}],"wp:featuredmedia":[{"embeddable":true,"href":"https:\/\/pharos.sk\/fr\/wp-json\/wp\/v2\/media\/8300"}],"wp:attachment":[{"href":"https:\/\/pharos.sk\/fr\/wp-json\/wp\/v2\/media?parent=8302"}],"curies":[{"name":"wp","href":"https:\/\/api.w.org\/{rel}","templated":true}]}}