{"id":8225,"date":"2022-01-09T11:32:58","date_gmt":"2022-01-09T10:32:58","guid":{"rendered":"https:\/\/pharos.sk\/?page_id=8225"},"modified":"2022-01-09T11:32:58","modified_gmt":"2022-01-09T10:32:58","slug":"podsvietenie-priestorov-led-diodami","status":"publish","type":"page","link":"https:\/\/pharos.sk\/fr\/podsvietenie-priestorov-led-diodami\/","title":{"rendered":"r\u00e9tro\u00e9clairage LED"},"content":{"rendered":"<div class=\"vc_row wpb_row vc_row-fluid\"><div class=\"wpb_column vc_column_container vc_col-sm-12\"><div class=\"vc_column-inner\"><div class=\"wpb_wrapper\">\n\t<div class=\"wpb_text_column wpb_content_element\" >\n\t\t<div class=\"wpb_wrapper\">\n\t\t\t<p>R\u00e9tro\u00e9clairage LED des zones de stockage et de stockage, des cabines, du cockpit et de la plaque arri\u00e8re.<\/p>\n\n\t\t<\/div>\n\t<\/div>\n<\/div><\/div><\/div><\/div>","protected":false},"excerpt":{"rendered":"R\u00e9tro\u00e9clairage LED des zones de stockage et de stockage, des cabines, du cockpit et de la plaque arri\u00e8re.","protected":false},"author":1,"featured_media":7999,"parent":0,"menu_order":0,"comment_status":"closed","ping_status":"closed","template":"page-templates\/full-width.php","meta":[],"_links":{"self":[{"href":"https:\/\/pharos.sk\/fr\/wp-json\/wp\/v2\/pages\/8225"}],"collection":[{"href":"https:\/\/pharos.sk\/fr\/wp-json\/wp\/v2\/pages"}],"about":[{"href":"https:\/\/pharos.sk\/fr\/wp-json\/wp\/v2\/types\/page"}],"author":[{"embeddable":true,"href":"https:\/\/pharos.sk\/fr\/wp-json\/wp\/v2\/users\/1"}],"replies":[{"embeddable":true,"href":"https:\/\/pharos.sk\/fr\/wp-json\/wp\/v2\/comments?post=8225"}],"version-history":[{"count":0,"href":"https:\/\/pharos.sk\/fr\/wp-json\/wp\/v2\/pages\/8225\/revisions"}],"wp:featuredmedia":[{"embeddable":true,"href":"https:\/\/pharos.sk\/fr\/wp-json\/wp\/v2\/media\/7999"}],"wp:attachment":[{"href":"https:\/\/pharos.sk\/fr\/wp-json\/wp\/v2\/media?parent=8225"}],"curies":[{"name":"wp","href":"https:\/\/api.w.org\/{rel}","templated":true}]}}