{"id":8215,"date":"2022-01-07T18:00:53","date_gmt":"2022-01-07T17:00:53","guid":{"rendered":"https:\/\/pharos.sk\/?page_id=8215"},"modified":"2022-01-20T10:36:45","modified_gmt":"2022-01-20T09:36:45","slug":"ce-certifikaty","status":"publish","type":"page","link":"https:\/\/pharos.sk\/fr\/ce-certifikaty\/","title":{"rendered":"Certificats CE"},"content":{"rendered":"<div class=\"vc_row wpb_row vc_row-fluid\"><div class=\"wpb_column vc_column_container vc_col-sm-8\"><div class=\"vc_column-inner\"><div class=\"wpb_wrapper\">\n\t<div class=\"wpb_text_column wpb_content_element\" >\n\t\t<div class=\"wpb_wrapper\">\n\t\t\t<p>Notre soci\u00e9t\u00e9 assure la m\u00e9diation en coop\u00e9ration avec une soci\u00e9t\u00e9 partenaire, qui est un organisme notifi\u00e9 et autoris\u00e9 pour l&#039;\u00e9valuation de la conformit\u00e9 des bateaux de plaisance conform\u00e9ment \u00e0 la directive europ\u00e9enne 94\/25 \/ CE, elle est donc habilit\u00e9e \u00e0 &quot;accorder&quot; le marquage CE \u00e0 tous les types de bateaux de plaisance de 2,5 m \u00e0 24 m , les motomarines, les embarcations partiellement assembl\u00e9es, leurs parties telles que les moteurs in-bord ou hors-bord, les r\u00e9servoirs et tuyaux de carburant, l&#039;appareil \u00e0 gouverner et les trous d&#039;homme et fen\u00eatres pr\u00e9fabriqu\u00e9s.<\/p>\n\n\t\t<\/div>\n\t<\/div>\n<\/div><\/div><\/div><div class=\"wpb_column vc_column_container vc_col-sm-4\"><div class=\"vc_column-inner\"><div class=\"wpb_wrapper\"><\/div><\/div><\/div><\/div>","protected":false},"excerpt":{"rendered":"Notre soci\u00e9t\u00e9 assure la m\u00e9diation en coop\u00e9ration avec une soci\u00e9t\u00e9 partenaire, qui est un organisme notifi\u00e9 et autoris\u00e9 pour l&#039;\u00e9valuation de la conformit\u00e9 des bateaux de plaisance conform\u00e9ment \u00e0 la directive europ\u00e9enne 94\/25 \/ CE, elle est donc habilit\u00e9e \u00e0 &quot;accorder&quot; le marquage CE \u00e0 tous les types de bateaux de plaisance de 2,5 m \u00e0 24 m , les motomarines, les embarcations partiellement assembl\u00e9es, leurs parties telles que les moteurs in-bord ou hors-bord, les r\u00e9servoirs et tuyaux de carburant, l&#039;appareil \u00e0 gouverner et les trous d&#039;homme et fen\u00eatres pr\u00e9fabriqu\u00e9s.","protected":false},"author":1,"featured_media":0,"parent":0,"menu_order":0,"comment_status":"closed","ping_status":"closed","template":"page-templates\/full-width.php","meta":[],"_links":{"self":[{"href":"https:\/\/pharos.sk\/fr\/wp-json\/wp\/v2\/pages\/8215"}],"collection":[{"href":"https:\/\/pharos.sk\/fr\/wp-json\/wp\/v2\/pages"}],"about":[{"href":"https:\/\/pharos.sk\/fr\/wp-json\/wp\/v2\/types\/page"}],"author":[{"embeddable":true,"href":"https:\/\/pharos.sk\/fr\/wp-json\/wp\/v2\/users\/1"}],"replies":[{"embeddable":true,"href":"https:\/\/pharos.sk\/fr\/wp-json\/wp\/v2\/comments?post=8215"}],"version-history":[{"count":0,"href":"https:\/\/pharos.sk\/fr\/wp-json\/wp\/v2\/pages\/8215\/revisions"}],"wp:attachment":[{"href":"https:\/\/pharos.sk\/fr\/wp-json\/wp\/v2\/media?parent=8215"}],"curies":[{"name":"wp","href":"https:\/\/api.w.org\/{rel}","templated":true}]}}