{"id":8059,"date":"2021-12-09T01:54:09","date_gmt":"2021-12-09T00:54:09","guid":{"rendered":"https:\/\/pharos.sk\/?page_id=8059"},"modified":"2022-01-20T10:27:25","modified_gmt":"2022-01-20T09:27:25","slug":"oleje-a-lubrikanty","status":"publish","type":"page","link":"https:\/\/pharos.sk\/fr\/oleje-a-lubrikanty\/","title":{"rendered":"Huiles et lubrifiants"},"content":{"rendered":"<div class=\"vc_row wpb_row vc_row-fluid\"><div class=\"wpb_column vc_column_container vc_col-sm-6\"><div class=\"vc_column-inner\"><div class=\"wpb_wrapper\">\n\t<div class=\"wpb_text_column wpb_content_element\" >\n\t\t<div class=\"wpb_wrapper\">\n\t\t\t<p>La soci\u00e9t\u00e9 PHAROS sro propose \u00e0 la vente des huiles et lubrifiants de premi\u00e8re classe de la marque QUICKSILVER, pour la protection de vos moteurs hors-bord et int\u00e9gr\u00e9s. Parce que votre moteur m\u00e9rite les meilleurs soins possibles et en utilisant le bon \u00e9quipement de protection de haute qualit\u00e9, il fonctionnera de mani\u00e8re plus fluide, plus propre et litt\u00e9ralement sans tracas avec un entretien r\u00e9gulier.<\/p>\n<p>Quicksilver a le bon outil pour chaque type de moteur et de pi\u00e8ce. Pour les moteurs int\u00e9gr\u00e9s et hors-bord, nous proposons :<\/p>\n<ul>\n<li>huiles hors-bord<\/li>\n<li>huiles pour moteurs 2 - 4 temps<\/li>\n<li>huiles pour moteurs diesel et essence int\u00e9gr\u00e9s<\/li>\n<li>additifs pour syst\u00e8me de carburant<\/li>\n<li>huiles de transmission<\/li>\n<li>lubrifiants anti-corrosion<\/li>\n<li>liquides de refroidissement<\/li>\n<\/ul>\n<p>Si vous \u00eates int\u00e9ress\u00e9, n&#039;h\u00e9sitez pas \u00e0 nous contacter et nous vous conseillerons et choisirons l&#039;\u00e9quipement de protection le plus adapt\u00e9 \u00e0 votre moteur.<\/p>\n\n\t\t<\/div>\n\t<\/div>\n<\/div><\/div><\/div><div class=\"wpb_column vc_column_container vc_col-sm-6\"><div class=\"vc_column-inner\"><div class=\"wpb_wrapper\"><div class=\"wpb_gallery wpb_content_element vc_clearfix\" ><div class=\"wpb_wrapper\"><div class=\"wpb_gallery_slides wpb_image_grid\" data-interval=\"3\"><ul class=\"wpb_image_grid_ul\"><li class=\"isotope-item\"><a class=\"\" href=\"https:\/\/pharos.sk\/wp-content\/uploads\/2022\/01\/QsEngCare_Intro2-750x500-1.jpg\" data-lightbox=\"lightbox[rel-8059-2610479986]\"><img width=\"150\" height=\"150\" src=\"https:\/\/pharos.sk\/wp-content\/uploads\/2022\/01\/QsEngCare_Intro2-750x500-1-150x150.jpg\" class=\"attachment-thumbnail\" alt=\"\" loading=\"lazy\" title=\"QsEngCare_Intro2 750x500\" srcset=\"https:\/\/pharos.sk\/wp-content\/uploads\/2022\/01\/QsEngCare_Intro2-750x500-1-150x150.jpg 150w, https:\/\/pharos.sk\/wp-content\/uploads\/2022\/01\/QsEngCare_Intro2-750x500-1-24x24.jpg 24w, https:\/\/pharos.sk\/wp-content\/uploads\/2022\/01\/QsEngCare_Intro2-750x500-1-48x48.jpg 48w, https:\/\/pharos.sk\/wp-content\/uploads\/2022\/01\/QsEngCare_Intro2-750x500-1-96x96.jpg 96w, https:\/\/pharos.sk\/wp-content\/uploads\/2022\/01\/QsEngCare_Intro2-750x500-1-300x300.jpg 300w, https:\/\/pharos.sk\/wp-content\/uploads\/2022\/01\/QsEngCare_Intro2-750x500-1-200x200.jpg 200w, https:\/\/pharos.sk\/wp-content\/uploads\/2022\/01\/QsEngCare_Intro2-750x500-1-70x70.jpg 70w, https:\/\/pharos.sk\/wp-content\/uploads\/2022\/01\/QsEngCare_Intro2-750x500-1-290x290.jpg 290w\" sizes=\"(max-width: 150px) 100vw, 150px\" \/><\/a><\/li><li class=\"isotope-item\"><a class=\"\" href=\"https:\/\/pharos.sk\/wp-content\/uploads\/2021\/12\/81ysdzJiXdL._AC_SL1500_-1-1024x594.jpg\" data-lightbox=\"lightbox[rel-8059-2610479986]\"><img width=\"150\" height=\"150\" src=\"https:\/\/pharos.sk\/wp-content\/uploads\/2021\/12\/81ysdzJiXdL._AC_SL1500_-1-150x150.jpg\" class=\"attachment-thumbnail\" alt=\"\" loading=\"lazy\" title=\"81ysdzJiXdL._AC_SL1500_\" srcset=\"https:\/\/pharos.sk\/wp-content\/uploads\/2021\/12\/81ysdzJiXdL._AC_SL1500_-1-150x150.jpg 150w, https:\/\/pharos.sk\/wp-content\/uploads\/2021\/12\/81ysdzJiXdL._AC_SL1500_-1-24x24.jpg 24w, https:\/\/pharos.sk\/wp-content\/uploads\/2021\/12\/81ysdzJiXdL._AC_SL1500_-1-48x48.jpg 48w, https:\/\/pharos.sk\/wp-content\/uploads\/2021\/12\/81ysdzJiXdL._AC_SL1500_-1-96x96.jpg 96w, https:\/\/pharos.sk\/wp-content\/uploads\/2021\/12\/81ysdzJiXdL._AC_SL1500_-1-300x300.jpg 300w, https:\/\/pharos.sk\/wp-content\/uploads\/2021\/12\/81ysdzJiXdL._AC_SL1500_-1-200x200.jpg 200w, https:\/\/pharos.sk\/wp-content\/uploads\/2021\/12\/81ysdzJiXdL._AC_SL1500_-1-70x70.jpg 70w, https:\/\/pharos.sk\/wp-content\/uploads\/2021\/12\/81ysdzJiXdL._AC_SL1500_-1-290x290.jpg 290w\" sizes=\"(max-width: 150px) 100vw, 150px\" \/><\/a><\/li><li class=\"isotope-item\"><a class=\"\" href=\"https:\/\/pharos.sk\/wp-content\/uploads\/2021\/12\/312332_1.jpg\" data-lightbox=\"lightbox[rel-8059-2610479986]\"><img width=\"150\" height=\"150\" src=\"https:\/\/pharos.sk\/wp-content\/uploads\/2021\/12\/312332_1-150x150.jpg\" class=\"attachment-thumbnail\" alt=\"\" loading=\"lazy\" title=\"312332_1\" srcset=\"https:\/\/pharos.sk\/wp-content\/uploads\/2021\/12\/312332_1-150x150.jpg 150w, https:\/\/pharos.sk\/wp-content\/uploads\/2021\/12\/312332_1-300x300.jpg 300w, https:\/\/pharos.sk\/wp-content\/uploads\/2021\/12\/312332_1-768x768.jpg 768w, https:\/\/pharos.sk\/wp-content\/uploads\/2021\/12\/312332_1-24x24.jpg 24w, https:\/\/pharos.sk\/wp-content\/uploads\/2021\/12\/312332_1-48x48.jpg 48w, https:\/\/pharos.sk\/wp-content\/uploads\/2021\/12\/312332_1-96x96.jpg 96w, https:\/\/pharos.sk\/wp-content\/uploads\/2021\/12\/312332_1-200x200.jpg 200w, https:\/\/pharos.sk\/wp-content\/uploads\/2021\/12\/312332_1-70x70.jpg 70w, https:\/\/pharos.sk\/wp-content\/uploads\/2021\/12\/312332_1-125x125.jpg 125w, https:\/\/pharos.sk\/wp-content\/uploads\/2021\/12\/312332_1-290x290.jpg 290w, https:\/\/pharos.sk\/wp-content\/uploads\/2021\/12\/312332_1.jpg 1000w\" sizes=\"(max-width: 150px) 100vw, 150px\" \/><\/a><\/li><li class=\"isotope-item\"><a class=\"\" href=\"https:\/\/pharos.sk\/wp-content\/uploads\/2021\/12\/db9fab86.jpg\" data-lightbox=\"lightbox[rel-8059-2610479986]\"><img width=\"150\" height=\"150\" src=\"https:\/\/pharos.sk\/wp-content\/uploads\/2021\/12\/db9fab86-150x150.jpg\" class=\"attachment-thumbnail\" alt=\"\" loading=\"lazy\" title=\"db9fab86\" srcset=\"https:\/\/pharos.sk\/wp-content\/uploads\/2021\/12\/db9fab86-150x150.jpg 150w, https:\/\/pharos.sk\/wp-content\/uploads\/2021\/12\/db9fab86-24x24.jpg 24w, https:\/\/pharos.sk\/wp-content\/uploads\/2021\/12\/db9fab86-48x48.jpg 48w, https:\/\/pharos.sk\/wp-content\/uploads\/2021\/12\/db9fab86-96x96.jpg 96w, https:\/\/pharos.sk\/wp-content\/uploads\/2021\/12\/db9fab86-280x280.jpg 280w, https:\/\/pharos.sk\/wp-content\/uploads\/2021\/12\/db9fab86-200x200.jpg 200w, https:\/\/pharos.sk\/wp-content\/uploads\/2021\/12\/db9fab86-70x70.jpg 70w\" sizes=\"(max-width: 150px) 100vw, 150px\" \/><\/a><\/li><li class=\"isotope-item\"><a class=\"\" href=\"https:\/\/pharos.sk\/wp-content\/uploads\/2021\/12\/lubrikant.jpg\" data-lightbox=\"lightbox[rel-8059-2610479986]\"><img width=\"150\" height=\"150\" src=\"https:\/\/pharos.sk\/wp-content\/uploads\/2021\/12\/lubrikant-150x150.jpg\" class=\"attachment-thumbnail\" alt=\"\" loading=\"lazy\" title=\"lubrifiant\" srcset=\"https:\/\/pharos.sk\/wp-content\/uploads\/2021\/12\/lubrikant-150x150.jpg 150w, https:\/\/pharos.sk\/wp-content\/uploads\/2021\/12\/lubrikant-300x300.jpg 300w, https:\/\/pharos.sk\/wp-content\/uploads\/2021\/12\/lubrikant-24x24.jpg 24w, https:\/\/pharos.sk\/wp-content\/uploads\/2021\/12\/lubrikant-48x48.jpg 48w, https:\/\/pharos.sk\/wp-content\/uploads\/2021\/12\/lubrikant-96x96.jpg 96w, https:\/\/pharos.sk\/wp-content\/uploads\/2021\/12\/lubrikant-200x200.jpg 200w, https:\/\/pharos.sk\/wp-content\/uploads\/2021\/12\/lubrikant-70x70.jpg 70w, https:\/\/pharos.sk\/wp-content\/uploads\/2021\/12\/lubrikant-125x125.jpg 125w, https:\/\/pharos.sk\/wp-content\/uploads\/2021\/12\/lubrikant-290x290.jpg 290w, https:\/\/pharos.sk\/wp-content\/uploads\/2021\/12\/lubrikant.jpg 700w\" sizes=\"(max-width: 150px) 100vw, 150px\" \/><\/a><\/li><\/ul><\/div><\/div><\/div><\/div><\/div><\/div><\/div>","protected":false},"excerpt":{"rendered":"La soci\u00e9t\u00e9 PHAROS sro propose \u00e0 la vente des huiles et lubrifiants de premi\u00e8re classe de la marque QUICKSILVER, pour la protection de vos moteurs hors-bord et int\u00e9gr\u00e9s. Parce que votre moteur m\u00e9rite les meilleurs soins possibles et en utilisant le bon \u00e9quipement de protection de haute qualit\u00e9, il fonctionnera de mani\u00e8re plus fluide, plus propre et litt\u00e9ralement sans tracas avec un entretien r\u00e9gulier. Quicksilver a le bon outil pour chaque type de moteur et de pi\u00e8ce. Pour les moteurs int\u00e9gr\u00e9s et hors-bord, nous proposons : des huiles pour moteurs hors-bord des huiles pour moteurs 2 \u00e0 4 temps des huiles pour moteurs diesel et essence int\u00e9gr\u00e9s des additifs pour syst\u00e8me d&#039;alimentation des huiles de transmission des lubrifiants anticorrosion des liquides de refroidissement En cas d&#039;int\u00e9r\u00eat, n&#039;h\u00e9sitez pas \u00e0 nous contacter nous et nous vous conseillerons et choisirons les moyens de protection les plus adapt\u00e9s \u00e0 votre moteur.","protected":false},"author":1,"featured_media":0,"parent":0,"menu_order":0,"comment_status":"closed","ping_status":"closed","template":"page-templates\/full-width.php","meta":[],"_links":{"self":[{"href":"https:\/\/pharos.sk\/fr\/wp-json\/wp\/v2\/pages\/8059"}],"collection":[{"href":"https:\/\/pharos.sk\/fr\/wp-json\/wp\/v2\/pages"}],"about":[{"href":"https:\/\/pharos.sk\/fr\/wp-json\/wp\/v2\/types\/page"}],"author":[{"embeddable":true,"href":"https:\/\/pharos.sk\/fr\/wp-json\/wp\/v2\/users\/1"}],"replies":[{"embeddable":true,"href":"https:\/\/pharos.sk\/fr\/wp-json\/wp\/v2\/comments?post=8059"}],"version-history":[{"count":0,"href":"https:\/\/pharos.sk\/fr\/wp-json\/wp\/v2\/pages\/8059\/revisions"}],"wp:attachment":[{"href":"https:\/\/pharos.sk\/fr\/wp-json\/wp\/v2\/media?parent=8059"}],"curies":[{"name":"wp","href":"https:\/\/api.w.org\/{rel}","templated":true}]}}