{"id":7929,"date":"2021-12-02T23:54:44","date_gmt":"2021-12-02T22:54:44","guid":{"rendered":"https:\/\/pharos.sk\/?page_id=7929"},"modified":"2022-01-20T10:43:02","modified_gmt":"2022-01-20T09:43:02","slug":"servis","status":"publish","type":"page","link":"https:\/\/pharos.sk\/fr\/servis\/","title":{"rendered":"Un service"},"content":{"rendered":"<section data-vc-full-width=\"true\" data-vc-full-width-init=\"false\" class=\"vc_section\"><div class=\"vc_row wpb_row vc_row-fluid\"><div class=\"wpb_column vc_column_container vc_col-sm-12\"><div class=\"vc_column-inner\"><div class=\"wpb_wrapper\"><div class=\"heading  header-subheader align-left color-black subcolor-main transform-default theme-icon-second icon-type-hidden   vc_custom_1638485946803 heading-tag-h1\" id=\"like_sc_header_1449594263\"><h1 class=\"header ltx-sr-id-like_sc_header_14495942635934366 ltx-sr ltx-sr-effect-fade_in ltx-sr-el-block ltx-sr-delay-0 ltx-sr-duration-1000 ltx-sr-sequences-0\">Un service<\/h1><\/div>\n\t<div class=\"wpb_text_column wpb_content_element\" >\n\t\t<div class=\"wpb_wrapper\">\n\t\t\t<p>Un service professionnel et une manipulation soigneuse prolongeront la dur\u00e9e de vie et augmenteront le confort de vos navires. Des m\u00e9caniciens exp\u00e9riment\u00e9s, d\u00e9di\u00e9s aux bateaux presque toute leur vie, garantissent un service PHAROS de qualit\u00e9. Ils prennent soin de chaque bateau avec amour et joie. Le mat\u00e9riau et les composants sont choisis en fonction des sp\u00e9cificit\u00e9s et des besoins du bateau. Toutes les pi\u00e8ces n\u00e9cessaires sont livr\u00e9es \u00e0 temps et \u00e0 bon prix. Le bateau est ainsi v\u00e9rifi\u00e9 avant la saison et apr\u00e8s 100% et pr\u00eat pour une utilisation en toute s\u00e9curit\u00e9.<\/p>\n<p>La soci\u00e9t\u00e9 PHAROS sro dispose de certificats pour les r\u00e9parations sous garantie des bateaux et des moteurs<br \/>\n<strong>MARINER, MERCURE, MERCURE MERCRUISER<\/strong><br \/>\net bateaux pneumatiques\u00a0<strong>MERCURE<\/strong>, continue d&#039;effectuer<br \/>\nentretien du moteur\u00a0<strong>VOLVO<\/strong>\u00a0<strong>PENTA<\/strong>\u00a0une\u00a0<strong>MOC<\/strong><\/p>\n<p>&nbsp;<\/p>\n<h3>PHAROS sro propose \u00e9galement les travaux de service suivants :<\/h3>\n<table border=\"0\" cellspacing=\"0\" cellpadding=\"0\">\n<tbody>\n<tr>\n<td>\n<ul>\n<li>r\u00e9visions de moteurs<\/li>\n<li>service apr\u00e8s-vente des moteurs hors-bord Yamaha, Honda,<\/li>\n<li>Suzuki, Tohatsu, Evinrude, Johnson<\/li>\n<li>service apr\u00e8s-garantie des moteurs int\u00e9gr\u00e9s Volvo Penta, Omc<\/li>\n<li>inspections des moteurs avant et apr\u00e8s la saison<\/li>\n<li>service de jet ski<\/li>\n<li>remplacement complet des moteurs et r\u00e9ducteurs int\u00e9gr\u00e9s<\/li>\n<li>r\u00e9parations et entretien de bateaux pneumatiques<\/li>\n<li>r\u00e9paration coque par laminage<\/li>\n<li>production de b\u00e2ches et ensembles bimini<\/li>\n<li>travaux de tapisserie<\/li>\n<\/ul>\n<\/td>\n<td>&nbsp;<\/p>\n<ul>\n<li>inspections r\u00e9guli\u00e8res des moteurs et des bateaux<\/li>\n<li>hivernage et hivernage des moteurs<\/li>\n<li>rev\u00eatements antisalissures<\/li>\n<li>r\u00e9parations d&#039;installations \u00e9lectriques<\/li>\n<li>pose d&#039;accessoires<\/li>\n<li>nettoyage et polissage de bateaux<\/li>\n<li>travail de service \u00e0 l&#039;\u00e9tranger<\/li>\n<li>stationnement d&#039;hiver et d&#039;\u00e9t\u00e9 des navires<\/li>\n<li>transport de navires<\/li>\n<li>fourniture de pi\u00e8ces d\u00e9tach\u00e9es pour moteurs et navires<\/li>\n<li>Certification CE des navires<\/li>\n<\/ul>\n<p>&nbsp;<\/td>\n<\/tr>\n<\/tbody>\n<\/table>\n<h4><\/h4>\n<h4>Nous proposons \u00e9galement :<\/h4>\n<ul>\n<li><strong>parking d&#039;hiver pour bateaux dans le hall<\/strong><\/li>\n<\/ul>\n\n\t\t<\/div>\n\t<\/div>\n<\/div><\/div><\/div><\/div><div class=\"vc_row wpb_row vc_row-fluid\"><div class=\"wpb_column vc_column_container vc_col-sm-12\"><div class=\"vc_column-inner\"><div class=\"wpb_wrapper\"><div class=\"vc_empty_space\"   style=\"height: 72px\"><span class=\"vc_empty_space_inner\"><\/span><\/div><\/div><\/div><\/div><\/div><\/section><div class=\"vc_row-full-width vc_clearfix\"><\/div>","protected":false},"excerpt":{"rendered":"Service Un service professionnel et une manipulation soigneuse prolongeront la dur\u00e9e de vie et augmenteront le confort de vos bateaux. Des m\u00e9caniciens exp\u00e9riment\u00e9s, d\u00e9di\u00e9s aux bateaux presque toute leur vie, garantissent un service PHAROS de qualit\u00e9. Ils prennent soin de chaque bateau avec amour et joie. Le mat\u00e9riau et les composants sont choisis en fonction des sp\u00e9cificit\u00e9s et des besoins du bateau. Toutes les pi\u00e8ces n\u00e9cessaires sont livr\u00e9es \u00e0 temps et \u00e0 bon prix. Le bateau est ainsi v\u00e9rifi\u00e9 avant la saison et apr\u00e8s 100% et pr\u00eat pour une utilisation en toute s\u00e9curit\u00e9. La soci\u00e9t\u00e9 PHAROS sro poss\u00e8de des certificats pour les r\u00e9parations sous garantie des bateaux et des moteurs MARINER, MERCURY, MERCURY MERCRUISER et des bateaux pneumatiques MERCURY, elle effectue \u00e9galement le service des moteurs VOLVO PENTA et OMC PHAROS sro propose \u00e9galement les travaux de service suivants\u00a0: r\u00e9parations g\u00e9n\u00e9rales du moteur service apr\u00e8s-garantie des moteurs hors-bord Yamaha, Honda, Suzuki , Tohatsu, Evinrude, Johnson service apr\u00e8s-garantie des moteurs int\u00e9gr\u00e9s Volvo Penta, Omc inspections pr\u00e9-saison et post-saison des moteurs service des jet-skis remplacement complet des moteurs int\u00e9gr\u00e9s et des transmissions r\u00e9paration et entretien de bateaux pneumatiques r\u00e9paration de coques par laminage fabrication de b\u00e2ches superpos\u00e9es et ensembles bimini [...]","protected":false},"author":1,"featured_media":0,"parent":0,"menu_order":0,"comment_status":"closed","ping_status":"closed","template":"page-templates\/full-width.php","meta":[],"_links":{"self":[{"href":"https:\/\/pharos.sk\/fr\/wp-json\/wp\/v2\/pages\/7929"}],"collection":[{"href":"https:\/\/pharos.sk\/fr\/wp-json\/wp\/v2\/pages"}],"about":[{"href":"https:\/\/pharos.sk\/fr\/wp-json\/wp\/v2\/types\/page"}],"author":[{"embeddable":true,"href":"https:\/\/pharos.sk\/fr\/wp-json\/wp\/v2\/users\/1"}],"replies":[{"embeddable":true,"href":"https:\/\/pharos.sk\/fr\/wp-json\/wp\/v2\/comments?post=7929"}],"version-history":[{"count":0,"href":"https:\/\/pharos.sk\/fr\/wp-json\/wp\/v2\/pages\/7929\/revisions"}],"wp:attachment":[{"href":"https:\/\/pharos.sk\/fr\/wp-json\/wp\/v2\/media?parent=7929"}],"curies":[{"name":"wp","href":"https:\/\/api.w.org\/{rel}","templated":true}]}}