{"id":8437,"date":"2022-03-25T14:55:46","date_gmt":"2022-03-25T13:55:46","guid":{"rendered":"https:\/\/pharos.sk\/?page_id=8437"},"modified":"2022-03-25T14:59:31","modified_gmt":"2022-03-25T13:59:31","slug":"zasady-pouzivania-cookies","status":"publish","type":"page","link":"https:\/\/pharos.sk\/de\/zasady-pouzivania-cookies\/","title":{"rendered":"Z\u00e1sady pou\u017e\u00edvania cookies"},"content":{"rendered":"<section data-vc-full-width=\"true\" data-vc-full-width-init=\"false\" class=\"vc_section\"><div class=\"vc_row wpb_row vc_row-fluid\"><div class=\"wpb_column vc_column_container vc_col-sm-12\"><div class=\"vc_column-inner\"><div class=\"wpb_wrapper\">\n\t<div class=\"wpb_text_column wpb_content_element\" >\n\t\t<div class=\"wpb_wrapper\">\n\t\t\t<p><strong>Z\u00e1sady pou\u017e\u00edvania cookies<\/strong><\/p>\n<p>V\u0161eobecne inform\u00e1cie o po\u017e\u00edvan\u00ed s\u00faborov cookies<\/p>\n<p>Diese Website verwendet Cookies, um Ihr Surferlebnis zu verbessern. Diese speichern Cookies in Ihrem Browser, die nach Bedarf kategorisiert sind, da sie f\u00fcr das Funktionieren der Grundfunktionen der Website erforderlich sind. Wir verwenden auch Cookies von Drittanbietern, um zu analysieren und zu verstehen, wie Sie diese Website nutzen. Diese Cookies werden nur mit Ihrer Zustimmung in Ihrem Browser gespeichert. Sie haben auch die M\u00f6glichkeit, diese Cookies zu l\u00f6schen. Das Widerrufen einiger dieser Cookies kann jedoch Ihr Surferlebnis beeintr\u00e4chtigen.<\/p>\n<p><strong>\u010co s\u00fa s\u00fabory cookies<\/strong><br \/>\nPri n\u00e1v\u0161teve na\u0161ich internetov\u00fdch str\u00e1nok sa do v\u00e1\u0161ho zariadenia \u010di prehliada\u010da ukladaj\u00fa mal\u00e9 textov\u00e9 \u010di in\u00e9 s\u00fabory cookies, pr\u00edp. sa pou\u017e\u00edvaj\u00fa in\u00e9 technol\u00f3gie na podobn\u00e9 \u00fa\u010dely (\u010falej s\u00fahrnne len \u201ecookies\u201c). Cookies s\u00fa pri \u010fal\u0161ej n\u00e1v\u0161teve odoslan\u00e9 sp\u00e4\u0165 a umo\u017e\u0148uj\u00fa tak identifikova\u0165 a poskytova\u0165 inform\u00e1cie o zariadeniach, z ktor\u00fdch sa na str\u00e1nky prip\u00e1jate. Cookies sa pou\u017e\u00edvaj\u00fa na to, aby str\u00e1nky fungovali, boli bezpe\u010dn\u00e9, r\u00fdchle a efekt\u00edvne. Aj v\u010faka nim m\u00f4\u017eeme zlep\u0161ova\u0165 na\u0161e slu\u017eby, preto\u017ee n\u00e1m umo\u017e\u0148uj\u00fa vyhodnocova\u0165 spr\u00e1vanie pri n\u00e1v\u0161teve str\u00e1nok. M\u00f4\u017eeme v\u00e1m potom pon\u00faka\u0165 obsah prisp\u00f4soben\u00fd va\u0161im predpokladan\u00fdm z\u00e1ujmom.<\/p>\n<p><strong>Ak\u00e9 druhy cookies pou\u017e\u00edvame?<\/strong><br \/>\nNa na\u0161ich str\u00e1nkach sa m\u00f4\u017eete stretn\u00fa\u0165 s nasleduj\u00facimi cookies, ktor\u00e9 sme pre preh\u013eadnos\u0165 rozdelili do t\u00fdchto kateg\u00f3ri\u00ed:<br \/>\n<strong>Notwendige Dateien<\/strong> &#8211; Nevyhnutn\u00e9 s\u00fabory cookie s\u00fa absol\u00fatne nevyhnutn\u00e9 pre spr\u00e1vne fungovanie webovej str\u00e1nky. Tieto s\u00fabory cookie anonymne zais\u0165uj\u00fa z\u00e1kladn\u00e9 funkcie a bezpe\u010dnostn\u00e9 prvky webovej str\u00e1nky.<br \/>\n<strong>Funktionsdateien<\/strong> &#8211; Funk\u010dn\u00e9 s\u00fabory cookie pom\u00e1haj\u00fa vykon\u00e1va\u0165 ur\u010dit\u00e9 funkcie, ako je zdie\u013eanie obsahu webovej str\u00e1nky na platform\u00e1ch soci\u00e1lnych m\u00e9di\u00ed, zhroma\u017e\u010fovanie sp\u00e4tnej v\u00e4zby a \u010fal\u0161ie funkcie tret\u00edch str\u00e1n.<br \/>\n<strong>Leistungsdateien<\/strong> &#8211; V\u00fdkonnostn\u00e9 s\u00fabory cookie sa pou\u017e\u00edvaj\u00fa na pochopenie a anal\u00fdzu k\u013e\u00fa\u010dov\u00fdch indexov v\u00fdkonnosti webovej str\u00e1nky, \u010do pom\u00e1ha pri poskytovan\u00ed lep\u0161ej pou\u017e\u00edvate\u013eskej sk\u00fasenosti pre n\u00e1v\u0161tevn\u00edkov.<br \/>\n<strong>Analytische Cookies<\/strong> &#8211; Analytick\u00e9 cookies sa pou\u017e\u00edvaj\u00fa na pochopenie toho, ako n\u00e1v\u0161tevn\u00edci interaguj\u00fa s webovou str\u00e1nkou. Tieto s\u00fabory cookie pom\u00e1haj\u00fa poskytova\u0165 inform\u00e1cie o metrik\u00e1ch, ako je po\u010det n\u00e1v\u0161tevn\u00edkov, miera odchodov, zdroj n\u00e1v\u0161tevnosti at\u010f.<br \/>\n<strong>Werbedateien<\/strong> &#8211; Reklamn\u00e9 s\u00fabory cookie sa pou\u017e\u00edvaj\u00fa na poskytovanie relevantn\u00fdch rekl\u00e1m a marketingov\u00fdch kampan\u00ed n\u00e1v\u0161tevn\u00edkom. Tieto s\u00fabory cookie sleduj\u00fa n\u00e1v\u0161tevn\u00edkov na webov\u00fdch str\u00e1nkach a zhroma\u017e\u010fuj\u00fa inform\u00e1cie na poskytovanie prisp\u00f4soben\u00fdch rekl\u00e1m.<\/p>\n<p><strong>Ako si nastavi\u0165 cookies?<\/strong><br \/>\nPri prvej n\u00e1v\u0161teve str\u00e1nok sa v\u00e1m zobraz\u00ed tzv. cookie li\u0161ta, kde si m\u00f4\u017eete nastavi\u0165, ktor\u00e9 volite\u013en\u00e9 cookies povol\u00edte. Pre va\u0161u r\u00fdchlu a pohodln\u00fa vo\u013ebu m\u00f4\u017eete tie\u017e prija\u0165 v\u0161etky alebo odmietnu\u0165 v\u0161etky volite\u013en\u00e9 cookies. Svoj v\u00fdber m\u00f4\u017eete kedyko\u013evek zmeni\u0165. Cookies taktie\u017e m\u00f4\u017eete zak\u00e1za\u0165 v nastaven\u00ed v\u00e1\u0161ho prehliada\u010da, pr\u00edp. ulo\u017een\u00e9 cookies tak m\u00f4\u017eete odstr\u00e1ni\u0165. Niektor\u00e9 prehliada\u010de umo\u017e\u0148uj\u00fa vlastn\u00e9 nastavenie \u010di zasielanie ozn\u00e1men\u00ed v pr\u00edpade prijatia. Konkr\u00e9tne inform\u00e1cie a n\u00e1vody n\u00e1jdete v Pomocn\u00edkovi v\u00e1\u0161ho prehliada\u010da. Pokia\u013e v\u0161ak zak\u00e1\u017eete alebo odstr\u00e1nite niektor\u00e9 cookies, nemus\u00ed by\u0165 na\u0161e str\u00e1nky \u010di niektor\u00e9 ich funkcie dostupn\u00e9.<\/p>\n<p><strong>Ako dlho zostan\u00fa cookies ulo\u017een\u00e9 v zariaden\u00ed?<\/strong><br \/>\nRozli\u0161ujeme do\u010dasn\u00e9 a trval\u00e9 cookies. Pokia\u013e trval\u00e9 cookies neodstr\u00e1nite sk\u00f4r, zostan\u00fa ulo\u017een\u00e9 prehliada\u010dom a\u017e do doby uplynutia ich platnosti, ktor\u00e1 je uveden\u00e1 pri jednotliv\u00fdch cookies. Do\u010dasn\u00e9 cookies s\u00fa zmazan\u00e9 v okamihu, ke\u010f ukon\u010d\u00edte n\u00e1v\u0161tevu str\u00e1nok.<\/p>\n\n\t\t<\/div>\n\t<\/div>\n<\/div><\/div><\/div><\/div><div class=\"vc_row wpb_row vc_row-fluid\"><div class=\"wpb_column vc_column_container vc_col-sm-12\"><div class=\"vc_column-inner\"><div class=\"wpb_wrapper\"><div class=\"vc_empty_space\"   style=\"height: 72px\"><span class=\"vc_empty_space_inner\"><\/span><\/div><\/div><\/div><\/div><\/div><\/section><div class=\"vc_row-full-width vc_clearfix\"><\/div>","protected":false},"excerpt":{"rendered":"Z\u00e1sady pou\u017e\u00edvania cookies V\u0161eobecne inform\u00e1cie o po\u017e\u00edvan\u00ed s\u00faborov cookies T\u00e1to webov\u00e1 str\u00e1nka pou\u017e\u00edva s\u00fabory cookie na zlep\u0161enie v\u00e1\u0161ho z\u00e1\u017eitku pri prech\u00e1dzan\u00ed webom. Z nich sa vo va\u0161om prehliada\u010di ukladaj\u00fa s\u00fabory cookie, ktor\u00e9 s\u00fa kategorizovan\u00e9 pod\u013ea potreby, preto\u017ee s\u00fa nevyhnutn\u00e9 pre fungovanie z\u00e1kladn\u00fdch funkci\u00ed webovej str\u00e1nky. Pou\u017e\u00edvame aj cookies tret\u00edch str\u00e1n, ktor\u00e9 n\u00e1m pom\u00e1haj\u00fa analyzova\u0165 a pochopi\u0165, ako pou\u017e\u00edvate t\u00fato webov\u00fa str\u00e1nku. Tieto cookies bud\u00fa ulo\u017een\u00e9 vo va\u0161om prehliada\u010di iba s va\u0161\u00edm s\u00fahlasom. M\u00e1te tie\u017e mo\u017enos\u0165 zru\u0161i\u0165 tieto cookies. Zru\u0161enie niektor\u00fdch z t\u00fdchto s\u00faborov cookie v\u0161ak m\u00f4\u017ee ovplyvni\u0165 v\u00e1\u0161 z\u00e1\u017eitok z prehliadania. \u010co s\u00fa s\u00fabory cookies Pri n\u00e1v\u0161teve na\u0161ich internetov\u00fdch str\u00e1nok sa do v\u00e1\u0161ho zariadenia \u010di prehliada\u010da ukladaj\u00fa mal\u00e9 textov\u00e9 \u010di in\u00e9 s\u00fabory cookies, pr\u00edp. sa pou\u017e\u00edvaj\u00fa in\u00e9 technol\u00f3gie na podobn\u00e9 \u00fa\u010dely (\u010falej s\u00fahrnne len \u201ecookies\u201c). Cookies s\u00fa pri \u010fal\u0161ej n\u00e1v\u0161teve odoslan\u00e9 sp\u00e4\u0165 a umo\u017e\u0148uj\u00fa tak identifikova\u0165 a poskytova\u0165 inform\u00e1cie o zariadeniach, z ktor\u00fdch sa na str\u00e1nky prip\u00e1jate. Cookies sa pou\u017e\u00edvaj\u00fa [...]","protected":false},"author":1,"featured_media":0,"parent":0,"menu_order":0,"comment_status":"closed","ping_status":"closed","template":"page-templates\/full-width.php","meta":[],"_links":{"self":[{"href":"https:\/\/pharos.sk\/de\/wp-json\/wp\/v2\/pages\/8437"}],"collection":[{"href":"https:\/\/pharos.sk\/de\/wp-json\/wp\/v2\/pages"}],"about":[{"href":"https:\/\/pharos.sk\/de\/wp-json\/wp\/v2\/types\/page"}],"author":[{"embeddable":true,"href":"https:\/\/pharos.sk\/de\/wp-json\/wp\/v2\/users\/1"}],"replies":[{"embeddable":true,"href":"https:\/\/pharos.sk\/de\/wp-json\/wp\/v2\/comments?post=8437"}],"version-history":[{"count":2,"href":"https:\/\/pharos.sk\/de\/wp-json\/wp\/v2\/pages\/8437\/revisions"}],"predecessor-version":[{"id":8439,"href":"https:\/\/pharos.sk\/de\/wp-json\/wp\/v2\/pages\/8437\/revisions\/8439"}],"wp:attachment":[{"href":"https:\/\/pharos.sk\/de\/wp-json\/wp\/v2\/media?parent=8437"}],"curies":[{"name":"wp","href":"https:\/\/api.w.org\/{rel}","templated":true}]}}