{"id":8318,"date":"2022-01-12T16:14:00","date_gmt":"2022-01-12T15:14:00","guid":{"rendered":"https:\/\/pharos.sk\/?page_id=8318"},"modified":"2022-01-27T12:15:49","modified_gmt":"2022-01-27T11:15:49","slug":"sunrise-yacht","status":"publish","type":"page","link":"https:\/\/pharos.sk\/de\/sunrise-yacht\/","title":{"rendered":"Sunrise-Yacht"},"content":{"rendered":"<div class=\"vc_row wpb_row vc_row-fluid\"><div class=\"wpb_column vc_column_container vc_col-sm-12\"><div class=\"vc_column-inner\"><div class=\"wpb_wrapper\">\n\t<div class=\"wpb_text_column wpb_content_element\" >\n\t\t<div class=\"wpb_wrapper\">\n\t\t\t\n\t\t<\/div>\n\t<\/div>\n\n\t<div class=\"wpb_text_column wpb_content_element\" >\n\t\t<div class=\"wpb_wrapper\">\n\t\t\t<h3>Sunrise-Yacht<\/h3>\n\n\t\t<\/div>\n\t<\/div>\n<\/div><\/div><\/div><\/div><div class=\"vc_row wpb_row vc_row-fluid\"><div class=\"wpb_column vc_column_container vc_col-sm-6\"><div class=\"vc_column-inner\"><div class=\"wpb_wrapper\">\n\t<div class=\"wpb_text_column wpb_content_element\" >\n\t\t<div class=\"wpb_wrapper\">\n\t\t\t<p>Sunrise Yacht besteht aus einer Gruppe von Motorboot-Enthusiasten. Ihr Motto lautet \u201eIhr Erfolg ist unser Erfolg\u201c! In Zusammenarbeit mit Sunrise Yacht k\u00fcmmern wir uns um alle Details. W\u00e4hrend des gesamten Bestell-, Produktions- und Transportprozesses stehen wir in st\u00e4ndigem Kontakt mit unseren Kunden.<\/p>\n\n\t\t<\/div>\n\t<\/div>\n<div class=\"btn-wrap align-center\"><a href=\"https:\/\/sunriseyacht.pl\"  target=\"_blank\"  class=\"btn  btn-xs btn-default color-hover-main align-center   vc_custom_1643280044066\" id=\"like_sc_button_1072655326\">Weitere Informationen unter sunriseyacht.pl<\/a><\/div><div class=\"vc_empty_space\"   style=\"height: 32px\"><span class=\"vc_empty_space_inner\"><\/span><\/div><div class=\"wpb_gallery wpb_content_element vc_clearfix\" ><div class=\"wpb_wrapper\"><div class=\"wpb_gallery_slides wpb_image_grid\" data-interval=\"3\"><ul class=\"wpb_image_grid_ul\"><li class=\"isotope-item\"><a class=\"\" href=\"https:\/\/pharos.sk\/wp-content\/uploads\/2022\/01\/sunrise-yacht_460-1024x576.jpg\" data-lightbox=\"lightbox[rel-8318-1425086572]\"><img width=\"150\" height=\"150\" src=\"https:\/\/pharos.sk\/wp-content\/uploads\/2022\/01\/sunrise-yacht_460-150x150.jpg\" class=\"attachment-thumbnail\" alt=\"\" loading=\"lazy\" title=\"sunrise yacht_460\" srcset=\"https:\/\/pharos.sk\/wp-content\/uploads\/2022\/01\/sunrise-yacht_460-150x150.jpg 150w, https:\/\/pharos.sk\/wp-content\/uploads\/2022\/01\/sunrise-yacht_460-24x24.jpg 24w, https:\/\/pharos.sk\/wp-content\/uploads\/2022\/01\/sunrise-yacht_460-48x48.jpg 48w, https:\/\/pharos.sk\/wp-content\/uploads\/2022\/01\/sunrise-yacht_460-96x96.jpg 96w, https:\/\/pharos.sk\/wp-content\/uploads\/2022\/01\/sunrise-yacht_460-300x300.jpg 300w, https:\/\/pharos.sk\/wp-content\/uploads\/2022\/01\/sunrise-yacht_460-200x200.jpg 200w, https:\/\/pharos.sk\/wp-content\/uploads\/2022\/01\/sunrise-yacht_460-70x70.jpg 70w, https:\/\/pharos.sk\/wp-content\/uploads\/2022\/01\/sunrise-yacht_460-290x290.jpg 290w\" sizes=\"(max-width: 150px) 100vw, 150px\" \/><\/a><\/li><li class=\"isotope-item\"><a class=\"\" href=\"https:\/\/pharos.sk\/wp-content\/uploads\/2022\/01\/sunrise-yacht_480-1024x766.jpg\" data-lightbox=\"lightbox[rel-8318-1425086572]\"><img width=\"150\" height=\"150\" src=\"https:\/\/pharos.sk\/wp-content\/uploads\/2022\/01\/sunrise-yacht_480-150x150.jpg\" class=\"attachment-thumbnail\" alt=\"\" loading=\"lazy\" title=\"sunrise yacht_480\" srcset=\"https:\/\/pharos.sk\/wp-content\/uploads\/2022\/01\/sunrise-yacht_480-150x150.jpg 150w, https:\/\/pharos.sk\/wp-content\/uploads\/2022\/01\/sunrise-yacht_480-24x24.jpg 24w, https:\/\/pharos.sk\/wp-content\/uploads\/2022\/01\/sunrise-yacht_480-48x48.jpg 48w, https:\/\/pharos.sk\/wp-content\/uploads\/2022\/01\/sunrise-yacht_480-96x96.jpg 96w, https:\/\/pharos.sk\/wp-content\/uploads\/2022\/01\/sunrise-yacht_480-300x300.jpg 300w, https:\/\/pharos.sk\/wp-content\/uploads\/2022\/01\/sunrise-yacht_480-200x200.jpg 200w, https:\/\/pharos.sk\/wp-content\/uploads\/2022\/01\/sunrise-yacht_480-70x70.jpg 70w, https:\/\/pharos.sk\/wp-content\/uploads\/2022\/01\/sunrise-yacht_480-290x290.jpg 290w\" sizes=\"(max-width: 150px) 100vw, 150px\" \/><\/a><\/li><li class=\"isotope-item\"><a class=\"\" href=\"https:\/\/pharos.sk\/wp-content\/uploads\/2022\/01\/sunrise-yacht_570.jpeg\" data-lightbox=\"lightbox[rel-8318-1425086572]\"><img width=\"150\" height=\"150\" src=\"https:\/\/pharos.sk\/wp-content\/uploads\/2022\/01\/sunrise-yacht_570-150x150.jpeg\" class=\"attachment-thumbnail\" alt=\"\" loading=\"lazy\" title=\"sunrise yacht_570\" srcset=\"https:\/\/pharos.sk\/wp-content\/uploads\/2022\/01\/sunrise-yacht_570-150x150.jpeg 150w, https:\/\/pharos.sk\/wp-content\/uploads\/2022\/01\/sunrise-yacht_570-24x24.jpeg 24w, https:\/\/pharos.sk\/wp-content\/uploads\/2022\/01\/sunrise-yacht_570-48x48.jpeg 48w, https:\/\/pharos.sk\/wp-content\/uploads\/2022\/01\/sunrise-yacht_570-96x96.jpeg 96w, https:\/\/pharos.sk\/wp-content\/uploads\/2022\/01\/sunrise-yacht_570-300x300.jpeg 300w, https:\/\/pharos.sk\/wp-content\/uploads\/2022\/01\/sunrise-yacht_570-200x200.jpeg 200w, https:\/\/pharos.sk\/wp-content\/uploads\/2022\/01\/sunrise-yacht_570-70x70.jpeg 70w, https:\/\/pharos.sk\/wp-content\/uploads\/2022\/01\/sunrise-yacht_570-290x290.jpeg 290w\" sizes=\"(max-width: 150px) 100vw, 150px\" \/><\/a><\/li><li class=\"isotope-item\"><a class=\"\" href=\"https:\/\/pharos.sk\/wp-content\/uploads\/2022\/01\/sunrise-yacht_680.jpeg\" data-lightbox=\"lightbox[rel-8318-1425086572]\"><img width=\"150\" height=\"150\" src=\"https:\/\/pharos.sk\/wp-content\/uploads\/2022\/01\/sunrise-yacht_680-150x150.jpeg\" class=\"attachment-thumbnail\" alt=\"\" loading=\"lazy\" title=\"sunrise yacht_680\" srcset=\"https:\/\/pharos.sk\/wp-content\/uploads\/2022\/01\/sunrise-yacht_680-150x150.jpeg 150w, https:\/\/pharos.sk\/wp-content\/uploads\/2022\/01\/sunrise-yacht_680-24x24.jpeg 24w, https:\/\/pharos.sk\/wp-content\/uploads\/2022\/01\/sunrise-yacht_680-48x48.jpeg 48w, https:\/\/pharos.sk\/wp-content\/uploads\/2022\/01\/sunrise-yacht_680-96x96.jpeg 96w, https:\/\/pharos.sk\/wp-content\/uploads\/2022\/01\/sunrise-yacht_680-300x300.jpeg 300w, https:\/\/pharos.sk\/wp-content\/uploads\/2022\/01\/sunrise-yacht_680-200x200.jpeg 200w, https:\/\/pharos.sk\/wp-content\/uploads\/2022\/01\/sunrise-yacht_680-70x70.jpeg 70w, https:\/\/pharos.sk\/wp-content\/uploads\/2022\/01\/sunrise-yacht_680-290x290.jpeg 290w\" sizes=\"(max-width: 150px) 100vw, 150px\" \/><\/a><\/li><li class=\"isotope-item\"><a class=\"\" href=\"https:\/\/pharos.sk\/wp-content\/uploads\/2022\/01\/26-1.jpg\" data-lightbox=\"lightbox[rel-8318-1425086572]\"><img width=\"150\" height=\"150\" src=\"https:\/\/pharos.sk\/wp-content\/uploads\/2022\/01\/26-1-150x150.jpg\" class=\"attachment-thumbnail\" alt=\"\" loading=\"lazy\" title=\"26-1\" srcset=\"https:\/\/pharos.sk\/wp-content\/uploads\/2022\/01\/26-1-150x150.jpg 150w, https:\/\/pharos.sk\/wp-content\/uploads\/2022\/01\/26-1-24x24.jpg 24w, https:\/\/pharos.sk\/wp-content\/uploads\/2022\/01\/26-1-48x48.jpg 48w, https:\/\/pharos.sk\/wp-content\/uploads\/2022\/01\/26-1-96x96.jpg 96w, https:\/\/pharos.sk\/wp-content\/uploads\/2022\/01\/26-1-300x300.jpg 300w, https:\/\/pharos.sk\/wp-content\/uploads\/2022\/01\/26-1-200x200.jpg 200w, https:\/\/pharos.sk\/wp-content\/uploads\/2022\/01\/26-1-70x70.jpg 70w, https:\/\/pharos.sk\/wp-content\/uploads\/2022\/01\/26-1-290x290.jpg 290w\" sizes=\"(max-width: 150px) 100vw, 150px\" \/><\/a><\/li><\/ul><\/div><\/div><\/div><\/div><\/div><\/div><div class=\"wpb_column vc_column_container vc_col-sm-6\"><div class=\"vc_column-inner\"><div class=\"wpb_wrapper\">\n\t<div class=\"wpb_video_widget wpb_content_element vc_clearfix   vc_video-aspect-ratio-169 vc_video-el-width-100 vc_video-align-left\" >\n\t\t<div class=\"wpb_wrapper\">\n\t\t\t\n\t\t\t<div class=\"wpb_video_wrapper\"><iframe title=\"Sonnenaufgang 530 offen\" width=\"500\" height=\"281\" src=\"https:\/\/www.youtube.com\/embed\/8N1zViAJ5ac?start=13&feature=oembed\" frameborder=\"0\" allow=\"accelerometer; autoplay; clipboard-write; encrypted-media; gyroscope; picture-in-picture\" allowfullscreen><\/iframe><\/div>\n\t\t<\/div>\n\t<\/div>\n<\/div><\/div><\/div><\/div>","protected":false},"excerpt":{"rendered":"Sunrise Yacht Sunrise Yacht besteht aus einer Gruppe von Motorboot-Enthusiasten. Ihr Motto lautet \u201eIhr Erfolg ist unser Erfolg\u201c! In Zusammenarbeit mit Sunrise Yacht k\u00fcmmern wir uns um alle Details. W\u00e4hrend des gesamten Bestell-, Produktions- und Transportprozesses stehen wir in st\u00e4ndigem Kontakt mit unseren Kunden. Weitere Informationen unter sunriseyacht.pl","protected":false},"author":1,"featured_media":8048,"parent":0,"menu_order":0,"comment_status":"closed","ping_status":"closed","template":"page-templates\/full-width.php","meta":[],"_links":{"self":[{"href":"https:\/\/pharos.sk\/de\/wp-json\/wp\/v2\/pages\/8318"}],"collection":[{"href":"https:\/\/pharos.sk\/de\/wp-json\/wp\/v2\/pages"}],"about":[{"href":"https:\/\/pharos.sk\/de\/wp-json\/wp\/v2\/types\/page"}],"author":[{"embeddable":true,"href":"https:\/\/pharos.sk\/de\/wp-json\/wp\/v2\/users\/1"}],"replies":[{"embeddable":true,"href":"https:\/\/pharos.sk\/de\/wp-json\/wp\/v2\/comments?post=8318"}],"version-history":[{"count":7,"href":"https:\/\/pharos.sk\/de\/wp-json\/wp\/v2\/pages\/8318\/revisions"}],"predecessor-version":[{"id":8397,"href":"https:\/\/pharos.sk\/de\/wp-json\/wp\/v2\/pages\/8318\/revisions\/8397"}],"wp:featuredmedia":[{"embeddable":true,"href":"https:\/\/pharos.sk\/de\/wp-json\/wp\/v2\/media\/8048"}],"wp:attachment":[{"href":"https:\/\/pharos.sk\/de\/wp-json\/wp\/v2\/media?parent=8318"}],"curies":[{"name":"wp","href":"https:\/\/api.w.org\/{rel}","templated":true}]}}