{"id":8215,"date":"2022-01-07T18:00:53","date_gmt":"2022-01-07T17:00:53","guid":{"rendered":"https:\/\/pharos.sk\/?page_id=8215"},"modified":"2022-01-20T10:36:45","modified_gmt":"2022-01-20T09:36:45","slug":"ce-certifikaty","status":"publish","type":"page","link":"https:\/\/pharos.sk\/de\/ce-certifikaty\/","title":{"rendered":"CE-Zertifikate"},"content":{"rendered":"<div class=\"vc_row wpb_row vc_row-fluid\"><div class=\"wpb_column vc_column_container vc_col-sm-8\"><div class=\"vc_column-inner\"><div class=\"wpb_wrapper\">\n\t<div class=\"wpb_text_column wpb_content_element\" >\n\t\t<div class=\"wpb_wrapper\">\n\t\t\t<p>Unser Unternehmen vermittelt in Zusammenarbeit mit einem Partnerunternehmen, das eine notifizierte und autorisierte Stelle f\u00fcr die Konformit\u00e4tsbewertung von Sportbooten gem\u00e4\u00df der europ\u00e4ischen Richtlinie 94\/25 \/ EG ist, und ist somit berechtigt, das CE-Zeichen f\u00fcr alle Arten von Sportbooten zu \u201eerteilen\u201c. von 2,5 m bis 24 m, Wassermotorr\u00e4der, teilkonfektionierte Wasserfahrzeuge, deren Teile wie Innen- oder Au\u00dfenbordmotoren, Kraftstofftanks und -schl\u00e4uche, Lenkgetriebe und vorgefertigte Mannl\u00f6cher und Fenster.<\/p>\n\n\t\t<\/div>\n\t<\/div>\n<\/div><\/div><\/div><div class=\"wpb_column vc_column_container vc_col-sm-4\"><div class=\"vc_column-inner\"><div class=\"wpb_wrapper\"><\/div><\/div><\/div><\/div>","protected":false},"excerpt":{"rendered":"Unser Unternehmen vermittelt in Zusammenarbeit mit einem Partnerunternehmen, das eine notifizierte und autorisierte Stelle f\u00fcr die Konformit\u00e4tsbewertung von Sportbooten gem\u00e4\u00df der europ\u00e4ischen Richtlinie 94\/25 \/ EG ist, und ist somit berechtigt, das CE-Zeichen f\u00fcr alle Arten von Sportbooten zu \u201eerteilen\u201c. von 2,5 m bis 24 m, Wassermotorr\u00e4der, teilkonfektionierte Wasserfahrzeuge, deren Teile wie Innen- oder Au\u00dfenbordmotoren, Kraftstofftanks und -schl\u00e4uche, Lenkgetriebe und vorgefertigte Mannl\u00f6cher und Fenster.","protected":false},"author":1,"featured_media":0,"parent":0,"menu_order":0,"comment_status":"closed","ping_status":"closed","template":"page-templates\/full-width.php","meta":[],"_links":{"self":[{"href":"https:\/\/pharos.sk\/de\/wp-json\/wp\/v2\/pages\/8215"}],"collection":[{"href":"https:\/\/pharos.sk\/de\/wp-json\/wp\/v2\/pages"}],"about":[{"href":"https:\/\/pharos.sk\/de\/wp-json\/wp\/v2\/types\/page"}],"author":[{"embeddable":true,"href":"https:\/\/pharos.sk\/de\/wp-json\/wp\/v2\/users\/1"}],"replies":[{"embeddable":true,"href":"https:\/\/pharos.sk\/de\/wp-json\/wp\/v2\/comments?post=8215"}],"version-history":[{"count":0,"href":"https:\/\/pharos.sk\/de\/wp-json\/wp\/v2\/pages\/8215\/revisions"}],"wp:attachment":[{"href":"https:\/\/pharos.sk\/de\/wp-json\/wp\/v2\/media?parent=8215"}],"curies":[{"name":"wp","href":"https:\/\/api.w.org\/{rel}","templated":true}]}}