{"id":8059,"date":"2021-12-09T01:54:09","date_gmt":"2021-12-09T00:54:09","guid":{"rendered":"https:\/\/pharos.sk\/?page_id=8059"},"modified":"2022-01-20T10:27:25","modified_gmt":"2022-01-20T09:27:25","slug":"oleje-a-lubrikanty","status":"publish","type":"page","link":"https:\/\/pharos.sk\/de\/oleje-a-lubrikanty\/","title":{"rendered":"\u00d6le und Schmierstoffe"},"content":{"rendered":"<div class=\"vc_row wpb_row vc_row-fluid\"><div class=\"wpb_column vc_column_container vc_col-sm-6\"><div class=\"vc_column-inner\"><div class=\"wpb_wrapper\">\n\t<div class=\"wpb_text_column wpb_content_element\" >\n\t\t<div class=\"wpb_wrapper\">\n\t\t\t<p>Die Firma PHAROS sro bietet erstklassige \u00d6le und Schmierstoffe der Marke QUICKSILVER zum Schutz Ihrer Au\u00dfenbord- und Einbaumotoren an. Denn Ihr Motor verdient die bestm\u00f6gliche Pflege und durch die Verwendung der richtigen und hochwertigen Schutzausr\u00fcstung l\u00e4uft er runder, sauberer und l\u00e4uft bei regelm\u00e4\u00dfiger Wartung buchst\u00e4blich problemlos.<\/p>\n<p>Quicksilver hat f\u00fcr jeden Motortyp und jedes Teil das richtige Werkzeug. F\u00fcr Einbau- und Au\u00dfenbordmotoren bieten wir:<\/p>\n<ul>\n<li>Au\u00dfenbord\u00f6le<\/li>\n<li>\u00d6le f\u00fcr 2 - 4 Takt Motoren<\/li>\n<li>\u00d6le f\u00fcr eingebaute Diesel- und Benzinmotoren<\/li>\n<li>Kraftstoffsystem-Additive<\/li>\n<li>Getriebe\u00f6le<\/li>\n<li>Korrosionsschutzschmiermittel<\/li>\n<li>K\u00fchlmittel<\/li>\n<\/ul>\n<p>Bei Interesse z\u00f6gern Sie nicht, uns zu kontaktieren und wir beraten Sie und w\u00e4hlen die am besten geeignete Schutzausr\u00fcstung f\u00fcr Ihren Motor aus.<\/p>\n\n\t\t<\/div>\n\t<\/div>\n<\/div><\/div><\/div><div class=\"wpb_column vc_column_container vc_col-sm-6\"><div class=\"vc_column-inner\"><div class=\"wpb_wrapper\"><div class=\"wpb_gallery wpb_content_element vc_clearfix\" ><div class=\"wpb_wrapper\"><div class=\"wpb_gallery_slides wpb_image_grid\" data-interval=\"3\"><ul class=\"wpb_image_grid_ul\"><li class=\"isotope-item\"><a class=\"\" href=\"https:\/\/pharos.sk\/wp-content\/uploads\/2022\/01\/QsEngCare_Intro2-750x500-1.jpg\" data-lightbox=\"lightbox[rel-8059-1272326729]\"><img width=\"150\" height=\"150\" src=\"https:\/\/pharos.sk\/wp-content\/uploads\/2022\/01\/QsEngCare_Intro2-750x500-1-150x150.jpg\" class=\"attachment-thumbnail\" alt=\"\" loading=\"lazy\" title=\"QsEngCare_Intro2 750x500\" srcset=\"https:\/\/pharos.sk\/wp-content\/uploads\/2022\/01\/QsEngCare_Intro2-750x500-1-150x150.jpg 150w, https:\/\/pharos.sk\/wp-content\/uploads\/2022\/01\/QsEngCare_Intro2-750x500-1-24x24.jpg 24w, https:\/\/pharos.sk\/wp-content\/uploads\/2022\/01\/QsEngCare_Intro2-750x500-1-48x48.jpg 48w, https:\/\/pharos.sk\/wp-content\/uploads\/2022\/01\/QsEngCare_Intro2-750x500-1-96x96.jpg 96w, https:\/\/pharos.sk\/wp-content\/uploads\/2022\/01\/QsEngCare_Intro2-750x500-1-300x300.jpg 300w, https:\/\/pharos.sk\/wp-content\/uploads\/2022\/01\/QsEngCare_Intro2-750x500-1-200x200.jpg 200w, https:\/\/pharos.sk\/wp-content\/uploads\/2022\/01\/QsEngCare_Intro2-750x500-1-70x70.jpg 70w, https:\/\/pharos.sk\/wp-content\/uploads\/2022\/01\/QsEngCare_Intro2-750x500-1-290x290.jpg 290w\" sizes=\"(max-width: 150px) 100vw, 150px\" \/><\/a><\/li><li class=\"isotope-item\"><a class=\"\" href=\"https:\/\/pharos.sk\/wp-content\/uploads\/2021\/12\/81ysdzJiXdL._AC_SL1500_-1-1024x594.jpg\" data-lightbox=\"lightbox[rel-8059-1272326729]\"><img width=\"150\" height=\"150\" src=\"https:\/\/pharos.sk\/wp-content\/uploads\/2021\/12\/81ysdzJiXdL._AC_SL1500_-1-150x150.jpg\" class=\"attachment-thumbnail\" alt=\"\" loading=\"lazy\" title=\"81ysdzJiXdL._AC_SL1500_\" srcset=\"https:\/\/pharos.sk\/wp-content\/uploads\/2021\/12\/81ysdzJiXdL._AC_SL1500_-1-150x150.jpg 150w, https:\/\/pharos.sk\/wp-content\/uploads\/2021\/12\/81ysdzJiXdL._AC_SL1500_-1-24x24.jpg 24w, https:\/\/pharos.sk\/wp-content\/uploads\/2021\/12\/81ysdzJiXdL._AC_SL1500_-1-48x48.jpg 48w, https:\/\/pharos.sk\/wp-content\/uploads\/2021\/12\/81ysdzJiXdL._AC_SL1500_-1-96x96.jpg 96w, https:\/\/pharos.sk\/wp-content\/uploads\/2021\/12\/81ysdzJiXdL._AC_SL1500_-1-300x300.jpg 300w, https:\/\/pharos.sk\/wp-content\/uploads\/2021\/12\/81ysdzJiXdL._AC_SL1500_-1-200x200.jpg 200w, https:\/\/pharos.sk\/wp-content\/uploads\/2021\/12\/81ysdzJiXdL._AC_SL1500_-1-70x70.jpg 70w, https:\/\/pharos.sk\/wp-content\/uploads\/2021\/12\/81ysdzJiXdL._AC_SL1500_-1-290x290.jpg 290w\" sizes=\"(max-width: 150px) 100vw, 150px\" \/><\/a><\/li><li class=\"isotope-item\"><a class=\"\" href=\"https:\/\/pharos.sk\/wp-content\/uploads\/2021\/12\/312332_1.jpg\" data-lightbox=\"lightbox[rel-8059-1272326729]\"><img width=\"150\" height=\"150\" src=\"https:\/\/pharos.sk\/wp-content\/uploads\/2021\/12\/312332_1-150x150.jpg\" class=\"attachment-thumbnail\" alt=\"\" loading=\"lazy\" title=\"312332_1\" srcset=\"https:\/\/pharos.sk\/wp-content\/uploads\/2021\/12\/312332_1-150x150.jpg 150w, https:\/\/pharos.sk\/wp-content\/uploads\/2021\/12\/312332_1-300x300.jpg 300w, https:\/\/pharos.sk\/wp-content\/uploads\/2021\/12\/312332_1-768x768.jpg 768w, https:\/\/pharos.sk\/wp-content\/uploads\/2021\/12\/312332_1-24x24.jpg 24w, https:\/\/pharos.sk\/wp-content\/uploads\/2021\/12\/312332_1-48x48.jpg 48w, https:\/\/pharos.sk\/wp-content\/uploads\/2021\/12\/312332_1-96x96.jpg 96w, https:\/\/pharos.sk\/wp-content\/uploads\/2021\/12\/312332_1-200x200.jpg 200w, https:\/\/pharos.sk\/wp-content\/uploads\/2021\/12\/312332_1-70x70.jpg 70w, https:\/\/pharos.sk\/wp-content\/uploads\/2021\/12\/312332_1-125x125.jpg 125w, https:\/\/pharos.sk\/wp-content\/uploads\/2021\/12\/312332_1-290x290.jpg 290w, https:\/\/pharos.sk\/wp-content\/uploads\/2021\/12\/312332_1.jpg 1000w\" sizes=\"(max-width: 150px) 100vw, 150px\" \/><\/a><\/li><li class=\"isotope-item\"><a class=\"\" href=\"https:\/\/pharos.sk\/wp-content\/uploads\/2021\/12\/db9fab86.jpg\" data-lightbox=\"lightbox[rel-8059-1272326729]\"><img width=\"150\" height=\"150\" src=\"https:\/\/pharos.sk\/wp-content\/uploads\/2021\/12\/db9fab86-150x150.jpg\" class=\"attachment-thumbnail\" alt=\"\" loading=\"lazy\" title=\"db9fab86\" srcset=\"https:\/\/pharos.sk\/wp-content\/uploads\/2021\/12\/db9fab86-150x150.jpg 150w, https:\/\/pharos.sk\/wp-content\/uploads\/2021\/12\/db9fab86-24x24.jpg 24w, https:\/\/pharos.sk\/wp-content\/uploads\/2021\/12\/db9fab86-48x48.jpg 48w, https:\/\/pharos.sk\/wp-content\/uploads\/2021\/12\/db9fab86-96x96.jpg 96w, https:\/\/pharos.sk\/wp-content\/uploads\/2021\/12\/db9fab86-280x280.jpg 280w, https:\/\/pharos.sk\/wp-content\/uploads\/2021\/12\/db9fab86-200x200.jpg 200w, https:\/\/pharos.sk\/wp-content\/uploads\/2021\/12\/db9fab86-70x70.jpg 70w\" sizes=\"(max-width: 150px) 100vw, 150px\" \/><\/a><\/li><li class=\"isotope-item\"><a class=\"\" href=\"https:\/\/pharos.sk\/wp-content\/uploads\/2021\/12\/lubrikant.jpg\" data-lightbox=\"lightbox[rel-8059-1272326729]\"><img width=\"150\" height=\"150\" src=\"https:\/\/pharos.sk\/wp-content\/uploads\/2021\/12\/lubrikant-150x150.jpg\" class=\"attachment-thumbnail\" alt=\"\" loading=\"lazy\" title=\"Schmiermittel\" srcset=\"https:\/\/pharos.sk\/wp-content\/uploads\/2021\/12\/lubrikant-150x150.jpg 150w, https:\/\/pharos.sk\/wp-content\/uploads\/2021\/12\/lubrikant-300x300.jpg 300w, https:\/\/pharos.sk\/wp-content\/uploads\/2021\/12\/lubrikant-24x24.jpg 24w, https:\/\/pharos.sk\/wp-content\/uploads\/2021\/12\/lubrikant-48x48.jpg 48w, https:\/\/pharos.sk\/wp-content\/uploads\/2021\/12\/lubrikant-96x96.jpg 96w, https:\/\/pharos.sk\/wp-content\/uploads\/2021\/12\/lubrikant-200x200.jpg 200w, https:\/\/pharos.sk\/wp-content\/uploads\/2021\/12\/lubrikant-70x70.jpg 70w, https:\/\/pharos.sk\/wp-content\/uploads\/2021\/12\/lubrikant-125x125.jpg 125w, https:\/\/pharos.sk\/wp-content\/uploads\/2021\/12\/lubrikant-290x290.jpg 290w, https:\/\/pharos.sk\/wp-content\/uploads\/2021\/12\/lubrikant.jpg 700w\" sizes=\"(max-width: 150px) 100vw, 150px\" \/><\/a><\/li><\/ul><\/div><\/div><\/div><\/div><\/div><\/div><\/div>","protected":false},"excerpt":{"rendered":"Die Gesellschaft PHAROS sro bietet erstklassige \u00d6le und Schmierstoffe der Marke QUICKSILVER zum Schutz Ihrer Au\u00dfenbord- und Einbaumotoren an. Denn Ihr Motor verdient die bestm\u00f6gliche Pflege und durch die Verwendung der richtigen und hochwertigen Schutzausr\u00fcstung l\u00e4uft er runder, sauberer und l\u00e4uft bei regelm\u00e4\u00dfiger Wartung buchst\u00e4blich problemlos. Quicksilver hat f\u00fcr jeden Motortyp und jedes Teil das richtige Werkzeug. F\u00fcr Einbau- und Au\u00dfenbordmotoren bieten wir an: \u00d6le f\u00fcr Au\u00dfenbordmotoren \u00d6le f\u00fcr 2 - 4 Takt Motoren \u00d6le f\u00fcr Einbau-Diesel- und Benzinmotoren Kraftstoffzus\u00e4tze Getriebe\u00f6le Korrosionsschutzschmierstoffe K\u00fchlmittel Bei Interesse wenden Sie sich bitte an uns uns und wir beraten und w\u00e4hlen die am besten geeigneten Schutzmittel f\u00fcr Ihren Motor aus.","protected":false},"author":1,"featured_media":0,"parent":0,"menu_order":0,"comment_status":"closed","ping_status":"closed","template":"page-templates\/full-width.php","meta":[],"_links":{"self":[{"href":"https:\/\/pharos.sk\/de\/wp-json\/wp\/v2\/pages\/8059"}],"collection":[{"href":"https:\/\/pharos.sk\/de\/wp-json\/wp\/v2\/pages"}],"about":[{"href":"https:\/\/pharos.sk\/de\/wp-json\/wp\/v2\/types\/page"}],"author":[{"embeddable":true,"href":"https:\/\/pharos.sk\/de\/wp-json\/wp\/v2\/users\/1"}],"replies":[{"embeddable":true,"href":"https:\/\/pharos.sk\/de\/wp-json\/wp\/v2\/comments?post=8059"}],"version-history":[{"count":0,"href":"https:\/\/pharos.sk\/de\/wp-json\/wp\/v2\/pages\/8059\/revisions"}],"wp:attachment":[{"href":"https:\/\/pharos.sk\/de\/wp-json\/wp\/v2\/media?parent=8059"}],"curies":[{"name":"wp","href":"https:\/\/api.w.org\/{rel}","templated":true}]}}