{"id":7929,"date":"2021-12-02T23:54:44","date_gmt":"2021-12-02T22:54:44","guid":{"rendered":"https:\/\/pharos.sk\/?page_id=7929"},"modified":"2022-01-20T10:43:02","modified_gmt":"2022-01-20T09:43:02","slug":"servis","status":"publish","type":"page","link":"https:\/\/pharos.sk\/de\/servis\/","title":{"rendered":"Service"},"content":{"rendered":"<section data-vc-full-width=\"true\" data-vc-full-width-init=\"false\" class=\"vc_section\"><div class=\"vc_row wpb_row vc_row-fluid\"><div class=\"wpb_column vc_column_container vc_col-sm-12\"><div class=\"vc_column-inner\"><div class=\"wpb_wrapper\"><div class=\"heading  header-subheader align-left color-black subcolor-main transform-default theme-icon-second icon-type-hidden   vc_custom_1638485946803 heading-tag-h1\" id=\"like_sc_header_818241476\"><h1 class=\"header ltx-sr-id-like_sc_header_8182414761437228787 ltx-sr ltx-sr-effect-fade_in ltx-sr-el-block ltx-sr-delay-0 ltx-sr-duration-1000 ltx-sr-sequences-0\">Service<\/h1><\/div>\n\t<div class=\"wpb_text_column wpb_content_element\" >\n\t\t<div class=\"wpb_wrapper\">\n\t\t\t<p>Professioneller Service und sorgsame Handhabung verl\u00e4ngern die Lebensdauer und erh\u00f6hen den Komfort Ihrer Schiffe. Erfahrene Mechaniker, die sich fast ihr ganzes Leben lang Booten gewidmet haben, garantieren den hochwertigen PHAROS-Service. Sie k\u00fcmmern sich mit Liebe und Freude um jedes Boot. Das Material und die Komponenten werden im Hinblick auf die Besonderheiten und Bed\u00fcrfnisse des Bootes ausgew\u00e4hlt. Alle notwendigen Teile werden p\u00fcnktlich und zu guten Preisen geliefert. Das Boot ist somit vor der Saison gepr\u00fcft und danach 100% und bereit f\u00fcr den weiteren sicheren Einsatz.<\/p>\n<p>Die Gesellschaft PHAROS sro verf\u00fcgt \u00fcber Zertifikate f\u00fcr Garantiereparaturen von Booten und Motoren<br \/>\n<strong>MARINER, MERCURY, MERCURY MERCRUISER<\/strong><br \/>\nund Schlauchboote\u00a0<strong>MERKUR<\/strong>, tritt weiterhin auf<br \/>\nMotorservice\u00a0<strong>VOLVO<\/strong>\u00a0<strong>PENTA<\/strong>\u00a0ein\u00a0<strong>OMC<\/strong><\/p>\n<p>&nbsp;<\/p>\n<h3>PHAROS sro bietet auch folgende Serviceleistungen an:<\/h3>\n<table border=\"0\" cellspacing=\"0\" cellpadding=\"0\">\n<tbody>\n<tr>\n<td>\n<ul>\n<li>\u00dcberholungen von Motoren<\/li>\n<li>Service nach der Garantie f\u00fcr Au\u00dfenbordmotoren Yamaha, Honda,<\/li>\n<li>Suzuki, Tohatsu, Evinrude, Johnson<\/li>\n<li>Nachgarantieservice f\u00fcr Einbaumotoren Volvo Penta, Omc<\/li>\n<li>Motorinspektionen vor und nach der Saison<\/li>\n<li>Jetski-Service<\/li>\n<li>kompletter Austausch von Einbaumotoren und Getrieben<\/li>\n<li>Reparaturen und Service von Schlauchbooten<\/li>\n<li>Rumpfreparatur durch Laminierung<\/li>\n<li>Produktion von Planen und Bimini-Sets<\/li>\n<li>Polsterarbeiten<\/li>\n<\/ul>\n<\/td>\n<td>&nbsp;<\/p>\n<ul>\n<li>regelm\u00e4\u00dfige Inspektionen von Motoren und Booten<\/li>\n<li>\u00dcberwintern und Einwintern von Motoren<\/li>\n<li>Antifouling-Beschichtungen<\/li>\n<li>Reparaturen von Elektroinstallationen<\/li>\n<li>Installation von Zubeh\u00f6r<\/li>\n<li>Boot reinigen und polieren<\/li>\n<li>Servicearbeit im Ausland<\/li>\n<li>Winter- und Sommerparken von Schiffen<\/li>\n<li>Transport von Schiffen<\/li>\n<li>Ersatzteilversorgung f\u00fcr Motoren und Schiffe<\/li>\n<li>CE-Zertifizierung von Schiffen<\/li>\n<\/ul>\n<p>&nbsp;<\/td>\n<\/tr>\n<\/tbody>\n<\/table>\n<h4><\/h4>\n<h4>Wir bieten au\u00dferdem:<\/h4>\n<ul>\n<li><strong>Winterbootparkplatz in der Lobby<\/strong><\/li>\n<\/ul>\n\n\t\t<\/div>\n\t<\/div>\n<\/div><\/div><\/div><\/div><div class=\"vc_row wpb_row vc_row-fluid\"><div class=\"wpb_column vc_column_container vc_col-sm-12\"><div class=\"vc_column-inner\"><div class=\"wpb_wrapper\"><div class=\"vc_empty_space\"   style=\"height: 72px\"><span class=\"vc_empty_space_inner\"><\/span><\/div><\/div><\/div><\/div><\/div><\/section><div class=\"vc_row-full-width vc_clearfix\"><\/div>","protected":false},"excerpt":{"rendered":"Service Professioneller Service und sorgf\u00e4ltige Behandlung verl\u00e4ngern die Lebensdauer und erh\u00f6hen den Komfort Ihrer Schiffe. Erfahrene Mechaniker, die sich fast ihr ganzes Leben lang Booten gewidmet haben, garantieren den hochwertigen PHAROS-Service. Sie k\u00fcmmern sich mit Liebe und Freude um jedes Boot. Das Material und die Komponenten werden im Hinblick auf die Besonderheiten und Bed\u00fcrfnisse des Bootes ausgew\u00e4hlt. Alle notwendigen Teile werden p\u00fcnktlich und zu guten Preisen geliefert. Das Boot ist somit vor der Saison gepr\u00fcft und danach 100% und bereit f\u00fcr den weiteren sicheren Einsatz. Die Gesellschaft PHAROS sro hat Zertifikate f\u00fcr Garantiereparaturen von Booten und Motoren MARINER, MERCURY, MERCURY MERCRUISER und Schlauchbooten MERCURY, sie f\u00fchrt auch Service von VOLVO PENTA-Motoren durch und OMC PHAROS sro bietet auch folgende Servicearbeiten an: allgemeine Motorreparatur Nachgarantieservice von Au\u00dfenbordmotoren Yamaha, Honda, Suzuki , Tohatsu, Evinrude, Johnson Nachgarantieservice von Einbaumotoren Volvo Penta, Omc Vorsaison- und Nachsaisoninspektionen von Motoren Service von Jetskis Kompletter Austausch von Einbaumotoren und Getrieben Reparatur und Service von Schlauchbooten Rumpfreparatur durch Laminierung Herstellung von \u00fcberlappenden Planen und Bimini-Sets [...]","protected":false},"author":1,"featured_media":0,"parent":0,"menu_order":0,"comment_status":"closed","ping_status":"closed","template":"page-templates\/full-width.php","meta":[],"_links":{"self":[{"href":"https:\/\/pharos.sk\/de\/wp-json\/wp\/v2\/pages\/7929"}],"collection":[{"href":"https:\/\/pharos.sk\/de\/wp-json\/wp\/v2\/pages"}],"about":[{"href":"https:\/\/pharos.sk\/de\/wp-json\/wp\/v2\/types\/page"}],"author":[{"embeddable":true,"href":"https:\/\/pharos.sk\/de\/wp-json\/wp\/v2\/users\/1"}],"replies":[{"embeddable":true,"href":"https:\/\/pharos.sk\/de\/wp-json\/wp\/v2\/comments?post=7929"}],"version-history":[{"count":0,"href":"https:\/\/pharos.sk\/de\/wp-json\/wp\/v2\/pages\/7929\/revisions"}],"wp:attachment":[{"href":"https:\/\/pharos.sk\/de\/wp-json\/wp\/v2\/media?parent=7929"}],"curies":[{"name":"wp","href":"https:\/\/api.w.org\/{rel}","templated":true}]}}