{"id":5151,"date":"2018-07-04T19:46:16","date_gmt":"2018-07-04T19:46:16","guid":{"rendered":"https:\/\/pharos.sk\/?page_id=5151"},"modified":"2022-01-21T13:19:48","modified_gmt":"2022-01-21T12:19:48","slug":"homepage-slider","status":"publish","type":"page","link":"https:\/\/pharos.sk\/de\/","title":{"rendered":"\u00dcber uns"},"content":{"rendered":"<section data-vc-full-width=\"true\" data-vc-full-width-init=\"false\" data-vc-stretch-content=\"true\" class=\"vc_section bg-color-black ltx-sr ltx-sr-effect-fade_in ltx-sr-id-366430084 ltx-sr-el-text_el ltx-sr-delay-500 ltx-sr-duration-300 ltx-sr-sequences-100\"><div data-vc-full-width=\"true\" data-vc-full-width-init=\"false\" data-vc-stretch-content=\"true\" class=\"vc_row wpb_row vc_row-fluid vc_row-no-padding\"><div class=\"wpb_column vc_column_container vc_col-sm-12\"><div class=\"vc_column-inner\"><div class=\"wpb_wrapper\"><div class=\"slider-zoom  zoom-default  zoom-style-default  zoom-origin-center-center  overlay-dots  bullets-false  zoom-content-effect-fade-in  zoom-margin-top\" id=\"like_sc_zoom_slider_2115061877\" data-zs-prev=\"\" data-zs-next=\"\" data-zs-overlay=\"dots\" data-zs-initzoom=\"1.2\" data-zs-speed=\"20000\" data-zs-interval=\"8000\" data-zs-switchspeed=\"7000\" data-zs-arrows=\"true\" data-zs-bullets=\"false\" data-zs-src='[&#34;https:\\\/\\\/pharos.sk\\\/wp-content\\\/uploads\\\/2018\\\/02\\\/SLIDE_01.jpg&#34;,&#34;https:\\\/\\\/pharos.sk\\\/wp-content\\\/uploads\\\/2018\\\/02\\\/SLIDE_02.jpg&#34;,&#34;https:\\\/\\\/pharos.sk\\\/wp-content\\\/uploads\\\/2018\\\/12\\\/Mercury-Marine-V8-FourStroke.jpg&#34;]'><div class=\"container ltx-zs-slider-wrapper\"><div class=\"ltx-zs-slider-inner  inited visible  ltx-zs-slide-0\" data-index=\"0\"><div class=\"vc_row wpb_row vc_row-fluid vc_row-o-content-middle vc_row-flex text-align-center\"><div class=\"wpb_column vc_column_container vc_col-sm-12\"><div class=\"vc_column-inner\"><div class=\"wpb_wrapper\"><div class=\"es-resp\">\t<div class=\"visible-xl\" style=\"height: 100px;\"><\/div>\t<div class=\"hidden-xl hidden-md hidden-sm hidden-ms hidden-xs\" style=\"height: 100px;\"><\/div>\t<div class=\"visible-md\" style=\"height: 100px;\"><\/div>\t<div class=\"visible-sm\" style=\"height: 100px;\"><\/div>\t<div class=\"visible-ms\" style=\"height: 100px;\"><\/div>\t<div class=\"visible-xs\" style=\"height: 100px;\"><\/div><\/div><div class=\"heading  heading-large header-underline align-center color-white subcolor-white transform-default icon-type-hidden heading-tag-h1\" id=\"like_sc_header_26096307\"><h1 class=\"header -id-like_sc_header_26096307875658114  -effect-fade_in -el-block -delay-0 -duration-1000 -sequences-0\">Verkauf von Booten und Schiffen<\/h1><\/div><div class=\"ltx-content-width col-align-center\" id=\"like_sc_content_width_1463781590\" style=\"max-width: 1000px\"><div class=\"ltx-wrapper\">\n\t<div class=\"wpb_text_column wpb_content_element\">\n\t\t<div class=\"wpb_wrapper\">\n\t\t\t<p style=\"text-align: center\"><span class=\"text-lg\">PHAROS bietet Ihnen die M\u00f6glichkeit, Ihr Traumboot zu erwerben.<\/span><\/p>\n\n\t\t<\/div>\n\t<\/div>\n<\/div><\/div><div class=\"es-resp\">\t<div class=\"visible-xl\" style=\"height: 36px;\"><\/div>\t<div class=\"hidden-xl hidden-md hidden-sm hidden-ms hidden-xs\" style=\"height: 36px;\"><\/div>\t<div class=\"visible-md\" style=\"height: 36px;\"><\/div>\t<div class=\"visible-sm\" style=\"height: 36px;\"><\/div>\t<div class=\"visible-ms\" style=\"height: 36px;\"><\/div>\t<div class=\"visible-xs\" style=\"height: 36px;\"><\/div><\/div><div class=\"es-resp\">\t<div class=\"visible-xl\" style=\"height: 200px;\"><\/div>\t<div class=\"hidden-xl hidden-md hidden-sm hidden-ms hidden-xs\" style=\"height: 200px;\"><\/div>\t<div class=\"visible-md\" style=\"height: 200px;\"><\/div>\t<div class=\"visible-sm\" style=\"height: 200px;\"><\/div>\t<div class=\"visible-ms\" style=\"height: 200px;\"><\/div>\t<div class=\"visible-xs\" style=\"height: 200px;\"><\/div><\/div><\/div><\/div><\/div><\/div><\/div><div class=\"ltx-zs-slider-inner  ltx-zs-slide-1\" data-index=\"1\"><div class=\"vc_row wpb_row vc_row-fluid vc_row-o-content-middle vc_row-flex text-align-center\"><div class=\"wpb_column vc_column_container vc_col-sm-12\"><div class=\"vc_column-inner\"><div class=\"wpb_wrapper\"><div class=\"es-resp\">\t<div class=\"visible-xl\" style=\"height: 100px;\"><\/div>\t<div class=\"hidden-xl hidden-md hidden-sm hidden-ms hidden-xs\" style=\"height: 100px;\"><\/div>\t<div class=\"visible-md\" style=\"height: 100px;\"><\/div>\t<div class=\"visible-sm\" style=\"height: 100px;\"><\/div>\t<div class=\"visible-ms\" style=\"height: 100px;\"><\/div>\t<div class=\"visible-xs\" style=\"height: 100px;\"><\/div><\/div><div class=\"heading  heading-large header-underline align-center color-white subcolor-white transform-default icon-type-hidden heading-tag-h1\" id=\"like_sc_header_1992172876\"><h1 class=\"header -id-like_sc_header_19921728761658058442  -effect-fade_in -el-block -delay-0 -duration-1000 -sequences-0\">Professioneller Bootsservice<\/h1><\/div><div class=\"ltx-content-width col-align-center\" id=\"like_sc_content_width_1556110332\" style=\"max-width: 1000px\"><div class=\"ltx-wrapper\">\n\t<div class=\"wpb_text_column wpb_content_element\">\n\t\t<div class=\"wpb_wrapper\">\n\t\t\t<p style=\"text-align: center\"><span class=\"text-lg\">Ihr Bootsservice ist in den richtigen H\u00e4nden.<\/span><\/p>\n\n\t\t<\/div>\n\t<\/div>\n<\/div><\/div><div class=\"es-resp\">\t<div class=\"visible-xl\" style=\"height: 36px;\"><\/div>\t<div class=\"hidden-xl hidden-md hidden-sm hidden-ms hidden-xs\" style=\"height: 36px;\"><\/div>\t<div class=\"visible-md\" style=\"height: 36px;\"><\/div>\t<div class=\"visible-sm\" style=\"height: 36px;\"><\/div>\t<div class=\"visible-ms\" style=\"height: 36px;\"><\/div>\t<div class=\"visible-xs\" style=\"height: 36px;\"><\/div><\/div><div class=\"es-resp\">\t<div class=\"visible-xl\" style=\"height: 200px;\"><\/div>\t<div class=\"hidden-xl hidden-md hidden-sm hidden-ms hidden-xs\" style=\"height: 200px;\"><\/div>\t<div class=\"visible-md\" style=\"height: 200px;\"><\/div>\t<div class=\"visible-sm\" style=\"height: 200px;\"><\/div>\t<div class=\"visible-ms\" style=\"height: 200px;\"><\/div>\t<div class=\"visible-xs\" style=\"height: 200px;\"><\/div><\/div><\/div><\/div><\/div><\/div><\/div><div class=\"ltx-zs-slider-inner  ltx-zs-slide-2\" data-index=\"2\"><div class=\"vc_row wpb_row vc_row-fluid vc_row-o-content-middle vc_row-flex text-align-center\"><div class=\"wpb_column vc_column_container vc_col-sm-12\"><div class=\"vc_column-inner\"><div class=\"wpb_wrapper\"><div class=\"es-resp\">\t<div class=\"visible-xl\" style=\"height: 100px;\"><\/div>\t<div class=\"hidden-xl hidden-md hidden-sm hidden-ms hidden-xs\" style=\"height: 100px;\"><\/div>\t<div class=\"visible-md\" style=\"height: 100px;\"><\/div>\t<div class=\"visible-sm\" style=\"height: 100px;\"><\/div>\t<div class=\"visible-ms\" style=\"height: 100px;\"><\/div>\t<div class=\"visible-xs\" style=\"height: 100px;\"><\/div><\/div><div class=\"heading  heading-large header-underline align-center color-white subcolor-main transform-default icon-type-hidden heading-tag-h1\" id=\"like_sc_header_44160161\"><h1 class=\"header -id-like_sc_header_44160161758441628  -effect-fade_in -el-block -delay-0 -duration-1000 -sequences-0\">Verkauf und Service von Motoren<\/h1><\/div><div class=\"ltx-content-width col-align-center\" id=\"like_sc_content_width_1233709246\" style=\"max-width: 1000px\"><div class=\"ltx-wrapper\">\n\t<div class=\"wpb_text_column wpb_content_element\">\n\t\t<div class=\"wpb_wrapper\">\n\t\t\t<p style=\"text-align: center\"><span class=\"text-lg\">Der Motor ist vor und nach der Saison 100% und ist nicht f\u00fcr den weiteren sicheren Einsatz bereit.<\/span><\/p>\n\n\t\t<\/div>\n\t<\/div>\n<\/div><\/div><div class=\"es-resp\">\t<div class=\"visible-xl\" style=\"height: 36px;\"><\/div>\t<div class=\"hidden-xl hidden-md hidden-sm hidden-ms hidden-xs\" style=\"height: 36px;\"><\/div>\t<div class=\"visible-md\" style=\"height: 36px;\"><\/div>\t<div class=\"visible-sm\" style=\"height: 36px;\"><\/div>\t<div class=\"visible-ms\" style=\"height: 36px;\"><\/div>\t<div class=\"visible-xs\" style=\"height: 36px;\"><\/div><\/div><div class=\"es-resp\">\t<div class=\"visible-xl\" style=\"height: 200px;\"><\/div>\t<div class=\"hidden-xl hidden-md hidden-sm hidden-ms hidden-xs\" style=\"height: 200px;\"><\/div>\t<div class=\"visible-md\" style=\"height: 200px;\"><\/div>\t<div class=\"visible-sm\" style=\"height: 200px;\"><\/div>\t<div class=\"visible-ms\" style=\"height: 200px;\"><\/div>\t<div class=\"visible-xs\" style=\"height: 200px;\"><\/div><\/div><\/div><\/div><\/div><\/div><\/div><\/div><\/div><\/div><\/div><\/div><\/div><div class=\"vc_row-full-width vc_clearfix\"><\/div><\/section><div class=\"vc_row-full-width vc_clearfix\"><\/div><section data-vc-full-width=\"true\" data-vc-full-width-init=\"false\" class=\"vc_section vc_custom_1545783735033 vc_section-has-fill bg-color-gray bg-pos-center-center ltx-overlay bg-overlay-divider displaced-top\"><div class=\"vc_row wpb_row vc_row-fluid vc_row-o-content-middle vc_row-flex text-align-center-md-sm-ms\"><div class=\"wpb_column vc_column_container vc_col-sm-12 vc_col-lg-4 ltx-sr ltx-sr-effect-fade_in ltx-sr-id-1010214017 ltx-sr-el-list_el ltx-sr-delay-200 ltx-sr-duration-300 ltx-sr-sequences-100\"><div class=\"vc_column-inner\"><div class=\"wpb_wrapper\"><div class=\"es-resp\">\t<div class=\"visible-xl\" style=\"height: 16px;\"><\/div>\t<div class=\"hidden-xl hidden-md hidden-sm hidden-ms hidden-xs\" style=\"height: 16px;\"><\/div>\t<div class=\"visible-md\" style=\"height: 16px;\"><\/div>\t<div class=\"visible-sm\" style=\"height: 16px;\"><\/div>\t<div class=\"visible-ms\" style=\"height: 16px;\"><\/div>\t<div class=\"visible-xs\" style=\"height: 16px;\"><\/div><\/div><div class=\"heading  header-underline align-left color-black subcolor-main transform-default icon-type-default heading-tag-h2\" id=\"like_sc_header_2101672647\"><h2 class=\"header ltx-sr-id-like_sc_header_2101672647692417581 ltx-sr ltx-sr-effect-fade_in ltx-sr-el-block ltx-sr-delay-0 ltx-sr-duration-1000 ltx-sr-sequences-0\">Pharos<\/h2><\/div>\n\t<div class=\"wpb_text_column wpb_content_element\" >\n\t\t<div class=\"wpb_wrapper\">\n\t\t\t<p>Die Firma PHAROS, sro hat ihre T\u00e4tigkeit im Fr\u00fchjahr 2006 aufgenommen. Sie ist St\u00fctzpunkt und zuverl\u00e4ssiger Partner f\u00fcr \u201eKapit\u00e4ne\u201c und ihre Boote. Der Name Pharos (Leuchtturm) dr\u00fcckt daher seine Mission und Absicht aus. Sie befasst sich mit dem Verkauf und Service von Booten, Motoren, Zubeh\u00f6r sowie vielen Zusatzleistungen. Professionelles Vorgehen und aktive Kundenbetreuung sind dabei selbstverst\u00e4ndlich. Bietet professionelle Beratung bei der Schiffsauswahl und allen Dienstleistungen im Zusammenhang mit dem Betrieb. Diese umfassenden Dienstleistungen werden in erstklassiger Qualit\u00e4t, p\u00fcnktlich und zu g\u00fcnstigen Preisen erbracht.<\/p>\n\n\t\t<\/div>\n\t<\/div>\n<div class=\"es-resp\">\t<div class=\"visible-xl\" style=\"height: 48px;\"><\/div>\t<div class=\"hidden-xl hidden-md hidden-sm hidden-ms hidden-xs\" style=\"height: 36px;\"><\/div>\t<div class=\"visible-md\" style=\"height: 16px;\"><\/div>\t<div class=\"visible-sm\" style=\"height: 16px;\"><\/div>\t<div class=\"visible-ms\" style=\"height: 16px;\"><\/div>\t<div class=\"visible-xs\" style=\"height: 16px;\"><\/div><\/div><div class=\"es-resp\">\t<div class=\"visible-xl\" style=\"height: 64px;\"><\/div>\t<div class=\"hidden-xl hidden-md hidden-sm hidden-ms hidden-xs\" style=\"height: 64px;\"><\/div>\t<div class=\"visible-md\" style=\"height: 80px;\"><\/div>\t<div class=\"visible-sm\" style=\"height: 80px;\"><\/div>\t<div class=\"visible-ms\" style=\"height: 80px;\"><\/div>\t<div class=\"visible-xs\" style=\"height: 80px;\"><\/div><\/div><\/div><\/div><\/div><div class=\"wpb_column vc_column_container vc_col-sm-12 vc_col-lg-8\"><div class=\"vc_column-inner\"><div class=\"wpb_wrapper\"><a href=\"https:\/\/www.youtube.com\/watch?v=uKyU6SOapDU\" class=\"swipebox image-video  style-plain\"  id=\"like_sc_image_header_362075603\"><span class=\"descr\"><\/span><span class=\"image\">\r\n\t\t\t<img src=\"https:\/\/pharos.sk\/wp-content\/uploads\/2018\/12\/video-bg.jpg\" class=\"image\" alt=\"\"><span class=\"play-wrap\"><span class=\"play\"><\/span><\/span><\/span><\/a><\/div><\/div><\/div><\/div><div class=\"vc_row wpb_row vc_row-fluid\"><div class=\"wpb_column vc_column_container vc_col-sm-12\"><div class=\"vc_column-inner\"><div class=\"wpb_wrapper\">\n\t<div  class=\"wpb_single_image wpb_content_element vc_align_left   ltx-sea-anchor\">\n\t\t\n\t\t<figure class=\"wpb_wrapper vc_figure\">\n\t\t\t<div class=\"vc_single_image-wrapper   vc_box_border_grey\"><img width=\"228\" height=\"311\" src=\"https:\/\/pharos.sk\/wp-content\/uploads\/2018\/12\/sea-anchor.png\" class=\"vc_single_image-img attachment-full\" alt=\"\" loading=\"lazy\" title=\"Seeanker\" srcset=\"https:\/\/pharos.sk\/wp-content\/uploads\/2018\/12\/sea-anchor.png 228w, https:\/\/pharos.sk\/wp-content\/uploads\/2018\/12\/sea-anchor-220x300.png 220w, https:\/\/pharos.sk\/wp-content\/uploads\/2018\/12\/sea-anchor-92x125.png 92w\" sizes=\"(max-width: 228px) 100vw, 228px\" \/><\/div>\n\t\t<\/figure>\n\t<\/div>\n<div class=\"es-resp\">\t<div class=\"visible-xl\" style=\"height: 12px;\"><\/div>\t<div class=\"hidden-xl hidden-md hidden-sm hidden-ms hidden-xs\" style=\"height: 12px;\"><\/div>\t<div class=\"visible-md\" style=\"height: 12px;\"><\/div>\t<div class=\"visible-sm\" style=\"height: 12px;\"><\/div>\t<div class=\"visible-ms\" style=\"height: 12px;\"><\/div>\t<div class=\"visible-xs\" style=\"height: 12px;\"><\/div><\/div><div class=\"ltx-content-width col-align-center\" id=\"like_sc_content_width_1463615608\" style=\"max-width: 1000px\"><div class=\"ltx-wrapper\"><\/div><\/div><div class=\"es-resp\">\t<div class=\"visible-xl\" style=\"height: 6px;\"><\/div>\t<div class=\"hidden-xl hidden-md hidden-sm hidden-ms hidden-xs\" style=\"height: 6px;\"><\/div>\t<div class=\"visible-md\" style=\"height: 6px;\"><\/div>\t<div class=\"visible-sm\" style=\"height: 6px;\"><\/div>\t<div class=\"visible-ms\" style=\"height: 6px;\"><\/div>\t<div class=\"visible-xs\" style=\"height: 6px;\"><\/div><\/div><div class=\"services-sc  layout-slider ltx-style-gray\"  id=\"like_sc_services_642368585\"><div class=\"swiper-container services-slider\" data-autoplay=\"0\" data-cols=\"3\">\r\n\t\t\t\t<div class=\"swiper-wrapper\">\t\t\t<div class=\"swiper-slide\" >\r\n\t\t\t\t<article data-mh=\"ltx-service\" id=\"post-7728\" class=\"post-7728 services type-services status-publish has-post-thumbnail hentry services-category-clny services-category-nafukovacie-clny services-category-pharos-sluzby\" >\r\n\t\t\t        <a href=\"https:\/\/pharos.sk\/de\/services\/jokerboat\/\">\r\n\t\t\t        \t<span class=\"image\">\r\n\t\t\t\t        <img width=\"430\" height=\"280\" src=\"https:\/\/pharos.sk\/wp-content\/uploads\/2022\/01\/joker-clubman-24-430x280.jpg\" class=\"attachment-lamaro-service size-lamaro-service\" alt=\"\" loading=\"lazy\" srcset=\"https:\/\/pharos.sk\/wp-content\/uploads\/2022\/01\/joker-clubman-24-430x280.jpg 430w, https:\/\/pharos.sk\/wp-content\/uploads\/2022\/01\/joker-clubman-24-18x12.jpg 18w, https:\/\/pharos.sk\/wp-content\/uploads\/2022\/01\/joker-clubman-24-300x195.jpg 300w, https:\/\/pharos.sk\/wp-content\/uploads\/2022\/01\/joker-clubman-24-128x84.jpg 128w\" sizes=\"(max-width: 430px) 100vw, 430px\" \/>  \r\n\t\t\t\t        <\/span>\r\n\t\t\t        <\/a>\t\t\t\t        \t\t\t   \r\n\t\t\t        <a href=\"https:\/\/pharos.sk\/de\/services\/jokerboat\/\">\r\n\t\t\t        \t<h4 class=\"header\">\r\n\t\t\t        \t\tJokerBoot\t\t\t\t        \t\r\n\t\t\t        \t<\/h4>\r\n\t\t\t        <\/a>\t\t\t\t        \t\t\t   \r\n\t\t\t\t\t<p>Joker Boat steht f\u00fcr Innovation und hochwertige Verarbeitung. Im Laufe unserer Geschichte haben wir eine einzigartige und beispielhafte Marke geschaffen, die sich auf die Liebe zum Meer in all seinen Aspekten konzentriert.<\/p><a href=\"https:\/\/pharos.sk\/de\/services\/jokerboat\/\" class=\"btn btn-xs\">Mehr sehen<\/a>\t\t\t\t        \t\r\n\t\t\t\t<\/article>\r\n\t\t\t<\/div>\r\n\t\t\t\t\t\t<div class=\"swiper-slide\" >\r\n\t\t\t\t<article data-mh=\"ltx-service\" id=\"post-8000\" class=\"post-8000 services type-services status-publish has-post-thumbnail hentry services-category-doplnkove-sluzby services-category-lodne-motory services-category-lodne-prislusenstvo services-category-pharos-sluzby\" >\r\n\t\t\t        <a href=\"https:\/\/pharos.sk\/de\/services\/vetus\/\">\r\n\t\t\t        \t<span class=\"image\">\r\n\t\t\t\t        <img width=\"430\" height=\"280\" src=\"https:\/\/pharos.sk\/wp-content\/uploads\/2021\/12\/Logo-Vetus-HR-website-750_500-430x280.jpg\" class=\"attachment-lamaro-service size-lamaro-service\" alt=\"\" loading=\"lazy\" srcset=\"https:\/\/pharos.sk\/wp-content\/uploads\/2021\/12\/Logo-Vetus-HR-website-750_500-430x280.jpg 430w, https:\/\/pharos.sk\/wp-content\/uploads\/2021\/12\/Logo-Vetus-HR-website-750_500-18x12.jpg 18w, https:\/\/pharos.sk\/wp-content\/uploads\/2021\/12\/Logo-Vetus-HR-website-750_500-300x195.jpg 300w, https:\/\/pharos.sk\/wp-content\/uploads\/2021\/12\/Logo-Vetus-HR-website-750_500-128x84.jpg 128w\" sizes=\"(max-width: 430px) 100vw, 430px\" \/>  \r\n\t\t\t\t        <\/span>\r\n\t\t\t        <\/a>\t\t\t\t        \t\t\t   \r\n\t\t\t        <a href=\"https:\/\/pharos.sk\/de\/services\/vetus\/\">\r\n\t\t\t        \t<h4 class=\"header\">\r\n\t\t\t        \t\tVetus\t\t\t\t        \t\r\n\t\t\t        \t<\/h4>\r\n\t\t\t        <\/a>\t\t\t\t        \t\t\t   \r\n\t\t\t\t\t<p>Vetus ist ein seit mehr als 55 Jahren international t\u00e4tiges Unternehmen, das Schiffsmotoren, Generatoren und technische Ausr\u00fcstung f\u00fcr Freizeit- und kleine Handelsschiffe entwickelt, herstellt und vertreibt.<\/p><a href=\"https:\/\/pharos.sk\/de\/services\/vetus\/\" class=\"btn btn-xs\">Mehr sehen<\/a>\t\t\t\t        \t\r\n\t\t\t\t<\/article>\r\n\t\t\t<\/div>\r\n\t\t\t\t\t\t<div class=\"swiper-slide\" >\r\n\t\t\t\t<article data-mh=\"ltx-service\" id=\"post-8002\" class=\"post-8002 services type-services status-publish has-post-thumbnail hentry services-category-doplnkove-sluzby services-category-lodne-prislusenstvo services-category-pharos-sluzby\" >\r\n\t\t\t        <a href=\"https:\/\/pharos.sk\/de\/services\/nettuno-marine-equipment\/\">\r\n\t\t\t        \t<span class=\"image\">\r\n\t\t\t\t        <img width=\"430\" height=\"280\" src=\"https:\/\/pharos.sk\/wp-content\/uploads\/2021\/12\/nettuno_logo-750x500-1-430x280.jpg\" class=\"attachment-lamaro-service size-lamaro-service\" alt=\"\" loading=\"lazy\" srcset=\"https:\/\/pharos.sk\/wp-content\/uploads\/2021\/12\/nettuno_logo-750x500-1-430x280.jpg 430w, https:\/\/pharos.sk\/wp-content\/uploads\/2021\/12\/nettuno_logo-750x500-1-18x12.jpg 18w, https:\/\/pharos.sk\/wp-content\/uploads\/2021\/12\/nettuno_logo-750x500-1-300x195.jpg 300w, https:\/\/pharos.sk\/wp-content\/uploads\/2021\/12\/nettuno_logo-750x500-1-128x84.jpg 128w\" sizes=\"(max-width: 430px) 100vw, 430px\" \/>  \r\n\t\t\t\t        <\/span>\r\n\t\t\t        <\/a>\t\t\t\t        \t\t\t   \r\n\t\t\t        <a href=\"https:\/\/pharos.sk\/de\/services\/nettuno-marine-equipment\/\">\r\n\t\t\t        \t<h4 class=\"header\">\r\n\t\t\t        \t\tNettuno Marine Equipment\u00ae\t\t\t\t        \t\r\n\t\t\t        \t<\/h4>\r\n\t\t\t        <\/a>\t\t\t\t        \t\t\t   \r\n\t\t\t\t\t<p>Nettuno Marine Equipment\u00ae bietet eine exklusive Kollektion von Bimini-Tops und Segeln, die das \u00c4u\u00dfere des Schiffes einzigartig und funktional machen.<\/p><a href=\"https:\/\/pharos.sk\/de\/services\/nettuno-marine-equipment\/\" class=\"btn btn-xs\">Mehr sehen<\/a>\t\t\t\t        \t\r\n\t\t\t\t<\/article>\r\n\t\t\t<\/div>\r\n\t\t\t\t\t\t<div class=\"swiper-slide\" >\r\n\t\t\t\t<article data-mh=\"ltx-service\" id=\"post-7729\" class=\"post-7729 services type-services status-publish has-post-thumbnail hentry services-category-bazar-lodi services-category-clny services-category-nafukovacie-clny services-category-pharos-sluzby\" >\r\n\t\t\t        <a href=\"https:\/\/pharos.sk\/de\/services\/quicksilver-inflatable\/\">\r\n\t\t\t        \t<span class=\"image\">\r\n\t\t\t\t        <img width=\"430\" height=\"280\" src=\"https:\/\/pharos.sk\/wp-content\/uploads\/2018\/12\/nafukovaci-cln-mercury-430x280.jpg\" class=\"attachment-lamaro-service size-lamaro-service\" alt=\"\" loading=\"lazy\" srcset=\"https:\/\/pharos.sk\/wp-content\/uploads\/2018\/12\/nafukovaci-cln-mercury-430x280.jpg 430w, https:\/\/pharos.sk\/wp-content\/uploads\/2018\/12\/nafukovaci-cln-mercury-300x195.jpg 300w, https:\/\/pharos.sk\/wp-content\/uploads\/2018\/12\/nafukovaci-cln-mercury-128x84.jpg 128w\" sizes=\"(max-width: 430px) 100vw, 430px\" \/>  \r\n\t\t\t\t        <\/span>\r\n\t\t\t        <\/a>\t\t\t\t        \t\t\t   \r\n\t\t\t        <a href=\"https:\/\/pharos.sk\/de\/services\/quicksilver-inflatable\/\">\r\n\t\t\t        \t<h4 class=\"header\">\r\n\t\t\t        \t\tQuecksilber aufblasbar\t\t\t\t        \t\r\n\t\t\t        \t<\/h4>\r\n\t\t\t        <\/a>\t\t\t\t        \t\t\t   \r\n\t\t\t\t\t<p>Schlauchboote von Quicksilver sind mehr als nur Boote, sie sind die perfekte Wahl, wenn Sie tragbare und erschwingliche Unterhaltung suchen.<\/p><a href=\"https:\/\/pharos.sk\/de\/services\/quicksilver-inflatable\/\" class=\"btn btn-xs\">Mehr sehen<\/a>\t\t\t\t        \t\r\n\t\t\t\t<\/article>\r\n\t\t\t<\/div>\r\n\t\t\t<\/div><div class=\"arrows\">\r\n\t\t\t\t<a href=\"#\" class=\"arrow-left fa fa-chevron-left\"><\/a>\r\n\t\t\t\t<a href=\"#\" class=\"arrow-right fa fa-chevron-right\"><\/a>\r\n\t\t\t<\/div><\/div><\/div><div class=\"es-resp\">\t<div class=\"visible-xl\" style=\"height: 90px;\"><\/div>\t<div class=\"hidden-xl hidden-md hidden-sm hidden-ms hidden-xs\" style=\"height: 90px;\"><\/div>\t<div class=\"visible-md\" style=\"height: 90px;\"><\/div>\t<div class=\"visible-sm\" style=\"height: 90px;\"><\/div>\t<div class=\"visible-ms\" style=\"height: 90px;\"><\/div>\t<div class=\"visible-xs\" style=\"height: 90px;\"><\/div><\/div><\/div><\/div><\/div><\/div><\/section><div class=\"vc_row-full-width vc_clearfix\"><\/div><section data-vc-full-width=\"true\" data-vc-full-width-init=\"false\" class=\"vc_section vc_custom_1545617337269 vc_section-has-fill bg-pos-center-center text-align-center-ms\"><\/section><div class=\"vc_row-full-width vc_clearfix\"><\/div><section data-vc-full-width=\"true\" data-vc-full-width-init=\"false\" class=\"vc_section vc_custom_1545611518248 bg-color-black\"><div class=\"vc_row wpb_row vc_row-fluid\"><div class=\"wpb_column vc_column_container vc_col-sm-12\"><div class=\"vc_column-inner\"><div class=\"wpb_wrapper\"><div class=\"ltx-partners ltx-hover-logos  layout-h2\" id=\"like_sc_header_1499811422\"><div class=\"row\">\r\n\t\t\t\t<div class=\"col-md-2  col-sm-4 col-ms-6 col-xs-6  partners-wrap  center-flex\" data-mh=\"ltx-partners\">\r\n\t\t\t\t\t<div class=\"partners-item item center-flex\"><a href=\"#\"><img src=\"https:\/\/pharos.sk\/wp-content\/uploads\/2022\/01\/mercury-logo-2-125x30.png\" class=\"image\" alt=\".\"><\/a><\/div>\r\n\t\t\t\t<\/div>\r\n\t\t\t\t<div class=\"col-md-2  col-sm-4 col-ms-6 col-xs-6  partners-wrap  center-flex\" data-mh=\"ltx-partners\">\r\n\t\t\t\t\t<div class=\"partners-item item center-flex\"><a href=\"#\"><img src=\"https:\/\/pharos.sk\/wp-content\/uploads\/2021\/12\/partner_2.jpg\" class=\"image\" alt=\".\"><\/a><\/div>\r\n\t\t\t\t<\/div>\r\n\t\t\t\t<div class=\"col-md-2  col-sm-4 col-ms-6 col-xs-6  partners-wrap  center-flex\" data-mh=\"ltx-partners\">\r\n\t\t\t\t\t<div class=\"partners-item item center-flex\"><a href=\"#\"><img src=\"https:\/\/pharos.sk\/wp-content\/uploads\/2021\/12\/partner_3-125x13.jpg\" class=\"image\" alt=\".\"><\/a><\/div>\r\n\t\t\t\t<\/div>\r\n\t\t\t\t<div class=\"col-md-2  col-sm-4 col-ms-6 col-xs-6  partners-wrap  center-flex\" data-mh=\"ltx-partners\">\r\n\t\t\t\t\t<div class=\"partners-item item center-flex\"><a href=\"#\"><img src=\"https:\/\/pharos.sk\/wp-content\/uploads\/2021\/12\/partner_4-125x31.jpg\" class=\"image\" alt=\".\"><\/a><\/div>\r\n\t\t\t\t<\/div>\r\n\t\t\t\t<div class=\"col-md-2  col-sm-4 col-ms-6 col-xs-6  partners-wrap  center-flex\" data-mh=\"ltx-partners\">\r\n\t\t\t\t\t<div class=\"partners-item item center-flex\"><a href=\"#\"><img src=\"https:\/\/pharos.sk\/wp-content\/uploads\/2021\/12\/partner_5.jpg\" class=\"image\" alt=\".\"><\/a><\/div>\r\n\t\t\t\t<\/div>\r\n\t\t\t\t<div class=\"col-md-2  col-sm-4 col-ms-6 col-xs-6  partners-wrap  center-flex\" data-mh=\"ltx-partners\">\r\n\t\t\t\t\t<div class=\"partners-item item center-flex\"><a href=\"#\"><img src=\"https:\/\/pharos.sk\/wp-content\/uploads\/2022\/01\/Logo-HR-21-125x40.png\" class=\"image\" alt=\".\"><\/a><\/div>\r\n\t\t\t\t<\/div><\/div><\/div><\/div><\/div><\/div><\/div><\/section><div class=\"vc_row-full-width vc_clearfix\"><\/div>","protected":false},"excerpt":{"rendered":"Quicksilver-Schlauchboote Quicksilver-Schlauchboote sind mehr als nur Boote, sie sind die perfekte Wahl, wenn Sie tragbare und erschwingliche Unterhaltung suchen. Die meisten Schlauchboote von Quicksilver lassen sich schnell zusammenbauen und montieren, und dank ihrer Tragbarkeit und Leichtbauweise passen sie problemlos in den Kofferraum eines Autos oder in ein Schlie\u00dffach auf einem Schiff. Egal, ob Sie ein Landboot oder ein leichtes, wendiges und erschwingliches Boot f\u00fcr Familienausfl\u00fcge am See oder am Strand ben\u00f6tigen, Quicksilver-Schlauchboote sind die richtige Wahl. Mit einer Vielzahl von verf\u00fcgbaren Gr\u00f6\u00dfen, B\u00f6den und Rumpfdesigns finden Sie sicher eines, das perfekt f\u00fcr jeden Einsatzzweck ist, den Sie im Sinn haben. Weitere Informationen unter quicksilver-inflatables.com","protected":false},"author":1,"featured_media":0,"parent":0,"menu_order":0,"comment_status":"closed","ping_status":"closed","template":"page-templates\/full-width.php","meta":[],"_links":{"self":[{"href":"https:\/\/pharos.sk\/de\/wp-json\/wp\/v2\/pages\/5151"}],"collection":[{"href":"https:\/\/pharos.sk\/de\/wp-json\/wp\/v2\/pages"}],"about":[{"href":"https:\/\/pharos.sk\/de\/wp-json\/wp\/v2\/types\/page"}],"author":[{"embeddable":true,"href":"https:\/\/pharos.sk\/de\/wp-json\/wp\/v2\/users\/1"}],"replies":[{"embeddable":true,"href":"https:\/\/pharos.sk\/de\/wp-json\/wp\/v2\/comments?post=5151"}],"version-history":[{"count":5,"href":"https:\/\/pharos.sk\/de\/wp-json\/wp\/v2\/pages\/5151\/revisions"}],"predecessor-version":[{"id":8375,"href":"https:\/\/pharos.sk\/de\/wp-json\/wp\/v2\/pages\/5151\/revisions\/8375"}],"wp:attachment":[{"href":"https:\/\/pharos.sk\/de\/wp-json\/wp\/v2\/media?parent=5151"}],"curies":[{"name":"wp","href":"https:\/\/api.w.org\/{rel}","templated":true}]}}