{"id":25,"date":"2017-05-17T20:05:52","date_gmt":"2017-05-17T20:05:52","guid":{"rendered":"https:\/\/pharos.sk\/?page_id=25"},"modified":"2025-05-28T09:33:08","modified_gmt":"2025-05-28T07:33:08","slug":"kontakt","status":"publish","type":"page","link":"https:\/\/pharos.sk\/de\/kontakt\/","title":{"rendered":"Kontakt"},"content":{"rendered":"<section data-vc-full-width=\"true\" data-vc-full-width-init=\"false\" class=\"vc_section\"><div class=\"vc_row wpb_row vc_row-fluid vc_row-o-content-top vc_row-flex\"><div class=\"wpb_column vc_column_container vc_col-sm-12 vc_col-lg-4 vc_col-md-6\"><div class=\"vc_column-inner\"><div class=\"wpb_wrapper\"><div class=\"heading  header-subheader align-left color-black subcolor-main transform-default theme-icon-second icon-type-hidden   vc_custom_1638475169221 heading-tag-h4\" id=\"like_sc_header_275736602\"><h4 class=\"header ltx-sr-id-like_sc_header_2757366021438125405 ltx-sr ltx-sr-effect-fade_in ltx-sr-el-block ltx-sr-delay-0 ltx-sr-duration-1000 ltx-sr-sequences-0\">PHAROS, sro<\/h4><\/div>\n\t<div class=\"wpb_text_column wpb_content_element\" >\n\t\t<div class=\"wpb_wrapper\">\n\t\t\t<p><strong>Gesch\u00e4ftsadresse:<\/strong><br \/>\nN\u00e1lepkova<br \/>\n900 46 Most pri Bratislave<\/p>\n<p><strong>Abrechnungsdaten:<\/strong><br \/>\nWei\u00dfrussisch 14<br \/>\n821 06 Bratislava<\/p>\n<p>ID: 36 286 265<br \/>\nSteuernummer: 2022145290<br \/>\nUmsatzsteuer-Identifikationsnummer: SK2022145290<br \/>\nHandelsregister: Okresn\u00fd s\u00fad Bratislava I.,<br \/>\nAbschnitt: Sro,<br \/>\nEinsatz-Nr.: 38922 \/ B<\/p>\n\n\t\t<\/div>\n\t<\/div>\n<\/div><\/div><\/div><div class=\"wpb_column vc_column_container vc_col-sm-12 vc_col-lg-4 vc_col-md-6 vc_col-has-fill\"><div class=\"vc_column-inner vc_custom_1518129269758\"><div class=\"wpb_wrapper\"><div class=\"heading  header-subheader align-left color-black subcolor-main transform-default theme-icon-second icon-type-hidden   vc_custom_1638475183195 heading-tag-h4\" id=\"like_sc_header_1644680228\"><h4 class=\"header ltx-sr-id-like_sc_header_16446802281736217052 ltx-sr ltx-sr-effect-fade_in ltx-sr-el-block ltx-sr-delay-0 ltx-sr-duration-1000 ltx-sr-sequences-0\">\u00d6ffnungszeiten<\/h4><\/div>\n\t<div class=\"wpb_text_column wpb_content_element\" >\n\t\t<div class=\"wpb_wrapper\">\n\t\t\t<p><span class=\"line-height-2\"><strong>Montag:<\/strong> 9:00 &#8211; 17:00<br \/>\n<strong>Dienstag:<\/strong> 9:00 &#8211; 17:00<br \/>\n<strong>Mittwoch:<\/strong> 9:00 &#8211; 17:00<br \/>\n<strong>Donnerstag:<\/strong> 9:00 &#8211; 17:00<br \/>\n<strong>Freitag:<\/strong> 9:00 &#8211; 17:00<br \/>\n<strong>Samstag:<\/strong> Abgeschlossen<br \/>\n<strong>Sonntag:<\/strong> Abgeschlossen<br \/>\n<\/span><\/p>\n\n\t\t<\/div>\n\t<\/div>\n\n\t<div class=\"wpb_text_column wpb_content_element\" >\n\t\t<div class=\"wpb_wrapper\">\n\t\t\t<p><strong>Handy, Mobiltelefon:<\/strong><br \/>\n+421 911 906 767 \u2013 servis<br \/>\n+421 903 717 878 - Service<br \/>\n+421 911 233 202 - Verkauf (SK-EN)<br \/>\n+421 903 460 347 \u2013 ekonomick\u00e9 oddelenie<\/p>\n<p><strong>Email:<\/strong><br \/>\n<a href=\"mailto:pharos@pharos.sk\">pharos@pharos.sk<\/a><\/p>\n\n\t\t<\/div>\n\t<\/div>\n<\/div><\/div><\/div><div class=\"wpb_column vc_column_container vc_col-sm-12 vc_col-lg-4 vc_col-md-12\"><div class=\"vc_column-inner\"><div class=\"wpb_wrapper\"><div class=\"es-resp\">\t<div class=\"visible-xl\" style=\"height: 0px;\"><\/div>\t<div class=\"hidden-xl hidden-md hidden-sm hidden-ms hidden-xs\" style=\"height: 0px;\"><\/div>\t<div class=\"visible-md\" style=\"height: 16px;\"><\/div>\t<div class=\"visible-sm\" style=\"height: 16px;\"><\/div>\t<div class=\"visible-ms\" style=\"height: 16px;\"><\/div>\t<div class=\"visible-xs\" style=\"height: 32px;\"><\/div><\/div><div class=\"ltx-contact-form-7 transform-default form-center form-gray form-bg-gray form-style-default form-btn-default form-btn-default form-padding-default    vc_custom_1526907539863\" id=\"like_sc_contact_form_7_1727413259\"><div role=\"form\" class=\"wpcf7\" id=\"wpcf7-f1555-o1\" lang=\"en-US\" dir=\"ltr\">\n<div class=\"screen-reader-response\"><p role=\"status\" aria-live=\"polite\" aria-atomic=\"true\"><\/p> <ul><\/ul><\/div>\n<form action=\"\/de\/wp-json\/wp\/v2\/pages\/25#wpcf7-f1555-o1\" method=\"post\" class=\"wpcf7-form init\" novalidate=\"novalidate\" data-status=\"init\" data-trp-original-action=\"\/de\/wp-json\/wp\/v2\/pages\/25#wpcf7-f1555-o1\">\n<div style=\"display: none;\">\n<input type=\"hidden\" name=\"_wpcf7\" value=\"1555\" \/>\n<input type=\"hidden\" name=\"_wpcf7_version\" value=\"5.5.3\" \/>\n<input type=\"hidden\" name=\"_wpcf7_locale\" value=\"en_US\" \/>\n<input type=\"hidden\" name=\"_wpcf7_unit_tag\" value=\"wpcf7-f1555-o1\" \/>\n<input type=\"hidden\" name=\"_wpcf7_container_post\" value=\"0\" \/>\n<input type=\"hidden\" name=\"_wpcf7_posted_data_hash\" value=\"\" \/>\n<\/div>\n<p><span class=\"wpcf7-form-control-wrap field-header\"><input type=\"text\" name=\"field-header\" value=\"\" size=\"40\" class=\"wpcf7-form-control wpcf7-text wpcf7-validates-as-required\" aria-required=\"true\" aria-invalid=\"false\" placeholder=\"Name\" \/><\/span><\/p>\n<p><span class=\"wpcf7-form-control-wrap email-432\"><input type=\"email\" name=\"email-432\" value=\"\" size=\"40\" class=\"wpcf7-form-control wpcf7-text wpcf7-email wpcf7-validates-as-email\" aria-invalid=\"false\" placeholder=\"Email\" \/><\/span><\/p>\n<p><span class=\"wpcf7-form-control-wrap field-header2\"><input type=\"tel\" name=\"field-header2\" value=\"\" size=\"40\" class=\"wpcf7-form-control wpcf7-text wpcf7-tel wpcf7-validates-as-required wpcf7-validates-as-tel\" aria-required=\"true\" aria-invalid=\"false\" placeholder=\"Telefon\" \/><\/span><\/p>\n<p><span class=\"wpcf7-form-control-wrap field-header-3\"><textarea name=\"field-header-3\" cols=\"40\" rows=\"10\" class=\"wpcf7-form-control wpcf7-textarea\" aria-invalid=\"false\" placeholder=\"Eine Nachricht\"><\/textarea><\/span><\/p>\n<div id=\"cf7sr-69ef527c4e1f5\" class=\"cf7sr-g-recaptcha\" data-sitekey=\"6LcwlykeAAAAACR9IWC9BhkXduiDWXeakfQveXn0\"><\/div><span class=\"wpcf7-form-control-wrap cf7sr-recaptcha\"><input type=\"hidden\" name=\"cf7sr-recaptcha\" value=\"\" class=\"wpcf7-form-control\"><\/span><\/p>\n<p><input type=\"submit\" value=\"Senden\" class=\"wpcf7-form-control has-spinner wpcf7-submit\" \/><\/p>\n<div class=\"wpcf7-response-output\" aria-hidden=\"true\"><\/div><input type=\"hidden\" name=\"trp-form-language\" value=\"de\"\/><\/form><\/div><\/div><\/div><\/div><\/div><\/div><div class=\"vc_row wpb_row vc_row-fluid\"><div class=\"wpb_column vc_column_container vc_col-sm-12\"><div class=\"vc_column-inner\"><div class=\"wpb_wrapper\"><div class=\"wpb_gmaps_widget wpb_content_element\"><div class=\"wpb_wrapper\"><div class=\"wpb_map_wraper\"><iframe src=\"https:\/\/www.google.com\/maps\/embed?pb=!1m14!1m8!1m3!1d3158.5418829076566!2d17.283532!3d48.134452!3m2!1i1024!2i768!4f13.1!3m3!1m2!1s0x476c88fa5fe33085%3A0xce6a18b2cf2dc179!2sPharos%20s.r.o.!5e1!3m2!1ssk!2ssk!4v1748329351436!5m2!1ssk!2ssk\" width=\"600\" height=\"450\" style=\"border:0;\" allowfullscreen=\"\" loading=\"lazy\" referrerpolicy=\"no-referrer-when-downgrade\"><\/iframe><\/div><\/div><\/div><div class=\"vc_empty_space\"   style=\"height: 72px\"><span class=\"vc_empty_space_inner\"><\/span><\/div><\/div><\/div><\/div><\/div><\/section><div class=\"vc_row-full-width vc_clearfix\"><\/div>","protected":false},"excerpt":{"rendered":"PHAROS, s.r.o. Adresa prev\u00e1dzky: N\u00e1lepkova 900 46 Most pri Bratislave Faktura\u010dn\u00e9 \u00fadaje: Bielorusk\u00e1 14 821 06 Bratislava I\u010cO:\u00a036 286 265 DI\u010c:\u00a02022145290 I\u010c DPH:\u00a0SK2022145290 Obchodn\u00fd register:\u00a0Okresn\u00fd s\u00fad Bratislava I., Oddiel:\u00a0Sro, Vlo\u017eka \u010d\u00edslo:\u00a038922\/B Otv\u00e1racie hodiny Pondelok: 9:00 - 17:00 Utorok: 9:00 - 17:00 Streda: 9:00 - 17:00 \u0160tvrtok: 9:00 - 17:00 Piatok: 9:00 - 17:00 Sobota: Zatvoren\u00e9 Nede\u013ea: Zatvoren\u00e9 Mobil: +421 911 906 767 \u2013 servis +421 903 717 878 \u2013 servis +421 911 233 202 \u2013 predaj (SK-EN) +421 903 460 347 \u2013 ekonomick\u00e9 oddelenie E-mail: pharos@pharos.sk","protected":false},"author":1,"featured_media":0,"parent":0,"menu_order":0,"comment_status":"closed","ping_status":"closed","template":"page-templates\/full-width.php","meta":[],"_links":{"self":[{"href":"https:\/\/pharos.sk\/de\/wp-json\/wp\/v2\/pages\/25"}],"collection":[{"href":"https:\/\/pharos.sk\/de\/wp-json\/wp\/v2\/pages"}],"about":[{"href":"https:\/\/pharos.sk\/de\/wp-json\/wp\/v2\/types\/page"}],"author":[{"embeddable":true,"href":"https:\/\/pharos.sk\/de\/wp-json\/wp\/v2\/users\/1"}],"replies":[{"embeddable":true,"href":"https:\/\/pharos.sk\/de\/wp-json\/wp\/v2\/comments?post=25"}],"version-history":[{"count":4,"href":"https:\/\/pharos.sk\/de\/wp-json\/wp\/v2\/pages\/25\/revisions"}],"predecessor-version":[{"id":8457,"href":"https:\/\/pharos.sk\/de\/wp-json\/wp\/v2\/pages\/25\/revisions\/8457"}],"wp:attachment":[{"href":"https:\/\/pharos.sk\/de\/wp-json\/wp\/v2\/media?parent=25"}],"curies":[{"name":"wp","href":"https:\/\/api.w.org\/{rel}","templated":true}]}}